{"id":48642,"date":"2019-06-19T14:03:19","date_gmt":"2019-06-19T18:03:19","guid":{"rendered":"https:\/\/www.simonssearchlight.org\/la-storia-di-justin\/"},"modified":"2019-06-19T14:03:19","modified_gmt":"2019-06-19T18:03:19","slug":"la-storia-di-justin","status":"publish","type":"page","link":"https:\/\/www.simonssearchlight.org\/it\/condividi-la-tua-storia-storie-anonime\/la-storia-di-justin\/","title":{"rendered":"La storia di Justin"},"content":{"rendered":"<h3 style=\"text-align: center;\">Da parte di: Tina, genitore di Justin, un ragazzo di 35 anni con un&#8217;alterazione genetica<\/h3>\n<p style=\"padding-left: 30px;\"><em>&#8220;La maggior parte delle condizioni \u00e8 costituita da ritardi e con un aiuto supplementare ci arriveranno&#8221;.<\/em><\/p>\n<h3>Qual \u00e8 il rapporto di vostro figlio con i fratelli e le sorelle?<\/h3>\n<p>Sono bambini molto diversi e non molto uniti. Il KGBer \u00e8 molto tranquillo e riservato.<\/p>\n<h3>Cosa fa la vostra famiglia per divertirsi?<\/h3>\n<p>I nostri ragazzi hanno entrambi praticato diversi sport, ma soprattutto il baseball.<\/p>\n<h3>Cosa fa sorridere il vostro bambino?<\/h3>\n<p>\u00c8 diventato un giovane uomo adorabile con una famiglia tutta sua.<\/p>\n<h3>Cosa la spinge a partecipare alla ricerca?<\/h3>\n<p>Per aiutare gli altri e mio nipote che ha ricevuto la diagnosi quest&#8217;anno.<\/p>\n<h3>In che modo ritiene di influire sulla comprensione dei cambiamenti genetici studiati in <span class=\"notranslate\">Simons Searchlight<\/span> (16p11.2, 1q21.1 o cambiamenti di singoli geni)?<\/h3>\n<p>Ottimo.<\/p>\n<h3>Che cosa avete imparato dalle altre famiglie sulla condizione di vostro figlio?<\/h3>\n<p>Poich\u00e9 l&#8217;ho scoperto solo quest&#8217;anno, ha risposto a tutte le mie preoccupazioni mentre cresceva.<\/p>\n<h3>Se potesse dare un consiglio a qualcuno a cui \u00e8 stata recentemente diagnosticata un&#8217;alterazione genetica nella sua famiglia, quale sarebbe?<\/h3>\n<p>La maggior parte delle condizioni \u00e8 costituita da ritardi e, con un aiuto supplementare, si riuscir\u00e0 ad arrivare a destinazione.<\/p>\n<h3>Qual \u00e8 la domanda a cui vorreste che i ricercatori potessero rispondere in merito al cambiamento genetico di vostro figlio?<\/h3>\n<p>Come ha fatto mio figlio ad averla mentre io e mio marito non ce l&#8217;abbiamo?<\/p>\n","protected":false},"excerpt":{"rendered":"<p>Da parte di: Tina, genitore di Justin, un ragazzo di 35 anni con un&#8217;alterazione genetica &#8220;La maggior parte delle condizioni \u00e8 costituita da ritardi e con un aiuto supplementare ci arriveranno&#8221;. Qual \u00e8 il rapporto di vostro figlio con i fratelli e le sorelle? Sono bambini molto diversi e non molto uniti. Il KGBer \u00e8 [&hellip;]<\/p>\n","protected":false},"author":13,"featured_media":0,"parent":48686,"menu_order":0,"comment_status":"closed","ping_status":"closed","template":"","meta":{"_acf_changed":false,"_relevanssi_hide_post":"","_relevanssi_hide_content":"","_relevanssi_pin_for_all":"","_relevanssi_pin_keywords":"","_relevanssi_unpin_keywords":"","_relevanssi_related_keywords":"","_relevanssi_related_include_ids":"","_relevanssi_related_exclude_ids":"","_relevanssi_related_no_append":"","_relevanssi_related_not_related":"","_relevanssi_related_posts":"","_relevanssi_noindex_reason":"","footnotes":""},"acf":[],"_links":{"self":[{"href":"https:\/\/www.simonssearchlight.org\/it\/wp-json\/wp\/v2\/pages\/48642"}],"collection":[{"href":"https:\/\/www.simonssearchlight.org\/it\/wp-json\/wp\/v2\/pages"}],"about":[{"href":"https:\/\/www.simonssearchlight.org\/it\/wp-json\/wp\/v2\/types\/page"}],"author":[{"embeddable":true,"href":"https:\/\/www.simonssearchlight.org\/it\/wp-json\/wp\/v2\/users\/13"}],"replies":[{"embeddable":true,"href":"https:\/\/www.simonssearchlight.org\/it\/wp-json\/wp\/v2\/comments?post=48642"}],"version-history":[{"count":0,"href":"https:\/\/www.simonssearchlight.org\/it\/wp-json\/wp\/v2\/pages\/48642\/revisions"}],"up":[{"embeddable":true,"href":"https:\/\/www.simonssearchlight.org\/it\/wp-json\/wp\/v2\/pages\/48686"}],"wp:attachment":[{"href":"https:\/\/www.simonssearchlight.org\/it\/wp-json\/wp\/v2\/media?parent=48642"}],"curies":[{"name":"wp","href":"https:\/\/api.w.org\/{rel}","templated":true}]}}