{"id":48640,"date":"2019-06-18T09:50:33","date_gmt":"2019-06-18T13:50:33","guid":{"rendered":"https:\/\/www.simonssearchlight.org\/la-storia-di-marvin\/"},"modified":"2019-06-18T09:50:33","modified_gmt":"2019-06-18T13:50:33","slug":"la-storia-di-marvin","status":"publish","type":"page","link":"https:\/\/www.simonssearchlight.org\/it\/processo-di-ricerca\/i-disturbi-genetici-che-studiamo\/kmt2e\/la-storia-di-marvin\/","title":{"rendered":"La storia di Marvin"},"content":{"rendered":"<h3><\/h3>\n<h3 style=\"text-align: center;\"><img loading=\"lazy\" decoding=\"async\" class=\"size-medium wp-image-5279 aligncenter\" src=\"https:\/\/cdn.simonssearchlight.org\/wp-content\/uploads\/2019\/06\/18054810\/Marvin-225x300.jpeg\" alt=\"\" width=\"225\" height=\"300\" srcset=\"https:\/\/cdn.simonssearchlight.org\/wp-content\/uploads\/2019\/06\/18054810\/Marvin-225x300.jpeg 225w, https:\/\/cdn.simonssearchlight.org\/wp-content\/uploads\/2019\/06\/18054810\/Marvin-768x1022.jpeg 768w, https:\/\/cdn.simonssearchlight.org\/wp-content\/uploads\/2019\/06\/18054810\/Marvin-769x1024.jpeg 769w\" sizes=\"(max-width: 225px) 100vw, 225px\" \/><span style=\"font-size: 23px; font-weight: 300;\">Da parte di: Amy, genitore di Marvin, un bambino di 11 anni con una KMT2E <\/span><span style=\"font-size: 23px; font-weight: 300;\">cambiamento genetico<\/span><\/h3>\n<p style=\"padding-left: 30px; text-align: center;\"><em>&#8220;Abbracciate l&#8217;unicit\u00e0&#8221;.<\/em><\/p>\n<h3>Qual \u00e8 il rapporto di vostro figlio con i fratelli e le sorelle?<\/h3>\n<p>Mio figlio \u00e8 il pi\u00f9 grande dei nostri due figli adottivi.<\/p>\n<h3>Cosa fa la vostra famiglia per divertirsi?<\/h3>\n<p>Ci piace andare al King&#8217;s Dominion, al museo della scienza, leggere e guardare film.<\/p>\n<h3>Ci parli della difficolt\u00e0 pi\u00f9 grande che la sua famiglia deve affrontare.<\/h3>\n<p>In questo momento la mia figlia pi\u00f9 giovane \u00e8 in hospice.<\/p>\n<h3>Cosa fa sorridere il vostro bambino?<\/h3>\n<p>Il suo senso dell&#8217;umorismo.<\/p>\n<h3>Cosa la spinge a partecipare alla ricerca?<\/h3>\n<p>Spero che possiamo aiutare altre famiglie.<\/p>\n<h3>In che modo ritiene di influire sulla comprensione dei cambiamenti genetici studiati in <span class=\"notranslate\">Simons Searchlight<\/span> (16p11.2, 1q21.1 o cambiamenti di singoli geni)?<\/h3>\n<p>Spero che stiamo portando consapevolezza alla KMT2E.<\/p>\n<h3>Che cosa avete imparato dalle altre famiglie sulla condizione di vostro figlio?<\/h3>\n<p>Che abbiamo molte somiglianze.<\/p>\n<h3>Se potesse dare un consiglio a qualcuno a cui \u00e8 stata recentemente diagnosticata un&#8217;alterazione genetica nella sua famiglia, quale sarebbe?<\/h3>\n<p>Abbracciate l&#8217;unicit\u00e0.<\/p>\n<h3>Qual \u00e8 la domanda a cui vorreste che i ricercatori potessero rispondere in merito al cambiamento genetico di vostro figlio?<\/h3>\n<p>COSA FA QUESTA MUTAZIONE GENETICA?!?!<\/p>\n<p>&nbsp;<\/p>\n","protected":false},"excerpt":{"rendered":"<p>Da parte di: Amy, genitore di Marvin, un bambino di 11 anni con una KMT2E cambiamento genetico &#8220;Abbracciate l&#8217;unicit\u00e0&#8221;. Qual \u00e8 il rapporto di vostro figlio con i fratelli e le sorelle? Mio figlio \u00e8 il pi\u00f9 grande dei nostri due figli adottivi. Cosa fa la vostra famiglia per divertirsi? Ci piace andare al King&#8217;s [&hellip;]<\/p>\n","protected":false},"author":13,"featured_media":0,"parent":49618,"menu_order":0,"comment_status":"closed","ping_status":"closed","template":"","meta":{"_acf_changed":false,"_relevanssi_hide_post":"","_relevanssi_hide_content":"","_relevanssi_pin_for_all":"","_relevanssi_pin_keywords":"","_relevanssi_unpin_keywords":"","_relevanssi_related_keywords":"","_relevanssi_related_include_ids":"","_relevanssi_related_exclude_ids":"","_relevanssi_related_no_append":"","_relevanssi_related_not_related":"","_relevanssi_related_posts":"","_relevanssi_noindex_reason":"","footnotes":""},"acf":[],"_links":{"self":[{"href":"https:\/\/www.simonssearchlight.org\/it\/wp-json\/wp\/v2\/pages\/48640"}],"collection":[{"href":"https:\/\/www.simonssearchlight.org\/it\/wp-json\/wp\/v2\/pages"}],"about":[{"href":"https:\/\/www.simonssearchlight.org\/it\/wp-json\/wp\/v2\/types\/page"}],"author":[{"embeddable":true,"href":"https:\/\/www.simonssearchlight.org\/it\/wp-json\/wp\/v2\/users\/13"}],"replies":[{"embeddable":true,"href":"https:\/\/www.simonssearchlight.org\/it\/wp-json\/wp\/v2\/comments?post=48640"}],"version-history":[{"count":0,"href":"https:\/\/www.simonssearchlight.org\/it\/wp-json\/wp\/v2\/pages\/48640\/revisions"}],"up":[{"embeddable":true,"href":"https:\/\/www.simonssearchlight.org\/it\/wp-json\/wp\/v2\/pages\/49618"}],"wp:attachment":[{"href":"https:\/\/www.simonssearchlight.org\/it\/wp-json\/wp\/v2\/media?parent=48640"}],"curies":[{"name":"wp","href":"https:\/\/api.w.org\/{rel}","templated":true}]}}