{"id":48470,"date":"2019-05-20T16:27:15","date_gmt":"2019-05-20T20:27:15","guid":{"rendered":"https:\/\/www.simonssearchlight.org\/domande-sulla-transizione-da-simons-vip-a-simons-searchlight\/"},"modified":"2019-05-20T16:27:15","modified_gmt":"2019-05-20T20:27:15","slug":"domande-sulla-transizione-da-simons-vip-a-simons-searchlight","status":"publish","type":"page","link":"https:\/\/www.simonssearchlight.org\/it\/domande-sulla-transizione-da-simons-vip-a-simons-searchlight\/","title":{"rendered":"Domande sulla transizione da Simons VIP a Simons Searchlight"},"content":{"rendered":"<ol>\n<li><strong>Cosa sta succedendo?<\/strong><\/li>\n<\/ol>\n<p style=\"padding-left: 30px;\">Il Simons Variation in Individuals Project (Simons VIP) sta cambiando nome e aggiornando il suo sito web per migliorare l&#8217;esperienza dei partecipanti, creare dati migliori per i ricercatori e contribuire a far progredire la comprensione delle condizioni rare che studiamo.<\/p>\n<ol start=\"2\">\n<li><strong>Perch\u00e9 sta accadendo?<\/strong><\/li>\n<\/ol>\n<p style=\"padding-left: 30px;\">Ci sono sempre cose che vogliamo migliorare per i partecipanti. Oltre ad aggiornare il nostro nome e il nostro sito web, aggiungeremo altre lingue, consentendoci di includere un numero ancora maggiore di partecipanti.<\/p>\n<ol start=\"3\">\n<li><strong>Quali sono i prossimi passi?<\/strong><\/li>\n<\/ol>\n<p style=\"padding-left: 30px;\">Se siete gi\u00e0 iscritti a Simons VIP, riceverete un&#8217;e-mail con un link per reimpostare la password. In questo modo si accede alla pagina di iscrizione al nuovo sito web. Una volta fatto, saremo in grado di collegarci a tutti i dati che ci avete fornito in precedenza. Potremmo farvi alcune domande per verificare i vostri dati, ma per il resto siete a posto! Continuate a partecipare come avete sempre fatto. Se non siete ancora entrati a far parte di Simons VIP, potete registrarvi sul nostro nuovo sito web. Firmerai un modulo di consenso e parteciperai allo stesso modo di tutti i partecipanti esistenti.<\/p>\n<ol start=\"4\">\n<li><strong>Cosa significa per me?<\/strong><\/li>\n<\/ol>\n<p style=\"padding-left: 30px;\">Ci\u00f2 significa una migliore esperienza d&#8217;uso, un processo di iscrizione pi\u00f9 semplice, un maggior numero di partecipanti con il cambiamento genetico vostro o della vostra famiglia e un maggiore accesso alla ricerca! Ma siete ancora nello stesso studio. Ha solo un nuovo look.<\/p>\n<ol start=\"5\">\n<li><strong>Il rapporto tra il mio gruppo genetico e Simons VIP\/<span class=\"notranslate\">Simons Searchlight<\/span> ne risentir\u00e0?<\/strong><\/li>\n<\/ol>\n<p style=\"padding-left: 30px;\">Non lo far\u00e0. Poich\u00e9 siamo sempre lo stesso studio, potete aspettarvi lo stesso rapporto tra il vostro gruppo genetico e <span class=\"notranslate\">Simons Searchlight<\/span>. Avremo anche alcune risorse nuove e rinnovate da condividere con i membri della vostra comunit\u00e0, comprese ulteriori informazioni sul vostro gene.<\/p>\n<ol start=\"6\">\n<li><strong>Lavoro ancora con lo stesso team?<\/strong><\/li>\n<\/ol>\n<p style=\"padding-left: 30px;\">S\u00ec! L&#8217;intero team \u00e8 ancora qui e pronto ad aiutarvi come pu\u00f2! \u00c8 possibile contattare i coordinatori attraverso il nostro nuovo indirizzo e-mail: <a href=\"mailto:coordinator@SimonsSearchlight.org\">coordinator@SimonsSearchlight.org.<\/a> Se non avete il nuovo indirizzo e-mail a portata di mano quando avete bisogno di noi, anche il nostro vecchio indirizzo e-mail sar\u00e0 ancora attivo, quindi ci sono molti modi per mettersi in contatto con noi.<\/p>\n<ol start=\"7\">\n<li><strong>Cosa succede alle mie informazioni personali?<\/strong><\/li>\n<\/ol>\n<p style=\"padding-left: 30px;\">Le vostre informazioni personali non vengono condivise con nessun altro. Siamo ancora lo stesso team e il nostro nuovo sito web \u00e8 gestito da un partner di lunga data che ha gi\u00e0 lavorato con lo studio.<\/p>\n<ol start=\"8\">\n<li><strong>Come si accede?<\/strong><\/li>\n<\/ol>\n<p style=\"padding-left: 30px;\">Se state accedendo a <span class=\"notranslate\">Simons Searchlight<\/span> per la prima volta, andate all&#8217;e-mail che vi abbiamo inviato con il link per impostare la nuova password. L&#8217;oggetto era &#8220;<em>Importanti modifiche a Simons VIP &#8211; leggere le istruzioni per l&#8217;accesso<\/em>&#8221; Una volta cliccato su questo link e impostata la nuova password, si accede al sito. In futuro, sar\u00e0 possibile accedere al sito SimonsSearchlight.org\/login.<\/p>\n<ol start=\"9\">\n<li><strong>Come si completano i sondaggi?  <\/strong><\/li>\n<\/ol>\n<p style=\"padding-left: 30px;\">Una volta effettuato l&#8217;accesso al proprio account, si vedranno tutti i sondaggi in sospeso sotto la voce &#8220;Elenco attivit\u00e0&#8221;. Se siete il titolare dell&#8217;account dei vostri figli, vedrete le indagini in sospeso per loro sotto i loro nomi e gli elenchi di attivit\u00e0. Per accedere all&#8217;indagine, accanto al titolo dell&#8217;indagine, fare clic su &#8220;Inizia attivit\u00e0&#8221;.<\/p>\n<ol start=\"10\">\n<li><strong>Devo registrarmi nuovamente?<\/strong><\/li>\n<\/ol>\n<p style=\"padding-left: 30px;\">No, non \u00e8 necessario registrarsi nuovamente. Abbiamo spostato tutte le vostre informazioni per rendere il processo il pi\u00f9 semplice possibile. Tutto ci\u00f2 che vi chiediamo \u00e8 di fare clic sul link contenuto nell&#8217;e-mail che vi inviamo. In questo modo si collegheranno le informazioni gi\u00e0 fornite con quelle che verranno inserite nel nuovo sito web.<\/p>\n<ol start=\"11\">\n<li><strong>Se \u00e8 gi\u00e0 stata fissata una telefonata per un colloquio di anamnesi, \u00e8 necessario riprogrammarla?<\/strong><\/li>\n<\/ol>\n<p style=\"padding-left: 30px;\">No. Poich\u00e9 si tratta sempre dello stesso progetto di ricerca con gli stessi membri dello staff, la vostra partecipazione non sar\u00e0 interrotta. Se nella dashboard sono presenti sondaggi, sar\u00e0 possibile completarli non appena verr\u00e0 impostata la nuova password. Anche i colloqui telefonici programmati saranno conservati.<\/p>\n<ol start=\"12\">\n<li><strong>Cosa succede se ho dimenticato il mio indirizzo e-mail?<\/strong><\/li>\n<\/ol>\n<p style=\"padding-left: 30px;\">Se avete pi\u00f9 indirizzi e-mail, assicuratevi di controllarli tutti. Vi abbiamo inviato un&#8217;e-mail all&#8217;indirizzo di posta elettronica con cui vi siete registrati. Il messaggio include istruzioni e un link per impostare la nuova password. Se non siete ancora sicuri, potete inviare un&#8217;e-mail a coordinator@SimonSearchlight.org e chiedere a un coordinatore di controllare per voi.<\/p>\n<ol start=\"13\">\n<li><strong>Cosa accadr\u00e0 poco prima del passaggio da SimonsVIPConnect.org a SimonsSearchlight.org?<\/strong><\/li>\n<\/ol>\n<p style=\"padding-left: 30px;\">Una settimana prima del lancio di SimonsSearchlight.org, invieremo un messaggio a tutti gli attuali partecipanti per informarli che il nuovo sito web \u00e8 in arrivo. Da quel momento fino al lancio, non potranno accedere al loro cruscotto VIP Simons n\u00e9 completare i sondaggi. Se vanno su SimonsVIPConnect.org, vedranno un cartello &#8220;in costruzione&#8221;. Questo ritardo nel periodo di transizione di una settimana consentir\u00e0 al nostro team di studio di trasferire tutte le informazioni al nuovo sistema. Eseguiranno anche controlli di qualit\u00e0 per assicurarsi che il nuovo sito sia il pi\u00f9 facile possibile da usare.<\/p>\n<ol start=\"14\">\n<li><strong>Quando la nostra organizzazione familiare pu\u00f2 aggiornare il vostro URL e il vostro logo sul nostro sito e sui nostri canali di social media?<\/strong><\/li>\n<\/ol>\n<p style=\"padding-left: 30px;\">Durante il periodo di transizione di una settimana, vi invieremo il nuovo URL e il logo del vostro sito. Non preoccupatevi se non riuscite ad aggiornare tutto prima del lancio. Il nostro vecchio URL verr\u00e0 reindirizzato al nuovo URL.<\/p>\n<ol start=\"15\">\n<li><strong>Posso avere maggiori informazioni da qualcuno?<\/strong><\/li>\n<\/ol>\n<p style=\"padding-left: 30px;\">Nessun problema. \u00c8 possibile inviare un&#8217;e-mail all&#8217;indirizzo coordinator@SimonSearchlight.org o telefonare al nostro numero verde, 855-329-5638, tra le 8.00 e le 16.00, ora della costa orientale, per parlare direttamente con un coordinatore dello studio.<\/p>\n","protected":false},"excerpt":{"rendered":"<p>Cosa sta succedendo? Il Simons Variation in Individuals Project (Simons VIP) sta cambiando nome e aggiornando il suo sito web per migliorare l&#8217;esperienza dei partecipanti, creare dati migliori per i ricercatori e contribuire a far progredire la comprensione delle condizioni rare che studiamo. Perch\u00e9 sta accadendo? Ci sono sempre cose che vogliamo migliorare per i [&hellip;]<\/p>\n","protected":false},"author":6,"featured_media":0,"parent":0,"menu_order":0,"comment_status":"closed","ping_status":"closed","template":"","meta":{"_acf_changed":false,"_relevanssi_hide_post":"","_relevanssi_hide_content":"","_relevanssi_pin_for_all":"","_relevanssi_pin_keywords":"","_relevanssi_unpin_keywords":"","_relevanssi_related_keywords":"","_relevanssi_related_include_ids":"","_relevanssi_related_exclude_ids":"","_relevanssi_related_no_append":"","_relevanssi_related_not_related":"","_relevanssi_related_posts":"","_relevanssi_noindex_reason":"","footnotes":""},"acf":[],"_links":{"self":[{"href":"https:\/\/www.simonssearchlight.org\/it\/wp-json\/wp\/v2\/pages\/48470"}],"collection":[{"href":"https:\/\/www.simonssearchlight.org\/it\/wp-json\/wp\/v2\/pages"}],"about":[{"href":"https:\/\/www.simonssearchlight.org\/it\/wp-json\/wp\/v2\/types\/page"}],"author":[{"embeddable":true,"href":"https:\/\/www.simonssearchlight.org\/it\/wp-json\/wp\/v2\/users\/6"}],"replies":[{"embeddable":true,"href":"https:\/\/www.simonssearchlight.org\/it\/wp-json\/wp\/v2\/comments?post=48470"}],"version-history":[{"count":0,"href":"https:\/\/www.simonssearchlight.org\/it\/wp-json\/wp\/v2\/pages\/48470\/revisions"}],"wp:attachment":[{"href":"https:\/\/www.simonssearchlight.org\/it\/wp-json\/wp\/v2\/media?parent=48470"}],"curies":[{"name":"wp","href":"https:\/\/api.w.org\/{rel}","templated":true}]}}