{"id":48439,"date":"2018-10-31T15:43:50","date_gmt":"2018-10-31T19:43:50","guid":{"rendered":"https:\/\/www.simonssearchlight.org\/circa\/"},"modified":"2018-10-31T15:43:50","modified_gmt":"2018-10-31T19:43:50","slug":"circa","status":"publish","type":"page","link":"https:\/\/www.simonssearchlight.org\/it\/circa\/","title":{"rendered":"Circa"},"content":{"rendered":"<p><span class=\"notranslate\">Simons Searchlight<\/span> \u00e8 alla ricerca di un&#8217;accelerazione della scienza genetica dell&#8217;autismo e dei disturbi correlati. Vogliamo pi\u00f9 risposte. Vogliamo pi\u00f9 progressi.<\/p>\n\n<p>Siamo una partnership di scienziati, ricercatori e famiglie di primo piano. <span class=\"notranslate\">Simons Searchlight<\/span> ritiene che l&#8217;unico modo per fare <strong>progressi significativi<\/strong> sia farlo insieme. Le famiglie conoscono i passi compiuti nel loro percorso e come le loro vite sono state influenzate. Gli scienziati sanno come trasformare queste conoscenze in ricerche all&#8217;avanguardia.<\/p>\n<p>Insieme, faremo progredire la scienza.<\/p>\n<p><img loading=\"lazy\" decoding=\"async\" src=\"http:\/\/searchlight.site:8888\/wp-content\/uploads\/2018\/11\/blog3-300x200.jpg\" alt=\"\" width=\"300\" height=\"200\" class=\"alignright size-medium wp-image-46\" srcset=\"https:\/\/cdn.simonssearchlight.org\/wp-content\/uploads\/2018\/11\/09053836\/blog3-300x200.jpg 300w, https:\/\/cdn.simonssearchlight.org\/wp-content\/uploads\/2018\/11\/09053836\/blog3.jpg 500w\" sizes=\"(max-width: 300px) 100vw, 300px\" \/>Le condizioni che studiamo possono essere <strong>estremamente rare<\/strong>. Ma quando ci uniamo, possono accadere cose incredibili. Emergono intuizioni e modelli. Le comunit\u00e0 si formano. Le condizioni una volta isolate diventano importanti e rilevanti.<\/p>\n<p>E quando troviamo le risposte, quando raccogliamo i dati, crediamo che sia di fondamentale importanza essere aperti. Per <strong>condividere i risultati<\/strong> con voi. E invitare i ricercatori di fama mondiale a esplorare ulteriormente. Pi\u00f9 menti studiano questi cambiamenti genetici, pi\u00f9 siamo in grado di <strong>fornirvi<\/strong> conoscenze.<\/p>\n<p>Insieme, avremo successo.<\/p>\n\n<h2>Questa \u00e8 un&#8217;intestazione H2<\/h2>\n<p>Lorem ipsum dolor sit amet, consectetur adipiscing elit. <a href=\"#\">Integer et ornare diam<\/a>. Quisque vel maximus dui. Morbi molestie ex diam, <em>tempor egestas mi ullamcorper vitae<\/em>. Nunc eu cursus sem. Pellentesque suscipit et arcu ac ullamcorper.<\/p>\n<ul>\n<li>Aenean elit diam, blandit in fermentum quis, venenatis ac massa.<\/li>\n<li>Vestibulum venenatis quam lorem, eu vehicula lacus dapibus a. Proin a massa facilisis, porta mauris eu, hendrerit ex.<\/li>\n<li>Praesent <strong>a vulputate risus<\/strong>, non elementum ante. Morbi finibus euismod malesuada. Nulla eu ante nec augue imperdiet posuere.<\/li>\n<li>Aenean elit diam, blandit in fermentum quis, <em>venenatis ac massa<\/em>. Vestibulum venenatis quam lorem, eu vehicula lacus dapibus a.<\/li>\n<\/ul>\n<h3>Si tratta di un titolo H3<\/h3>\n<p>Vivamus eget libero a sapien fermentum eleifend nec a mi. Maecenas gravida, enim at dictum bibendum, neque enim mattis est, eu semper nibh ex eget erat.<\/p>\n<blockquote><p>Questa \u00e8 una citazione. Aliquam cursus justo non accumsan molestie. Fusce sit amet gravida lectus. Ujusto non accumsan molestie. Fusce sit amet gravida lectus.<\/p><\/blockquote>\n<p>Aliquam cursus justo non accumsan molestie. Fusce sit amet gravida lectus. Suspendisse euismod elit mi, ut sollicitudin mauris laoreet quis.<\/p>\n<ol>\n<li>Fusce sit amet gravida<\/li>\n<li>Vestibulum in sollicitudin lorem<\/li>\n<li>Donec congue nisl vitae lacus <a href=\"#\">aliquam consequat<\/a><\/li>\n<\/ol>\n<h4>Questa \u00e8 una voce H4<\/h4>\n<p>Donec scelerisque a enim quis semper. Donec facilisis fringilla consectetur. Fusce consequat elit sed varius cursus. Vestibulum in sollicitudin lorem. Donec congue nisl vitae lacus aliquam consequat. Cras lobortis massa sed mauris venenatis sollicitudin.<\/p>\n","protected":false},"excerpt":{"rendered":"<p>Simons Searchlight \u00e8 alla ricerca di un&#8217;accelerazione della scienza genetica dell&#8217;autismo e dei disturbi correlati. Vogliamo pi\u00f9 risposte. Vogliamo pi\u00f9 progressi. Siamo una partnership di scienziati, ricercatori e famiglie di primo piano. Simons Searchlight ritiene che l&#8217;unico modo per fare progressi significativi sia farlo insieme. Le famiglie conoscono i passi compiuti nel loro percorso e [&hellip;]<\/p>\n","protected":false},"author":18,"featured_media":0,"parent":0,"menu_order":0,"comment_status":"closed","ping_status":"closed","template":"","meta":{"_acf_changed":false,"_relevanssi_hide_post":"","_relevanssi_hide_content":"","_relevanssi_pin_for_all":"","_relevanssi_pin_keywords":"","_relevanssi_unpin_keywords":"","_relevanssi_related_keywords":"","_relevanssi_related_include_ids":"","_relevanssi_related_exclude_ids":"","_relevanssi_related_no_append":"","_relevanssi_related_not_related":"","_relevanssi_related_posts":"","_relevanssi_noindex_reason":"","footnotes":""},"acf":[],"_links":{"self":[{"href":"https:\/\/www.simonssearchlight.org\/it\/wp-json\/wp\/v2\/pages\/48439"}],"collection":[{"href":"https:\/\/www.simonssearchlight.org\/it\/wp-json\/wp\/v2\/pages"}],"about":[{"href":"https:\/\/www.simonssearchlight.org\/it\/wp-json\/wp\/v2\/types\/page"}],"author":[{"embeddable":true,"href":"https:\/\/www.simonssearchlight.org\/it\/wp-json\/wp\/v2\/users\/18"}],"replies":[{"embeddable":true,"href":"https:\/\/www.simonssearchlight.org\/it\/wp-json\/wp\/v2\/comments?post=48439"}],"version-history":[{"count":0,"href":"https:\/\/www.simonssearchlight.org\/it\/wp-json\/wp\/v2\/pages\/48439\/revisions"}],"wp:attachment":[{"href":"https:\/\/www.simonssearchlight.org\/it\/wp-json\/wp\/v2\/media?parent=48439"}],"curies":[{"name":"wp","href":"https:\/\/api.w.org\/{rel}","templated":true}]}}