{"id":73741,"date":"2024-06-21T16:59:48","date_gmt":"2024-06-21T20:59:48","guid":{"rendered":"https:\/\/www.simonssearchlight.org\/processus-de-recherche\/les-maladies-genetiques-que-nous-etudions\/fbxo11-2\/"},"modified":"2024-06-21T16:59:48","modified_gmt":"2024-06-21T20:59:48","slug":"fbxo11-2","status":"publish","type":"page","link":"https:\/\/www.simonssearchlight.org\/fr\/processus-de-recherche\/les-maladies-genetiques-que-nous-etudions\/fbxo11-2\/","title":{"rendered":"FBXO11"},"content":{"rendered":"<p><span style=\"font-weight: 400;\">A continuaci\u00f3n se presenta un resumen del <\/span><b>FBXO11<\/b><span style=\"font-weight: 400;\">  observados en las publicaciones de investigaci\u00f3n. Il ne s&#8217;agit pas de remplacer l&#8217;avis m\u00e9dical. <\/span><\/p>\n<p><a href=\"https:\/\/www.simonssearchlight.org\/fr\/gene-guide\/syndrome-lie-a-fbxo11\/\" target=\"_blank\" rel=\"noopener\"><strong>Cliquez ici pour consulter le guide complet du g\u00e8ne FBXO11<\/strong><\/a><\/p>\n<p><span style=\"font-weight: 400;\">Le guide g\u00e9n\u00e9tique en ligne contient de plus amples informations sur le FBXO11, comme la probabilit\u00e9 d&#8217;avoir un autre enfant atteint de cette maladie, les probl\u00e8mes de comportement et de d\u00e9veloppement li\u00e9s au syndrome FBXO11 et les sp\u00e9cialistes qui doivent tenir compte des personnes atteintes de cette maladie. Partagez ce r\u00e9capitulatif avec les membres de votre famille ou avec vos soignants. <\/span><\/p>\n<p> <strong><br \/>\n  <span class=\"notranslate\">S\u00edndrome li\u00e9 \u00e0 FBXO11<\/span><br \/>\n<\/strong><span style=\"font-weight: 400;\"> se d\u00e9nomme tambi\u00e9n <\/span><strong>trastorno del desarrollo intelectual con facies dism\u00f3rfica y anomal\u00edas del comportamiento (IDDFBA)<\/strong><span style=\"font-weight: 400;\">.<\/span> <span style=\"font-weight: 400;\">Dans cette page web, nous utilisons le nombre <\/span><strong><br \/>\n  <span class=\"notranslate\">syndrome li\u00e9 \u00e0 FBXO11<\/span><br \/>\n<\/strong><span style=\"font-weight: 400;\"> pour englober la vaste gamme de variantes observ\u00e9es chez les personnes identifi\u00e9es.<\/span><\/p>\n","protected":false},"excerpt":{"rendered":"<p>A continuaci\u00f3n se presenta un resumen del FBXO11 observados en las publicaciones de investigaci\u00f3n. Il ne s&#8217;agit pas de remplacer l&#8217;avis m\u00e9dical. Cliquez ici pour consulter le guide complet du g\u00e8ne FBXO11 Le guide g\u00e9n\u00e9tique en ligne contient de plus amples informations sur le FBXO11, comme la probabilit\u00e9 d&#8217;avoir un autre enfant atteint de cette [&hellip;]<\/p>\n","protected":false},"author":28,"featured_media":0,"parent":38035,"menu_order":0,"comment_status":"closed","ping_status":"closed","template":"page-gene-card.php","meta":{"_acf_changed":false,"_relevanssi_hide_post":"","_relevanssi_hide_content":"","_relevanssi_pin_for_all":"","_relevanssi_pin_keywords":"","_relevanssi_unpin_keywords":"","_relevanssi_related_keywords":"","_relevanssi_related_include_ids":"","_relevanssi_related_exclude_ids":"","_relevanssi_related_no_append":"","_relevanssi_related_not_related":"","_relevanssi_related_posts":"","_relevanssi_noindex_reason":"","footnotes":""},"acf":[],"_links":{"self":[{"href":"https:\/\/www.simonssearchlight.org\/fr\/wp-json\/wp\/v2\/pages\/73741"}],"collection":[{"href":"https:\/\/www.simonssearchlight.org\/fr\/wp-json\/wp\/v2\/pages"}],"about":[{"href":"https:\/\/www.simonssearchlight.org\/fr\/wp-json\/wp\/v2\/types\/page"}],"author":[{"embeddable":true,"href":"https:\/\/www.simonssearchlight.org\/fr\/wp-json\/wp\/v2\/users\/28"}],"replies":[{"embeddable":true,"href":"https:\/\/www.simonssearchlight.org\/fr\/wp-json\/wp\/v2\/comments?post=73741"}],"version-history":[{"count":0,"href":"https:\/\/www.simonssearchlight.org\/fr\/wp-json\/wp\/v2\/pages\/73741\/revisions"}],"up":[{"embeddable":true,"href":"https:\/\/www.simonssearchlight.org\/fr\/wp-json\/wp\/v2\/pages\/38035"}],"wp:attachment":[{"href":"https:\/\/www.simonssearchlight.org\/fr\/wp-json\/wp\/v2\/media?parent=73741"}],"curies":[{"name":"wp","href":"https:\/\/api.w.org\/{rel}","templated":true}]}}