{"id":73601,"date":"2025-11-13T16:29:40","date_gmt":"2025-11-13T21:29:40","guid":{"rendered":"https:\/\/www.simonssearchlight.org\/15-ans-de-simons-searchlight-celebration-des-familles-de-la-recherche-et-du-progres\/"},"modified":"2025-12-02T11:46:00","modified_gmt":"2025-12-02T16:46:00","slug":"15-ans-de-simons-searchlight-celebration-des-familles-de-la-recherche-et-du-progres","status":"publish","type":"page","link":"https:\/\/www.simonssearchlight.org\/fr\/15-ans-de-simons-searchlight-celebration-des-familles-de-la-recherche-et-du-progres\/","title":{"rendered":"15 ans de Simons Searchlight : C\u00e9l\u00e9bration des familles, de la recherche et du progr\u00e8s"},"content":{"rendered":"<h4><\/h4>\n<h4><img loading=\"lazy\" decoding=\"async\" class=\"alignnone wp-image-59301 size-large\" src=\"https:\/\/www.simonssearchlight.org\/wp-content\/uploads\/2025\/01\/Screenshot-2025-01-29-at-11.40.18%E2%80%AFAM-1024x548.png\" alt=\"\" width=\"1024\" height=\"548\" srcset=\"https:\/\/cdn.simonssearchlight.org\/wp-content\/uploads\/2025\/01\/29122637\/Screenshot-2025-01-29-at-11.40.18%E2%80%AFAM-1024x548.png 1024w, https:\/\/cdn.simonssearchlight.org\/wp-content\/uploads\/2025\/01\/29122637\/Screenshot-2025-01-29-at-11.40.18%E2%80%AFAM-300x160.png 300w, https:\/\/cdn.simonssearchlight.org\/wp-content\/uploads\/2025\/01\/29122637\/Screenshot-2025-01-29-at-11.40.18%E2%80%AFAM-768x411.png 768w, https:\/\/cdn.simonssearchlight.org\/wp-content\/uploads\/2025\/01\/29122637\/Screenshot-2025-01-29-at-11.40.18%E2%80%AFAM.png 1316w\" sizes=\"(max-width: 1024px) 100vw, 1024px\" \/><\/h4>\n<h4>Au cours des 15 derni\u00e8res ann\u00e9es, <span class=\"notranslate\">Simons Searchlight<\/span>, un programme financ\u00e9 et soutenu par la Fondation Simons par l&#8217;interm\u00e9diaire de la <span class=\"notranslate\">Simons Foundation<\/span> Autism Research Initiative (SFARI), est pass\u00e9 d&#8217;un petit effort communautaire \u00e0 l&#8217;un des plus grands registres internationaux de maladies g\u00e9n\u00e9tiques rares du d\u00e9veloppement neurologique.<\/h4>\n<p><strong>Ce qui a commenc\u00e9 en 2010 avec une poign\u00e9e de familles et de chercheurs s&#8217;est transform\u00e9 en une communaut\u00e9 dynamique de milliers de personnes dans plus de 90 pays, repr\u00e9sentant plus de 184 maladies g\u00e9n\u00e9tiques.<\/strong><\/p>\n<p>\u00c0 l&#8217;occasion de cet anniversaire, nous revenons sur 15 \u00e9tapes cl\u00e9s qui illustrent le chemin parcouru ensemble, depuis les premi\u00e8res r\u00e9unions de famille et le lancement de la participation en ligne jusqu&#8217;\u00e0 l&#8217;\u00e9largissement de la collecte de donn\u00e9es et aux collaborations mondiales.<\/p>\n<p>Ce parcours n&#8217;a \u00e9t\u00e9 possible que gr\u00e2ce aux familles, aux groupes de d\u00e9fense des patients et aux chercheurs qui continuent \u00e0 partager leur temps, leurs histoires et leurs donn\u00e9es.<\/p>\n<h3><strong>Poursuivez votre lecture en d\u00e9couvrant les 15 moments qui ont marqu\u00e9 <span class=\"notranslate\">Simons Searchlight<\/span>. Rejoignez-nous pour vous projeter dans le prochain chapitre de la d\u00e9couverte.<\/strong><\/h3>\n","protected":false},"excerpt":{"rendered":"<p>Au cours des 15 derni\u00e8res ann\u00e9es, Simons Searchlight, un programme financ\u00e9 et soutenu par la Fondation Simons par l&#8217;interm\u00e9diaire de la Simons Foundation Autism Research Initiative (SFARI), est pass\u00e9 d&#8217;un petit effort communautaire \u00e0 l&#8217;un des plus grands registres internationaux de maladies g\u00e9n\u00e9tiques rares du d\u00e9veloppement neurologique. Ce qui a commenc\u00e9 en 2010 avec une [&hellip;]<\/p>\n","protected":false},"author":18,"featured_media":0,"parent":0,"menu_order":0,"comment_status":"closed","ping_status":"closed","template":"","meta":{"_acf_changed":false,"_relevanssi_hide_post":"","_relevanssi_hide_content":"","_relevanssi_pin_for_all":"","_relevanssi_pin_keywords":"","_relevanssi_unpin_keywords":"","_relevanssi_related_keywords":"","_relevanssi_related_include_ids":"","_relevanssi_related_exclude_ids":"","_relevanssi_related_no_append":"","_relevanssi_related_not_related":"","_relevanssi_related_posts":"","_relevanssi_noindex_reason":"","footnotes":""},"acf":[],"_links":{"self":[{"href":"https:\/\/www.simonssearchlight.org\/fr\/wp-json\/wp\/v2\/pages\/73601"}],"collection":[{"href":"https:\/\/www.simonssearchlight.org\/fr\/wp-json\/wp\/v2\/pages"}],"about":[{"href":"https:\/\/www.simonssearchlight.org\/fr\/wp-json\/wp\/v2\/types\/page"}],"author":[{"embeddable":true,"href":"https:\/\/www.simonssearchlight.org\/fr\/wp-json\/wp\/v2\/users\/18"}],"replies":[{"embeddable":true,"href":"https:\/\/www.simonssearchlight.org\/fr\/wp-json\/wp\/v2\/comments?post=73601"}],"version-history":[{"count":3,"href":"https:\/\/www.simonssearchlight.org\/fr\/wp-json\/wp\/v2\/pages\/73601\/revisions"}],"predecessor-version":[{"id":74296,"href":"https:\/\/www.simonssearchlight.org\/fr\/wp-json\/wp\/v2\/pages\/73601\/revisions\/74296"}],"wp:attachment":[{"href":"https:\/\/www.simonssearchlight.org\/fr\/wp-json\/wp\/v2\/media?parent=73601"}],"curies":[{"name":"wp","href":"https:\/\/api.w.org\/{rel}","templated":true}]}}