{"id":65044,"date":"2025-11-04T09:47:53","date_gmt":"2025-11-04T14:47:53","guid":{"rendered":"https:\/\/www.simonssearchlight.org\/guide-a-lusage-des-familles-comprendre-les-diagnostics-genetiques-et-cliniques\/"},"modified":"2025-11-24T12:45:38","modified_gmt":"2025-11-24T17:45:38","slug":"guide-a-lusage-des-familles-comprendre-les-diagnostics-genetiques-et-cliniques","status":"publish","type":"page","link":"https:\/\/www.simonssearchlight.org\/fr\/guide-a-lusage-des-familles-comprendre-les-diagnostics-genetiques-et-cliniques\/","title":{"rendered":"Guide \u00e0 l&#8217;usage des familles : Comprendre les diagnostics g\u00e9n\u00e9tiques et cliniques"},"content":{"rendered":"<p>&nbsp;<\/p>\n<p><img loading=\"lazy\" decoding=\"async\" class=\"alignnone wp-image-66315 \" src=\"https:\/\/cdn.simonssearchlight.org\/wp-content\/uploads\/2025\/11\/05044441\/FamilyGuide_graphics-09.svg\" alt=\"\" width=\"392\" height=\"392\"><\/p>\n<p>R\u00e9dig\u00e9 pour les familles par les conseillers en g\u00e9n\u00e9tique de <span class=\"notranslate\">Simons Searchlight<\/span><br \/>\n<em>Misia Kowanda, Emily Palen, Elisheva Dubin et Jamie Lundy<\/em><\/p>\n<h2><\/h2>\n<h2><b>Introduction : L&#8217;importance des diagnostics<\/b><\/h2>\n<p>Lorsque votre enfant re\u00e7oit un diagnostic, qu&#8217;il s&#8217;agisse d&#8217;un retard de d\u00e9veloppement, d&#8217;autisme, d&#8217;\u00e9pilepsie ou d&#8217;une maladie g\u00e9n\u00e9tique rare, il est naturel de se poser des questions. Les familles posent souvent des questions telles que : <\/p>\n<ul>\n<li style=\"font-weight: 400;\" aria-level=\"1\">Le probl\u00e8me m\u00e9dical de mon enfant est-il d\u00fb \u00e0 sa variante g\u00e9n\u00e9tique ?<\/li>\n<li style=\"font-weight: 400;\" aria-level=\"1\">Si mon enfant est atteint d&#8217;une maladie g\u00e9n\u00e9tique, cela explique-t-il tout de sa sant\u00e9 ?<\/li>\n<li style=\"font-weight: 400;\" aria-level=\"1\">Pourquoi les sympt\u00f4mes varient-ils autant, m\u00eame chez les personnes ayant re\u00e7u le m\u00eame diagnostic g\u00e9n\u00e9tique ?<\/li>\n<li style=\"font-weight: 400;\" aria-level=\"1\">Mon enfant est-il toujours &#8220;atteint&#8221; d&#8217;autisme si une maladie g\u00e9n\u00e9tique en est \u00e0 l&#8217;origine ?<\/li>\n<\/ul>\n<h3><img loading=\"lazy\" decoding=\"async\" class=\"wp-image-66231 alignleft\" src=\"https:\/\/cdn.simonssearchlight.org\/wp-content\/uploads\/2025\/11\/05044424\/FamilyGuide_graphics-41.svg\" alt=\"\" width=\"93\" height=\"93\"><\/h3>\n<p><strong>Ce guide vous aidera \u00e0 comprendre la diff\u00e9rence entre un diagnostic g\u00e9n\u00e9tique et un diagnostic clinique, comment ils sont utilis\u00e9s ensemble et ce que cela signifie pour vous ou votre enfant.<\/strong><\/p>\n<p><strong><a href=\"https:\/\/cdn.simonssearchlight.org\/wp-content\/uploads\/2025\/11\/05045128\/Simons-Searchlight-Family-Guide-Understanding-Genetic-and-Clinical-Diagnoses.pdf\" target=\"_blank\" rel=\"noopener\">T\u00e9l\u00e9chargez ce guide au format PDF<\/a><\/strong><\/p>\n","protected":false},"excerpt":{"rendered":"<p>&nbsp; R\u00e9dig\u00e9 pour les familles par les conseillers en g\u00e9n\u00e9tique de Simons Searchlight Misia Kowanda, Emily Palen, Elisheva Dubin et Jamie Lundy Introduction : L&#8217;importance des diagnostics Lorsque votre enfant re\u00e7oit un diagnostic, qu&#8217;il s&#8217;agisse d&#8217;un retard de d\u00e9veloppement, d&#8217;autisme, d&#8217;\u00e9pilepsie ou d&#8217;une maladie g\u00e9n\u00e9tique rare, il est naturel de se poser des questions. Les [&hellip;]<\/p>\n","protected":false},"author":18,"featured_media":66352,"parent":0,"menu_order":0,"comment_status":"closed","ping_status":"closed","template":"","meta":{"_acf_changed":false,"_relevanssi_hide_post":"","_relevanssi_hide_content":"","_relevanssi_pin_for_all":"","_relevanssi_pin_keywords":"","_relevanssi_unpin_keywords":"","_relevanssi_related_keywords":"","_relevanssi_related_include_ids":"","_relevanssi_related_exclude_ids":"","_relevanssi_related_no_append":"","_relevanssi_related_not_related":"","_relevanssi_related_posts":"","_relevanssi_noindex_reason":"","footnotes":""},"acf":[],"_links":{"self":[{"href":"https:\/\/www.simonssearchlight.org\/fr\/wp-json\/wp\/v2\/pages\/65044"}],"collection":[{"href":"https:\/\/www.simonssearchlight.org\/fr\/wp-json\/wp\/v2\/pages"}],"about":[{"href":"https:\/\/www.simonssearchlight.org\/fr\/wp-json\/wp\/v2\/types\/page"}],"author":[{"embeddable":true,"href":"https:\/\/www.simonssearchlight.org\/fr\/wp-json\/wp\/v2\/users\/18"}],"replies":[{"embeddable":true,"href":"https:\/\/www.simonssearchlight.org\/fr\/wp-json\/wp\/v2\/comments?post=65044"}],"version-history":[{"count":10,"href":"https:\/\/www.simonssearchlight.org\/fr\/wp-json\/wp\/v2\/pages\/65044\/revisions"}],"predecessor-version":[{"id":73716,"href":"https:\/\/www.simonssearchlight.org\/fr\/wp-json\/wp\/v2\/pages\/65044\/revisions\/73716"}],"wp:featuredmedia":[{"embeddable":true,"href":"https:\/\/www.simonssearchlight.org\/fr\/wp-json\/wp\/v2\/media\/66352"}],"wp:attachment":[{"href":"https:\/\/www.simonssearchlight.org\/fr\/wp-json\/wp\/v2\/media?parent=65044"}],"curies":[{"name":"wp","href":"https:\/\/api.w.org\/{rel}","templated":true}]}}