{"id":62479,"date":"2025-05-22T15:34:43","date_gmt":"2025-05-22T19:34:43","guid":{"rendered":"https:\/\/www.simonssearchlight.org\/pourquoi-adherer-v2\/"},"modified":"2025-12-02T11:45:58","modified_gmt":"2025-12-02T16:45:58","slug":"pourquoi-adherer-v2","status":"publish","type":"page","link":"https:\/\/www.simonssearchlight.org\/fr\/pourquoi-adherer-v2\/","title":{"rendered":"Pourquoi rejoindre Simons Searchlight ?"},"content":{"rendered":"<h2><strong>Contribuez \u00e0 acc\u00e9l\u00e9rer la recherche sur les maladies g\u00e9n\u00e9tiques rares du d\u00e9veloppement neurologique.<\/strong><\/h2>\n<h4><span class=\"notranslate\">Simons Searchlight<\/span> est un programme de recherche en ligne portant sur plus de 184 maladies rares. Les chercheurs qualifi\u00e9s peuvent utiliser cette base de donn\u00e9es pour faire avancer les connaissances et d\u00e9velopper de meilleures th\u00e9rapies. <\/h4>\n<p><img loading=\"lazy\" decoding=\"async\" class=\"aligncenter wp-image-62539 size-large\" src=\"https:\/\/www.simonssearchlight.org\/wp-content\/uploads\/2025\/05\/WhyJoin-fam-round1.2-e1748630949833-1024x936.png\" alt=\"\" width=\"1024\" height=\"936\" srcset=\"https:\/\/www.simonssearchlight.org\/wp-content\/uploads\/2025\/05\/WhyJoin-fam-round1.2-e1748630949833-1024x936.png 1024w, https:\/\/www.simonssearchlight.org\/wp-content\/uploads\/2025\/05\/WhyJoin-fam-round1.2-e1748630949833-300x274.png 300w, https:\/\/www.simonssearchlight.org\/wp-content\/uploads\/2025\/05\/WhyJoin-fam-round1.2-e1748630949833-768x702.png 768w, https:\/\/www.simonssearchlight.org\/wp-content\/uploads\/2025\/05\/WhyJoin-fam-round1.2-e1748630949833-1536x1404.png 1536w\" sizes=\"(max-width: 1024px) 100vw, 1024px\" \/><\/p>\n<h2>Voici comment votre famille peut faire la diff\u00e9rence.<\/h2>\n<p><span class=\"notranslate\">Simons Searchlight<\/span> s&#8217;associe aux familles, aux chercheurs et aux communaut\u00e9s de d\u00e9fense des patients du monde entier pour mieux comprendre les maladies g\u00e9n\u00e9tiques rares.<\/p>\n<p>Notre mission est d&#8217;acc\u00e9l\u00e9rer la recherche en collectant des donn\u00e9es d&#8217;histoire naturelle normalis\u00e9es de haute qualit\u00e9 et en fournissant des ressources utiles.  <strong>La contribution de chaque famille est importante et nous nous engageons \u00e0 faire en sorte que votre participation soit significative.<\/strong><\/p>\n","protected":false},"excerpt":{"rendered":"<p>Contribuez \u00e0 acc\u00e9l\u00e9rer la recherche sur les maladies g\u00e9n\u00e9tiques rares du d\u00e9veloppement neurologique. Simons Searchlight est un programme de recherche en ligne portant sur plus de 184 maladies rares. Les chercheurs qualifi\u00e9s peuvent utiliser cette base de donn\u00e9es pour faire avancer les connaissances et d\u00e9velopper de meilleures th\u00e9rapies. Voici comment votre famille peut faire la [&hellip;]<\/p>\n","protected":false},"author":18,"featured_media":0,"parent":0,"menu_order":0,"comment_status":"closed","ping_status":"closed","template":"","meta":{"_acf_changed":false,"_relevanssi_hide_post":"","_relevanssi_hide_content":"","_relevanssi_pin_for_all":"","_relevanssi_pin_keywords":"","_relevanssi_unpin_keywords":"","_relevanssi_related_keywords":"","_relevanssi_related_include_ids":"","_relevanssi_related_exclude_ids":"","_relevanssi_related_no_append":"","_relevanssi_related_not_related":"","_relevanssi_related_posts":"","_relevanssi_noindex_reason":"","footnotes":""},"acf":[],"_links":{"self":[{"href":"https:\/\/www.simonssearchlight.org\/fr\/wp-json\/wp\/v2\/pages\/62479"}],"collection":[{"href":"https:\/\/www.simonssearchlight.org\/fr\/wp-json\/wp\/v2\/pages"}],"about":[{"href":"https:\/\/www.simonssearchlight.org\/fr\/wp-json\/wp\/v2\/types\/page"}],"author":[{"embeddable":true,"href":"https:\/\/www.simonssearchlight.org\/fr\/wp-json\/wp\/v2\/users\/18"}],"replies":[{"embeddable":true,"href":"https:\/\/www.simonssearchlight.org\/fr\/wp-json\/wp\/v2\/comments?post=62479"}],"version-history":[{"count":12,"href":"https:\/\/www.simonssearchlight.org\/fr\/wp-json\/wp\/v2\/pages\/62479\/revisions"}],"predecessor-version":[{"id":74293,"href":"https:\/\/www.simonssearchlight.org\/fr\/wp-json\/wp\/v2\/pages\/62479\/revisions\/74293"}],"wp:attachment":[{"href":"https:\/\/www.simonssearchlight.org\/fr\/wp-json\/wp\/v2\/media?parent=62479"}],"curies":[{"name":"wp","href":"https:\/\/api.w.org\/{rel}","templated":true}]}}