{"id":55603,"date":"2024-10-14T10:18:06","date_gmt":"2024-10-14T14:18:06","guid":{"rendered":"https:\/\/www.simonssearchlight.org\/pour-les-chercheurs-et-les-prestataires-de-soins-de-sante\/"},"modified":"2026-03-23T16:39:50","modified_gmt":"2026-03-23T20:39:50","slug":"pour-les-chercheurs-et-les-prestataires-de-soins-de-sante","status":"publish","type":"page","link":"https:\/\/www.simonssearchlight.org\/fr\/pour-les-chercheurs-et-les-prestataires-de-soins-de-sante\/","title":{"rendered":"Pour les chercheurs et les prestataires de soins de sant\u00e9"},"content":{"rendered":"<p>&nbsp;<\/p>\n<h4>Cette page Web fournit des informations sur l&#8217;acc\u00e8s aux donn\u00e9es d\u00e9personnalis\u00e9es et aux \u00e9chantillons biologiques de <span class=\"notranslate\">Simons Searchlight<\/span>, ainsi qu&#8217;\u00e0 d&#8217;autres ressources de recherche rendues possibles par l&#8217;initiative de recherche sur l&#8217;autisme de la Fondation Simons (SFARI) par l&#8217;interm\u00e9diaire de la <a href=\"https:\/\/nam05.safelinks.protection.outlook.com\/?url=https%3A%2F%2Fbase.sfari.org%2F&amp;data=02%7C01%7Cshsmith1%40geisinger.edu%7C9157ec90602a43e5a43308d7fb31ddc6%7C37d46c567c664402a16055c2313b910d%7C0%7C0%7C637254064205360758&amp;sdata=aweU1REZQdgpP5X7oFnrGDJ4KWBAi%2F6znEV9O%2BL9kVU%3D&amp;reserved=0\">base SFARI<\/a>.<\/h4>\n<h3>Cette vid\u00e9o d&#8217;introduction vous permettra d&#8217;en savoir plus sur le SFARI.<\/h3>\n<div>\n<iframe loading=\"lazy\" title=\"Lecteur vid\u00e9o YouTube\" src=\"https:\/\/www.youtube.com\/embed\/IuZJ-5RXhCw?si=wPuZBFYtrpoPQMmf\" width=\"560\" height=\"315\" frameborder=\"0\" allowfullscreen=\"allowfullscreen\" data-mce-fragment=\"1\"><\/iframe><\/p>\n<div><span class=\"notranslate\">Simons Searchlight<\/span>, financ\u00e9 par la <span class=\"notranslate\">Simons Foundation<\/span>, fournit des ressources pour le recrutement des participants et des familles sur SimonsSearchlight.org, tandis que SFARI.org est con\u00e7u pour les chercheurs qui souhaitent acc\u00e9der \u00e0 des donn\u00e9es d\u00e9personnalis\u00e9es et \u00e0 des \u00e9chantillons biologiques.<\/div>\n<\/div>\n","protected":false},"excerpt":{"rendered":"<p>&nbsp; Cette page Web fournit des informations sur l&#8217;acc\u00e8s aux donn\u00e9es d\u00e9personnalis\u00e9es et aux \u00e9chantillons biologiques de Simons Searchlight, ainsi qu&#8217;\u00e0 d&#8217;autres ressources de recherche rendues possibles par l&#8217;initiative de recherche sur l&#8217;autisme de la Fondation Simons (SFARI) par l&#8217;interm\u00e9diaire de la base SFARI. Cette vid\u00e9o d&#8217;introduction vous permettra d&#8217;en savoir plus sur le SFARI. [&hellip;]<\/p>\n","protected":false},"author":18,"featured_media":0,"parent":0,"menu_order":0,"comment_status":"closed","ping_status":"closed","template":"","meta":{"_acf_changed":false,"_relevanssi_hide_post":"","_relevanssi_hide_content":"","_relevanssi_pin_for_all":"","_relevanssi_pin_keywords":"","_relevanssi_unpin_keywords":"","_relevanssi_related_keywords":"","_relevanssi_related_include_ids":"","_relevanssi_related_exclude_ids":"","_relevanssi_related_no_append":"","_relevanssi_related_not_related":"","_relevanssi_related_posts":"","_relevanssi_noindex_reason":"","footnotes":""},"acf":[],"_links":{"self":[{"href":"https:\/\/www.simonssearchlight.org\/fr\/wp-json\/wp\/v2\/pages\/55603"}],"collection":[{"href":"https:\/\/www.simonssearchlight.org\/fr\/wp-json\/wp\/v2\/pages"}],"about":[{"href":"https:\/\/www.simonssearchlight.org\/fr\/wp-json\/wp\/v2\/types\/page"}],"author":[{"embeddable":true,"href":"https:\/\/www.simonssearchlight.org\/fr\/wp-json\/wp\/v2\/users\/18"}],"replies":[{"embeddable":true,"href":"https:\/\/www.simonssearchlight.org\/fr\/wp-json\/wp\/v2\/comments?post=55603"}],"version-history":[{"count":3,"href":"https:\/\/www.simonssearchlight.org\/fr\/wp-json\/wp\/v2\/pages\/55603\/revisions"}],"predecessor-version":[{"id":77894,"href":"https:\/\/www.simonssearchlight.org\/fr\/wp-json\/wp\/v2\/pages\/55603\/revisions\/77894"}],"wp:attachment":[{"href":"https:\/\/www.simonssearchlight.org\/fr\/wp-json\/wp\/v2\/media?parent=55603"}],"curies":[{"name":"wp","href":"https:\/\/api.w.org\/{rel}","templated":true}]}}