{"id":39610,"date":"2021-04-22T11:18:28","date_gmt":"2021-04-22T15:18:28","guid":{"rendered":"https:\/\/www.simonssearchlight.org\/lhistoire-de-matilda\/"},"modified":"2024-01-29T10:01:20","modified_gmt":"2024-01-29T15:01:20","slug":"lhistoire-de-matilda","status":"publish","type":"page","link":"https:\/\/www.simonssearchlight.org\/fr\/lhistoire-de-matilda\/","title":{"rendered":"L&#8217;histoire de Matilda"},"content":{"rendered":"<h3 style=\"text-align: center;\">Par : Elisabeth, Parent de Matilda, une personne avec un changement g\u00e9n\u00e9tique<\/h3>\n<p style=\"padding-left: 0px;\"><em>&#8220;Soyez vuln\u00e9rable et allez jusqu&#8217;au bout ! Nous sommes une communaut\u00e9 forte avec des fondations solides et nous devenons de plus en plus forts lorsque les gens partagent leurs histoires.<\/em><\/p>\n<p><img loading=\"lazy\" decoding=\"async\" class=\"wp-image-10584 size-medium aligncenter\" src=\"https:\/\/cdn.simonssearchlight.org\/wp-content\/uploads\/2021\/04\/21113323\/matilda_sys-e1619104649263-241x300.jpg\" alt=\"\" width=\"241\" height=\"300\" srcset=\"https:\/\/cdn.simonssearchlight.org\/wp-content\/uploads\/2021\/04\/21113323\/matilda_sys-e1619104649263-241x300.jpg 241w, https:\/\/cdn.simonssearchlight.org\/wp-content\/uploads\/2021\/04\/21113323\/matilda_sys-e1619104649263-768x956.jpg 768w, https:\/\/cdn.simonssearchlight.org\/wp-content\/uploads\/2021\/04\/21113323\/matilda_sys-e1619104649263-822x1024.jpg 822w, https:\/\/cdn.simonssearchlight.org\/wp-content\/uploads\/2021\/04\/21113323\/matilda_sys-e1619104649263.jpg 1640w\" sizes=\"(max-width: 241px) 100vw, 241px\" \/><\/p>\n<h3>Comment est votre famille ?<\/h3>\n<p>Nous sommes une famille de 4 personnes et de 2 chats. Nos deux parents sont musiciens professionnels et nos journ\u00e9es sont donc remplies d&#8217;exercices, de r\u00e9p\u00e9titions et de concerts (du moins avant la pand\u00e9mie). Nous vivons loin de notre famille et avons v\u00e9cu dans de nombreuses villes diff\u00e9rentes. J&#8217;aime jardiner et cultiver des aliments, c&#8217;est pourquoi notre maison est toujours la &#8220;maison bizarre&#8221; du quartier, mais j&#8217;esp\u00e8re qu&#8217;un jour elle ne se distinguera plus autant !<\/p>\n<h3>Que faites-vous pour vous amuser ?<\/h3>\n<p>Nous aimons faire des promenades \u00e0 v\u00e9lo en famille sur les nombreux sentiers de la vall\u00e9e fluviale de notre ville. Nous aimons faire du ski et de la luge pendant les longs mois d&#8217;hiver. Nous accueillons \u00e9galement des chats par l&#8217;interm\u00e9diaire d&#8217;un refuge local, ce qui apporte beaucoup de plaisir \u00e0 la maison. Nous adorons organiser des feux de camp dans notre jardin avec des amis. Nous aimons faire des voyages en voiture pour rendre visite \u00e0 la famille et \u00e0 d&#8217;autres endroits int\u00e9ressants.<\/p>\n<h3>Parlez-nous de la plus grande difficult\u00e9 \u00e0 laquelle vous \u00eates confront\u00e9.<\/h3>\n<p>La plus grande difficult\u00e9 \u00e0 laquelle nous avons \u00e9t\u00e9 confront\u00e9s en tant que famille a \u00e9t\u00e9 de trouver la cause des nombreuses caract\u00e9ristiques excentriques de Matilda et de ses difficult\u00e9s d&#8217;apprentissage. Une fois le diagnostic pos\u00e9, nous avons eu l&#8217;impression incroyable d&#8217;avoir enfin une r\u00e9ponse, mais aussi le c\u0153ur bris\u00e9 de voir qu&#8217;il y avait encore tant de questions. J&#8217;esp\u00e8re que de nombreuses familles s&#8217;inscriront \u00e0 l&#8217;\u00e9tude de l&#8217;histoire naturelle afin que nous puissions obtenir davantage de r\u00e9ponses, et j&#8217;esp\u00e8re \u00e9galement que l&#8217;acc\u00e8s aux tests g\u00e9n\u00e9tiques sera plus facile. Nous vivons au Canada et nous en sommes \u00e0 notre deuxi\u00e8me attente pour un g\u00e9n\u00e9ticien qui durera au moins 3 ans, simplement parce que nous avons d\u00e9m\u00e9nag\u00e9. Nous sommes reconnaissants d&#8217;avoir pu entrer juste avant de quitter notre derni\u00e8re province. Il a fallu 13 ans pour trouver un diagnostic pour Matilda et c&#8217;est toujours un combat quotidien pour s&#8217;assurer qu&#8217;elle a acc\u00e8s aux th\u00e9rapies n\u00e9cessaires, aux soutiens scolaires et aux m\u00e9decins. Tout cela a eu un impact financier sur notre famille, ce qui a \u00e9t\u00e9 difficile pour nous qui travaillons dans les arts du spectacle et dont les comp\u00e9tences sont souvent sous-estim\u00e9es. Et le fait d&#8217;\u00eatre une m\u00e8re qui d\u00e9fend les int\u00e9r\u00eats d&#8217;un enfant handicap\u00e9 est encore plus sous-estim\u00e9 !<\/p>\n<h3>Qu&#8217;est-ce qui vous motive \u00e0 participer \u00e0 la recherche ? En quoi la participation \u00e0 la recherche vous a-t-elle \u00e9t\u00e9 utile ?<\/h3>\n<p>J&#8217;ai toujours eu \u00e0 c\u0153ur de participer \u00e0 la recherche. C&#8217;est la seule fa\u00e7on d&#8217;aller de l&#8217;avant. Mes enfants ont particip\u00e9 \u00e0 une \u00e9tude qui nous a permis de d\u00e9couvrir les difficult\u00e9s de Matilda et m&#8217;a donn\u00e9 les informations dont j&#8217;avais besoin pour demander des tests suppl\u00e9mentaires. J&#8217;esp\u00e8re qu&#8217;en participant \u00e0 l&#8217;\u00e9tude sur l&#8217;histoire naturelle, je pourrai inciter d&#8217;autres familles \u00e0 partager leur histoire, et que le profil de mon enfant pourra servir de base \u00e0 de futures \u00e9tudes et traitements. Il a \u00e9galement \u00e9t\u00e9 tr\u00e8s utile de parler de notre histoire \u00e0 un conseiller g\u00e9n\u00e9tique et d&#8217;entendre qu&#8217;elle n&#8217;\u00e9tait pas si unique que cela. Certains jours, le fait d&#8217;\u00eatre atteint d&#8217;une maladie rare donne l&#8217;impression d&#8217;\u00eatre un chemin solitaire, c&#8217;est pourquoi il est utile de parler \u00e0 quelqu&#8217;un qui nous aide \u00e0 nous sentir moins seul.<\/p>\n<h3>En quoi pensez-vous aider <span class=\"notranslate\">Simons Searchlight<\/span> \u00e0 en savoir plus sur les changements g\u00e9n\u00e9tiques rares ?<\/h3>\n<p>Je suis tr\u00e8s enthousiaste \u00e0 l&#8217;id\u00e9e d&#8217;y participer !<\/p>\n<h3>Quelle est la question \u00e0 laquelle vous souhaiteriez que les chercheurs puissent r\u00e9pondre au sujet de ce changement g\u00e9n\u00e9tique ?<\/h3>\n<p>La plupart du temps, je veux juste savoir ce que l&#8217;avenir me r\u00e9serve&#8230; est-ce vraiment trop demander ? Mais s\u00e9rieusement, j&#8217;aimerais savoir s&#8217;il existe des th\u00e9rapies ou des m\u00e9dicaments qui peuvent aider \u00e0 soulager les sympt\u00f4mes, afin que ma fille puisse vivre le mieux possible.<\/p>\n<h3>Qu&#8217;avez-vous appris d&#8217;autres familles sur votre maladie g\u00e9n\u00e9tique ou celle de votre enfant ?<\/h3>\n<p>Qu&#8217;elle n&#8217;est pas seule. Qu&#8217;il existe d&#8217;autres enfants qui pr\u00e9sentent les m\u00eames sympt\u00f4mes apparemment sans rapport. Mon enfant est plus \u00e2g\u00e9 que les autres, j&#8217;ai donc l&#8217;impression d&#8217;\u00eatre davantage dans une position de soutien et d&#8217;information, mais cela m&#8217;a beaucoup aid\u00e9 de voir les enfants plus \u00e2g\u00e9s, de voir ce dont ils sont capables et de voir comment leurs familles ont g\u00e9r\u00e9 les choses.<\/p>\n<h3>Si vous pouviez donner un conseil \u00e0 une personne r\u00e9cemment diagnostiqu\u00e9e avec ce changement g\u00e9n\u00e9tique, quel serait-il ?<\/h3>\n<p>Soyez vuln\u00e9rable et lancez-vous \u00e0 fond ! Nous sommes une communaut\u00e9 forte, avec des fondations solides, et nous ne nous renforcerons que lorsque les gens partageront leurs histoires.<\/p>\n","protected":false},"excerpt":{"rendered":"<p>Par : Elisabeth, Parent de Matilda, une personne avec un changement g\u00e9n\u00e9tique &#8220;Soyez vuln\u00e9rable et allez jusqu&#8217;au bout ! Nous sommes une communaut\u00e9 forte avec des fondations solides et nous devenons de plus en plus forts lorsque les gens partagent leurs histoires. Comment est votre famille ? Nous sommes une famille de 4 personnes et [&hellip;]<\/p>\n","protected":false},"author":13,"featured_media":0,"parent":0,"menu_order":0,"comment_status":"closed","ping_status":"closed","template":"","meta":{"_acf_changed":false,"_relevanssi_hide_post":"","_relevanssi_hide_content":"","_relevanssi_pin_for_all":"","_relevanssi_pin_keywords":"","_relevanssi_unpin_keywords":"","_relevanssi_related_keywords":"","_relevanssi_related_include_ids":"","_relevanssi_related_exclude_ids":"","_relevanssi_related_no_append":"","_relevanssi_related_not_related":"","_relevanssi_related_posts":"","_relevanssi_noindex_reason":"","footnotes":""},"acf":[],"_links":{"self":[{"href":"https:\/\/www.simonssearchlight.org\/fr\/wp-json\/wp\/v2\/pages\/39610"}],"collection":[{"href":"https:\/\/www.simonssearchlight.org\/fr\/wp-json\/wp\/v2\/pages"}],"about":[{"href":"https:\/\/www.simonssearchlight.org\/fr\/wp-json\/wp\/v2\/types\/page"}],"author":[{"embeddable":true,"href":"https:\/\/www.simonssearchlight.org\/fr\/wp-json\/wp\/v2\/users\/13"}],"replies":[{"embeddable":true,"href":"https:\/\/www.simonssearchlight.org\/fr\/wp-json\/wp\/v2\/comments?post=39610"}],"version-history":[{"count":1,"href":"https:\/\/www.simonssearchlight.org\/fr\/wp-json\/wp\/v2\/pages\/39610\/revisions"}],"predecessor-version":[{"id":39614,"href":"https:\/\/www.simonssearchlight.org\/fr\/wp-json\/wp\/v2\/pages\/39610\/revisions\/39614"}],"wp:attachment":[{"href":"https:\/\/www.simonssearchlight.org\/fr\/wp-json\/wp\/v2\/media?parent=39610"}],"curies":[{"name":"wp","href":"https:\/\/api.w.org\/{rel}","templated":true}]}}