{"id":39601,"date":"2021-05-07T14:23:10","date_gmt":"2021-05-07T18:23:10","guid":{"rendered":"https:\/\/www.simonssearchlight.org\/processus-de-recherche\/les-maladies-genetiques-que-nous-etudions\/16p11-2-duplication-distale\/"},"modified":"2026-04-06T15:33:14","modified_gmt":"2026-04-06T19:33:14","slug":"16p11-2-duplication-distale","status":"publish","type":"page","link":"https:\/\/www.simonssearchlight.org\/fr\/processus-de-recherche\/les-maladies-genetiques-que-nous-etudions\/16p11-2-duplication-distale\/","title":{"rendered":"16p11.2 Duplication (distale)"},"content":{"rendered":"<p><span style=\"font-weight: 400;\">Les informations contenues dans ce r\u00e9sum\u00e9 du syndrome de la duplication distale du chromosome 16p11.2 sont les suivantes <\/span><strong>Syndrome de duplication distale du g\u00e8ne 16p11.2<\/strong><span style=\"font-weight: 400;\">  proviennent de publications de recherche. Il ne s&#8217;agit pas d&#8217;un avis m\u00e9dical. <\/span><\/p>\n<p><a href=\"https:\/\/www.simonssearchlight.org\/es\/gene-guide\/sindrome-de-duplicacion-distal-16p11-2\/\" target=\"_blank\" rel=\"noopener\"><strong>Cliquez ici pour consulter notre guide complet sur la duplication distale du g\u00e8ne 16p11.2<\/strong><\/a><\/p>\n<p>Le Guide des g\u00e8nes en ligne comprend de plus amples informations sur la <span class=\"notranslate\">duplication distale du g\u00e8ne 16p11.2<\/span>, telles que le risque d&#8217;avoir un autre enfant atteint de cette maladie, les probl\u00e8mes de comportement et de d\u00e9veloppement li\u00e9s \u00e0 la <span class=\"notranslate\">duplication distale du g\u00e8ne 16p11.2<\/span> ou les sp\u00e9cialistes \u00e0 prendre en compte pour les personnes atteintes de cette maladie. Partagez cette ressource avec les membres de votre famille ou vos prestataires de soins.<\/p>\n","protected":false},"excerpt":{"rendered":"<p>Les informations contenues dans ce r\u00e9sum\u00e9 du syndrome de la duplication distale du chromosome 16p11.2 sont les suivantes Syndrome de duplication distale du g\u00e8ne 16p11.2 proviennent de publications de recherche. Il ne s&#8217;agit pas d&#8217;un avis m\u00e9dical. Cliquez ici pour consulter notre guide complet sur la duplication distale du g\u00e8ne 16p11.2 Le Guide des g\u00e8nes [&hellip;]<\/p>\n","protected":false},"author":13,"featured_media":0,"parent":38035,"menu_order":0,"comment_status":"closed","ping_status":"closed","template":"page-gene-card.php","meta":{"_acf_changed":false,"_relevanssi_hide_post":"","_relevanssi_hide_content":"","_relevanssi_pin_for_all":"","_relevanssi_pin_keywords":"","_relevanssi_unpin_keywords":"","_relevanssi_related_keywords":"","_relevanssi_related_include_ids":"","_relevanssi_related_exclude_ids":"","_relevanssi_related_no_append":"","_relevanssi_related_not_related":"","_relevanssi_related_posts":"","_relevanssi_noindex_reason":"","footnotes":""},"acf":[],"_links":{"self":[{"href":"https:\/\/www.simonssearchlight.org\/fr\/wp-json\/wp\/v2\/pages\/39601"}],"collection":[{"href":"https:\/\/www.simonssearchlight.org\/fr\/wp-json\/wp\/v2\/pages"}],"about":[{"href":"https:\/\/www.simonssearchlight.org\/fr\/wp-json\/wp\/v2\/types\/page"}],"author":[{"embeddable":true,"href":"https:\/\/www.simonssearchlight.org\/fr\/wp-json\/wp\/v2\/users\/13"}],"replies":[{"embeddable":true,"href":"https:\/\/www.simonssearchlight.org\/fr\/wp-json\/wp\/v2\/comments?post=39601"}],"version-history":[{"count":3,"href":"https:\/\/www.simonssearchlight.org\/fr\/wp-json\/wp\/v2\/pages\/39601\/revisions"}],"predecessor-version":[{"id":61841,"href":"https:\/\/www.simonssearchlight.org\/fr\/wp-json\/wp\/v2\/pages\/39601\/revisions\/61841"}],"up":[{"embeddable":true,"href":"https:\/\/www.simonssearchlight.org\/fr\/wp-json\/wp\/v2\/pages\/38035"}],"wp:attachment":[{"href":"https:\/\/www.simonssearchlight.org\/fr\/wp-json\/wp\/v2\/media?parent=39601"}],"curies":[{"name":"wp","href":"https:\/\/api.w.org\/{rel}","templated":true}]}}