{"id":39589,"date":"2021-04-20T11:34:12","date_gmt":"2021-04-20T15:34:12","guid":{"rendered":"https:\/\/www.simonssearchlight.org\/a-propos-de\/programmes-du-sfari\/"},"modified":"2026-01-14T13:34:23","modified_gmt":"2026-01-14T18:34:23","slug":"programmes-du-sfari","status":"publish","type":"page","link":"https:\/\/www.simonssearchlight.org\/fr\/a-propos-de\/programmes-du-sfari\/","title":{"rendered":"Programmes du SFARI"},"content":{"rendered":"<p>&nbsp;<\/p>\n<p><span style=\"font-weight: 400;\">La <a href=\"https:\/\/www.simonsfoundation.org\/\">Fondation Simons<\/a> est une fondation priv\u00e9e qui soutient la recherche dans plusieurs domaines. Pour ce faire, nous soutenons les travaux qui <strong>font progresser les fronti\u00e8res de la recherche en math\u00e9matiques et en sciences fondamentales.<\/strong><\/span><\/p>\n<p><span style=\"font-weight: 400;\">La <span class=\"notranslate\">Simons Foundation<\/span> finance la recherche sur l&#8217;autisme et le d\u00e9veloppement neurologique par le biais de l&#8217;initiative de recherche sur l&#8217;autisme de la <span class=\"notranslate\">Simons Foundation<\/span> (SFARI). <\/span><a href=\"https:\/\/www.sfari.org\/\">Initiative de recherche sur l&#8217;autisme de la Fondation Simons (SFARI)<\/a><span style=\"font-weight: 400;\">. La mission du SFARI est de faire progresser la science fondamentale de l&#8217;autisme et des troubles neurod\u00e9veloppementaux connexes.  <\/span>Le SFARI <strong>soutient<\/strong> actuellement <strong>plus de 300 chercheurs dans le monde entier<\/strong> par le biais de divers m\u00e9canismes de financement, notamment des subventions individuelles, des subventions de collaboration et des bourses de d\u00e9but de carri\u00e8re.<\/p>\n<p><span class=\"notranslate\">Simons Searchlight<\/span> est un projet soutenu par la Fondation Simons, par l&#8217;interm\u00e9diaire de la <span class=\"notranslate\">Simons Foundation<\/span> Autism Research Initiative (SFARI).<\/p>\n<p><span style=\"font-weight: 400;\">La courte vid\u00e9o ci-dessous explique les programmes de subventions et de recherche du SFARI, y compris <span class=\"notranslate\">Simons Searchlight<\/span>. Il vous sera peut-\u00eatre utile de comprendre le contexte et les r\u00e9flexions qui ont conduit au lancement de <span class=\"notranslate\">Simons Searchlight<\/span> !<\/span><\/p>\n<iframe loading=\"lazy\" title=\"Lecteur vid\u00e9o YouTube\" src=\"https:\/\/www.youtube.com\/embed\/IuZJ-5RXhCw\" width=\"560\" height=\"315\" frameborder=\"0\" allowfullscreen=\"allowfullscreen\"><\/iframe><\/p>\n<h3>Cohortes d&#8217;autistes du SFARI<\/h3>\n<p><strong><a href=\"https:\/\/www.sfari.org\/resource\/simons-searchlight\/\" target=\"_blank\" rel=\"noopener noreferrer\"><span class=\"notranslate\">Simons Searchlight<\/span><\/a><\/strong><\/p>\n<p><span class=\"notranslate\">Simons Searchlight<\/span> est un programme international de recherche sur les conditions g\u00e9n\u00e9tiques associ\u00e9es \u00e0 des troubles rares du d\u00e9veloppement neurologique. L&#8217;objectif est de recueillir des informations aupr\u00e8s des participants afin de mieux comprendre le parcours de vie de ces personnes.  Il s&#8217;agit d&#8217;une cohorte de &#8220;g\u00e8nes d&#8217;abord&#8221;. Notamment, seul un inscrit sur trois environ a re\u00e7u un diagnostic formel d&#8217;autisme. La liste des <a href=\"https:\/\/www.simonssearchlight.org\/fr\/processus-de-recherche\/les-maladies-genetiques-que-nous-etudions\/\"><span style=\"color: #0000ff;\">conditions g\u00e9n\u00e9tiques<\/span><\/a> qu&#8217;ils \u00e9tudient ne cesse de s&#8217;allonger.<\/p>\n<p><strong><a href=\"https:\/\/www.sfari.org\/resource\/spark\/\" target=\"_blank\" rel=\"noopener noreferrer\"><span class=\"notranslate\">SPARK<\/span><\/a> et la <span class=\"notranslate\">Simons Foundation<\/span> au service de la recherche sur l&#8217;autisme<\/strong><\/p>\n<p><span style=\"font-weight: 400;\"><span class=\"notranslate\">SPARK<\/span> recrute et engage une communaut\u00e9 de personnes autistes et leurs familles vivant aux \u00c9tats-Unis \u00e0 participer \u00e0 des \u00e9tudes de recherche. Ils collaborent avec 31 centres d&#8217;autisme affili\u00e9s \u00e0 des universit\u00e9s dans tout le pays. Certaines personnes ayant re\u00e7u un diagnostic g\u00e9n\u00e9tique dans le cadre de <span class=\"notranslate\">SPARK<\/span> seront invit\u00e9es \u00e0 participer \u00e0 <span class=\"notranslate\">Simons Searchlight<\/span> pour poursuivre leur parcours de recherche.  <\/span><span style=\"color: #0000ff;\"><br \/>\n  <a style=\"color: #0000ff;\" href=\"https:\/\/wp.sparkforautism.org\/simons-searchlight\/\"><br \/>\n    <span style=\"font-weight: 400;\">En savoir plus<\/span><br \/>\n  <\/a><br \/>\n<\/span> <span style=\"font-weight: 400;\">sur le fonctionnement de ce processus.<\/span><\/p>\n<p><a href=\"https:\/\/www.sfari.org\/resource\/autism-inpatient-collection\/\" target=\"_blank\" rel=\"noopener\"><strong>Collection pour patients hospitalis\u00e9s atteints d&#8217;autisme<\/strong><\/a><\/p>\n<p>L&#8217;\u00e9tude Autism Inpatient Collection (AIC) a \u00e9t\u00e9 r\u00e9alis\u00e9e par l&#8217;Autism and Developmental Disorders Inpatient Research Collaborative (ADDIRC), dirig\u00e9e par Matthew Siegel (PI) et Susan Santangelo (Co-I). Elle a \u00e9t\u00e9 financ\u00e9e par la <span class=\"notranslate\">Simons Foundation<\/span> Autism Research Initiative (SFARI) et la Nancy Lurie Marks Family Foundation. <a href=\"https:\/\/www.sfari.org\/resource\/autism-inpatient-collection\/\" target=\"_blank\" rel=\"noopener\">Pour en savoir plus<\/a> sur ce programme et les donn\u00e9es disponibles. <\/p>\n<p><strong><a href=\"https:\/\/www.sfari.org\/resource\/simons-simplex-collection\/\">Collection Simons Simplex<\/a><\/strong><\/p>\n<p>La collection Simons Simplex (SSC) est un projet central et une ressource de l&#8217;initiative de recherche sur l&#8217;autisme de la Fondation Simons (SFARI). La SSC a atteint son objectif principal, \u00e0 savoir constituer un d\u00e9p\u00f4t permanent d&#8217;\u00e9chantillons g\u00e9n\u00e9tiques provenant de 2 600 familles simplex, dont chacune compte un enfant atteint d&#8217;un trouble du spectre autistique, ainsi que des parents et des fr\u00e8res et s\u0153urs non atteints. <a href=\"https:\/\/www.sfari.org\/resource\/simons-simplex-collection\/\">Pour en savoir plus<\/a> sur ce programme et les donn\u00e9es disponibles. <\/p>\n<h3><strong>Ressources de recherche du SFARI<\/strong><\/h3>\n<p><span style=\"font-weight: 400;\">Au d\u00e9but de l&#8217;ann\u00e9e 2025, le SFARI a contribu\u00e9 \u00e0 plus de 2 100 publications de recherche, a fourni des fonds de recherche \u00e0 plus de 360 chercheurs aux \u00c9tats-Unis et \u00e0 l&#8217;\u00e9tranger et a permis \u00e0 411 chercheurs ou entreprises d&#8217;acc\u00e9der aux donn\u00e9es de la cohorte du SFARI ou \u00e0 des \u00e9chantillons biologiques.<\/span><\/p>\n<p><span style=\"font-weight: 400;\">Le SFARI propose <\/span><a href=\"https:\/\/www.sfari.org\/funding-opportunities\/\"><br \/>\n  <span style=\"font-weight: 400;\">financement<\/span><br \/>\n<\/a><span style=\"font-weight: 400;\">  pour les chercheurs du monde entier afin de soutenir des \u00e9tudes en rapport avec notre mission. Tous les chercheurs qui \u00e9tudient l&#8217;une des maladies g\u00e9n\u00e9tiques de <span class=\"notranslate\">Simons Searchlight<\/span> peuvent poser leur candidature. Vous trouverez ci-dessous d&#8217;autres ressources de recherche du SFARI.<\/span><\/p>\n<p><strong><a href=\"https:\/\/www.sfari.org\/resource\/ips-cells\/\">iPSCs<\/a>, Cellules souches pluripotentes induites<\/strong><\/p>\n<ul>\n<li><span style=\"font-weight: 400;\">Nous utilisons les dons de sang de certains de nos participants \u00e0 <span class=\"notranslate\">Simons Searchlight<\/span> pour cr\u00e9er un type de cellules souches appel\u00e9 <\/span><a href=\"https:\/\/www.sfari.org\/resource\/ips-cells\/\"><span style=\"font-weight: 400;\">CSPi<\/span><\/a><span style=\"font-weight: 400;\">. Toutes les iPSC peuvent \u00eatre distribu\u00e9es \u00e0 des chercheurs agr\u00e9\u00e9s par l&#8217;interm\u00e9diaire de  <\/span><a href=\"https:\/\/www.sfari.org\/resource\/sfari-base\/\"><span style=\"font-weight: 400;\">SFARI Base<\/span><\/a><span style=\"font-weight: 400;\">. Ce programme permet aux chercheurs d&#8217;\u00e9tudier les maladies humaines en laboratoire afin de contribuer \u00e0 la mise au point de m\u00e9dicaments personnalis\u00e9s.<\/span><\/li>\n<\/ul>\n<p><strong><a href=\"https:\/\/base.sfari.org\/\">SFARI Base<\/a><\/strong><\/p>\n<ul>\n<li><span style=\"font-weight: 400;\">La base SFARI est le portail permettant d&#8217;acc\u00e9der aux donn\u00e9es et aux \u00e9chantillons biologiques, tels que les tissus, le sang et le plasma, issus des initiatives de recherche du SFARI. La base SFARI est un portail en ligne qui permet de soumettre des demandes de recherche. Toutes les donn\u00e9es et informations contenues dans la base SFARI font progresser la recherche et sont facilement accessibles, gratuitement ou \u00e0 faible co\u00fbt, \u00e0 tous les chercheurs externes et aux entreprises biotechnologiques ou pharmaceutiques. Les donn\u00e9es de <span class=\"notranslate\">Simons Searchlight<\/span> sont disponibles sur la base SFARI.<\/span><\/li>\n<\/ul>\n<p><strong><a href=\"https:\/\/www.sfari.org\/resource\/research-match\/\" target=\"_blank\" rel=\"noopener\">L&#8217;appariement des recherches<\/a><\/strong><\/p>\n<ul>\n<li><span style=\"font-weight: 400;\">Research Match est un programme con\u00e7u pour permettre aux chercheurs de recruter des personnes inscrites \u00e0 <span class=\"notranslate\">Simons Searchlight<\/span> ou \u00e0 <span class=\"notranslate\">SPARK<\/span> pour de nouvelles \u00e9tudes de recherche. Il est gratuit.<\/span><\/li>\n<li><a href=\"https:\/\/www.sfari.org\/resource\/research-match\/research-match-projects\/\">Consultez cette page<\/a> pour voir des exemples de projets rendus possibles par le programme Research Match. La liste compl\u00e8te des projets de jumelage de recherche est disponible <a href=\"https:\/\/docs.google.com\/spreadsheets\/d\/18CZAAz5VbvRweSqK4LmePS-QQPEJOI9cVbfQQD9icZs\/edit?gid=0#gid=0\">ici.<\/a><\/li>\n<\/ul>\n<p><strong><a href=\"https:\/\/gene.sfari.org\/\">SFARI G\u00e8ne<\/a><\/strong><\/p>\n<ul>\n<li><span style=\"font-weight: 400;\">SFARI Gene est une base de donn\u00e9es en libre acc\u00e8s qui fournit les informations les plus r\u00e9centes sur tous les g\u00e8nes humains connus qui sont li\u00e9s aux troubles du spectre autistique. Vous pouvez utiliser cette base de donn\u00e9es pour suivre les derni\u00e8res d\u00e9couvertes sur les facteurs de risque g\u00e9n\u00e9tiques li\u00e9s \u00e0 l&#8217;autisme et v\u00e9rifier les g\u00e8nes individuels de <span class=\"notranslate\">Simons Searchlight<\/span>.<\/span><\/li>\n<\/ul>\n<p><strong><a href=\"https:\/\/www.sfari.org\/resource\/autism-brainnet\/\" target=\"_blank\" rel=\"noopener noreferrer\">Autism BrainNet<\/a><\/strong><\/p>\n<p><span style=\"font-weight: 400;\">Autism BrainNet est un bior\u00e9f\u00e9rentiel de tissus c\u00e9r\u00e9braux post-mortem rendu possible gr\u00e2ce \u00e0 un r\u00e9seau collaboratif de sites universitaires qui collectent, stockent et distribuent des tissus c\u00e9r\u00e9braux. <span class=\"notranslate\">Simons Searchlight<\/span> et Autism BrainNet partagent des donn\u00e9es pour faciliter la recherche.<\/span><\/p>\n<p><strong>D\u00e9p\u00f4t d&#8217;organismes mod\u00e8les<\/strong><\/p>\n<ul>\n<li><span style=\"font-weight: 400;\">Gr\u00e2ce au financement du SFARI, les chercheurs ont acc\u00e8s \u00e0 des organismes mod\u00e8les, \u00e0 savoir <\/span><a href=\"https:\/\/www.sfari.org\/resource\/mouse-models\/\"><span style=\"font-weight: 400;\">souris<\/span><\/a><span style=\"font-weight: 400;\">, <\/span><a href=\"https:\/\/www.sfari.org\/resource\/rat-models\/\"><span style=\"font-weight: 400;\">rats<\/span><\/a><span style=\"font-weight: 400;\">et le <\/span><a href=\"https:\/\/www.sfari.org\/resource\/zebrafish-models\/\"><span style=\"font-weight: 400;\">poisson-z\u00e8bre<\/span><\/a><span style=\"font-weight: 400;\">.<\/span><\/li>\n<\/ul>\n","protected":false},"excerpt":{"rendered":"<p>&nbsp; La Fondation Simons est une fondation priv\u00e9e qui soutient la recherche dans plusieurs domaines. Pour ce faire, nous soutenons les travaux qui font progresser les fronti\u00e8res de la recherche en math\u00e9matiques et en sciences fondamentales. La Simons Foundation finance la recherche sur l&#8217;autisme et le d\u00e9veloppement neurologique par le biais de l&#8217;initiative de recherche [&hellip;]<\/p>\n","protected":false},"author":13,"featured_media":0,"parent":37986,"menu_order":0,"comment_status":"closed","ping_status":"closed","template":"","meta":{"_acf_changed":false,"_relevanssi_hide_post":"","_relevanssi_hide_content":"","_relevanssi_pin_for_all":"","_relevanssi_pin_keywords":"","_relevanssi_unpin_keywords":"","_relevanssi_related_keywords":"","_relevanssi_related_include_ids":"","_relevanssi_related_exclude_ids":"","_relevanssi_related_no_append":"","_relevanssi_related_not_related":"","_relevanssi_related_posts":"","_relevanssi_noindex_reason":"","footnotes":""},"acf":[],"_links":{"self":[{"href":"https:\/\/www.simonssearchlight.org\/fr\/wp-json\/wp\/v2\/pages\/39589"}],"collection":[{"href":"https:\/\/www.simonssearchlight.org\/fr\/wp-json\/wp\/v2\/pages"}],"about":[{"href":"https:\/\/www.simonssearchlight.org\/fr\/wp-json\/wp\/v2\/types\/page"}],"author":[{"embeddable":true,"href":"https:\/\/www.simonssearchlight.org\/fr\/wp-json\/wp\/v2\/users\/13"}],"replies":[{"embeddable":true,"href":"https:\/\/www.simonssearchlight.org\/fr\/wp-json\/wp\/v2\/comments?post=39589"}],"version-history":[{"count":10,"href":"https:\/\/www.simonssearchlight.org\/fr\/wp-json\/wp\/v2\/pages\/39589\/revisions"}],"predecessor-version":[{"id":74904,"href":"https:\/\/www.simonssearchlight.org\/fr\/wp-json\/wp\/v2\/pages\/39589\/revisions\/74904"}],"up":[{"embeddable":true,"href":"https:\/\/www.simonssearchlight.org\/fr\/wp-json\/wp\/v2\/pages\/37986"}],"wp:attachment":[{"href":"https:\/\/www.simonssearchlight.org\/fr\/wp-json\/wp\/v2\/media?parent=39589"}],"curies":[{"name":"wp","href":"https:\/\/api.w.org\/{rel}","templated":true}]}}