{"id":39533,"date":"2020-11-23T15:39:42","date_gmt":"2020-11-23T20:39:42","guid":{"rendered":"https:\/\/www.simonssearchlight.org\/processus-de-recherche\/les-maladies-genetiques-que-nous-etudions\/dync1h1\/"},"modified":"2026-04-16T07:07:13","modified_gmt":"2026-04-16T11:07:13","slug":"dync1h1","status":"publish","type":"page","link":"https:\/\/www.simonssearchlight.org\/fr\/processus-de-recherche\/les-maladies-genetiques-que-nous-etudions\/dync1h1\/","title":{"rendered":"DYNC1H1"},"content":{"rendered":"<p><span style=\"font-weight: 400;\">Les informations de ce r\u00e9sum\u00e9 du <\/span><strong>Syndrome li\u00e9 au <span class=\"notranslate\">DYNC1H1<\/span><\/strong><span style=\"font-weight: 400;\">  proviennent de publications de recherche. Il ne s&#8217;agit pas d&#8217;un avis m\u00e9dical. <\/span><\/p>\n<p><a href=\"https:\/\/www.simonssearchlight.org\/fr\/gene-guide\/syndrome-lie-au-dync1h1\/\" target=\"_blank\" rel=\"noopener\"><strong>Cliquez ici pour consulter notre guide complet des g\u00e8nes DYNC1H1<\/strong><\/a><\/p>\n<p>Le Guide des g\u00e8nes en ligne comprend de plus amples informations sur le <span class=\"notranslate\">DYNC1H1<\/span>, telles que le risque d&#8217;avoir un autre enfant atteint de cette maladie, les probl\u00e8mes de comportement et de d\u00e9veloppement li\u00e9s au syndrome li\u00e9 au <span class=\"notranslate\">DYNC1H1<\/span> ou les sp\u00e9cialistes \u00e0 prendre en compte pour les personnes atteintes de cette maladie. Partagez cette ressource avec les membres de votre famille ou vos prestataires de soins.<\/p>\n<p><strong>Le syndrome li\u00e9 au <span class=\"notranslate\">DYNC1H1<\/span><\/strong><span style=\"font-weight: 400;\"> est \u00e9galement appel\u00e9 <span data-olk-copy-source=\"MessageBody\"><strong>troubles li\u00e9s au <span class=\"notranslate\">DYNC1H1<\/span><\/strong>,<\/span> <\/span><strong>maladie de Charcot-Marie-Tooth<\/strong>, <strong>dysplasie corticale complexe avec autres malformations c\u00e9r\u00e9brales<\/strong><span style=\"font-weight: 400;\"> ou <\/span><strong>amyotrophie spinale avec pr\u00e9dominance des membres inf\u00e9rieurs<\/strong>.<span style=\"font-weight: 400;\">. Pour ce guide, nous utiliserons le nom  <\/span><strong>syndrome li\u00e9 au <span class=\"notranslate\">DYNC1H1<\/span><\/strong><span style=\"font-weight: 400;\"> pour englober le large \u00e9ventail de variantes observ\u00e9es chez les personnes identifi\u00e9es.<\/span><\/p>\n","protected":false},"excerpt":{"rendered":"<p>Les informations de ce r\u00e9sum\u00e9 du Syndrome li\u00e9 au DYNC1H1 proviennent de publications de recherche. Il ne s&#8217;agit pas d&#8217;un avis m\u00e9dical. Cliquez ici pour consulter notre guide complet des g\u00e8nes DYNC1H1 Le Guide des g\u00e8nes en ligne comprend de plus amples informations sur le DYNC1H1, telles que le risque d&#8217;avoir un autre enfant atteint [&hellip;]<\/p>\n","protected":false},"author":6,"featured_media":0,"parent":38035,"menu_order":0,"comment_status":"closed","ping_status":"closed","template":"page-gene-card.php","meta":{"_acf_changed":false,"_relevanssi_hide_post":"","_relevanssi_hide_content":"","_relevanssi_pin_for_all":"","_relevanssi_pin_keywords":"","_relevanssi_unpin_keywords":"","_relevanssi_related_keywords":"","_relevanssi_related_include_ids":"","_relevanssi_related_exclude_ids":"","_relevanssi_related_no_append":"","_relevanssi_related_not_related":"","_relevanssi_related_posts":"","_relevanssi_noindex_reason":"","footnotes":""},"acf":[],"_links":{"self":[{"href":"https:\/\/www.simonssearchlight.org\/fr\/wp-json\/wp\/v2\/pages\/39533"}],"collection":[{"href":"https:\/\/www.simonssearchlight.org\/fr\/wp-json\/wp\/v2\/pages"}],"about":[{"href":"https:\/\/www.simonssearchlight.org\/fr\/wp-json\/wp\/v2\/types\/page"}],"author":[{"embeddable":true,"href":"https:\/\/www.simonssearchlight.org\/fr\/wp-json\/wp\/v2\/users\/6"}],"replies":[{"embeddable":true,"href":"https:\/\/www.simonssearchlight.org\/fr\/wp-json\/wp\/v2\/comments?post=39533"}],"version-history":[{"count":9,"href":"https:\/\/www.simonssearchlight.org\/fr\/wp-json\/wp\/v2\/pages\/39533\/revisions"}],"predecessor-version":[{"id":79075,"href":"https:\/\/www.simonssearchlight.org\/fr\/wp-json\/wp\/v2\/pages\/39533\/revisions\/79075"}],"up":[{"embeddable":true,"href":"https:\/\/www.simonssearchlight.org\/fr\/wp-json\/wp\/v2\/pages\/38035"}],"wp:attachment":[{"href":"https:\/\/www.simonssearchlight.org\/fr\/wp-json\/wp\/v2\/media?parent=39533"}],"curies":[{"name":"wp","href":"https:\/\/api.w.org\/{rel}","templated":true}]}}