{"id":39412,"date":"2020-10-22T14:38:02","date_gmt":"2020-10-22T18:38:02","guid":{"rendered":"https:\/\/www.simonssearchlight.org\/charte-du-comite-consultatif-communautaire-de-simons-searchlight\/"},"modified":"2024-01-29T10:01:01","modified_gmt":"2024-01-29T15:01:01","slug":"charte-du-comite-consultatif-communautaire-de-simons-searchlight","status":"publish","type":"page","link":"https:\/\/www.simonssearchlight.org\/fr\/charte-du-comite-consultatif-communautaire-de-simons-searchlight\/","title":{"rendered":"Charte du comit\u00e9 consultatif communautaire de Simons Searchlight"},"content":{"rendered":"<h3 style=\"text-align: center;\"><strong>La mission de Simon Searchlight<\/strong><\/h3>\n<p><span class=\"notranslate\">Simons Searchlight<\/span> est un partenariat entre des scientifiques de premier plan, des m\u00e9decins et des familles, d\u00e9termin\u00e9 \u00e0 acc\u00e9l\u00e9rer la recherche sur les changements g\u00e9n\u00e9tiques li\u00e9s \u00e0 l&#8217;autisme et \u00e0 d&#8217;autres troubles du d\u00e9veloppement neurologique.<\/p>\n<h3 style=\"text-align: center;\"><strong>Objet du comit\u00e9 consultatif communautaire<\/strong><\/h3>\n<p>Le comit\u00e9 consultatif communautaire (CCC) a pour mission de conseiller et d&#8217;orienter la recherche et les activit\u00e9s communautaires au nom de tous les participants \u00e0 <span class=\"notranslate\">Simons Searchlight<\/span> et des groupes g\u00e9n\u00e9tiques.<\/p>\n<h3 style=\"text-align: center;\"><strong>L&#8217;adh\u00e9sion<\/strong><\/h3>\n<ul>\n<li style=\"list-style-type: none;\">\n<ul>\n<li>Le CCC comptera jusqu&#8217;\u00e0 20 membres.<\/li>\n<li>Les membres doivent \u00eatre \u00e2g\u00e9s d&#8217;au moins 18 ans.<\/li>\n<li>L&#8217;\u00e9quipe d&#8217;\u00e9tude <span class=\"notranslate\">Simons Searchlight<\/span> examinera la composition du CAC pour s&#8217;assurer qu&#8217;il est repr\u00e9sentatif de la communaut\u00e9 Searchlight.<\/li>\n<li>Les membres seront invit\u00e9s \u00e0 si\u00e9ger pour un mandat de deux ans et pourront d\u00e9missionner \u00e0 tout moment.<\/li>\n<li>La participation des membres sera r\u00e9examin\u00e9e chaque ann\u00e9e et certains membres pourront \u00eatre retir\u00e9s du conseil \u00e0 tour de r\u00f4le, le cas \u00e9ch\u00e9ant.<\/li>\n<li>De nouveaux membres peuvent \u00eatre ajout\u00e9s p\u00e9riodiquement.<\/li>\n<\/ul>\n<\/li>\n<\/ul>\n<p>Pour l&#8217;instant, les membres doivent parler couramment l&#8217;anglais en raison de la structure des conf\u00e9rences t\u00e9l\u00e9phoniques et de la m\u00e9thode de diffusion des enqu\u00eates et autres informations.<\/p>\n<h3 style=\"text-align: center;\"><strong>Responsabilit\u00e9s<\/strong><\/h3>\n<ul>\n<li>Donner environ 10 heures par an \u00e0 des activit\u00e9s li\u00e9es au CCC. Les membres peuvent choisir parmi un certain nombre d&#8217;activit\u00e9s.<\/li>\n<li>Travailler avec le personnel de <span class=\"notranslate\">Simons Searchlight<\/span> pour fournir un retour d&#8217;information sur la plateforme de registre, aider \u00e0 prioriser et tester les enqu\u00eates de recherche, participer \u00e0 des groupes de discussion en ligne, r\u00e9pondre \u00e0 des enqu\u00eates et sondages informels, et assister aux r\u00e9unions en ligne du CAC.<\/li>\n<li>Partager les r\u00e9sultats des d\u00e9cisions du CCC avec leur groupe g\u00e9n\u00e9tique familial \u00e9largi, le cas \u00e9ch\u00e9ant.<\/li>\n<li>Le personnel veillera \u00e0 ce que les activit\u00e9s soient con\u00e7ues de mani\u00e8re \u00e0 ce que les membres puissent participer au moment et \u00e0 l&#8217;endroit qui leur conviennent le mieux.<\/li>\n<\/ul>\n<h3 style=\"text-align: center;\"><strong>R\u00e9unions<\/strong><\/h3>\n<p>Une conf\u00e9rence t\u00e9l\u00e9phonique g\u00e9n\u00e9rale en ligne sera organis\u00e9e au moins deux fois par an. Ces r\u00e9unions seront enregistr\u00e9es pour ceux qui ne peuvent pas y assister au moment de l&#8217;appel. Le personnel organisera des r\u00e9unions ad hoc avec des sous-groupes du CCC si n\u00e9cessaire. Le personnel fournira \u00e0 tous les membres un rapport annuel qui comprendra des informations sur la fa\u00e7on dont votre participation au CCC a contribu\u00e9 \u00e0 <span class=\"notranslate\">Simons Searchlight<\/span>.<\/p>\n<h3 style=\"text-align: center;\"><strong>Compensation<\/strong><\/h3>\n<p>Les participants actifs recevront une carte-cadeau en guise de remerciement pendant leur p\u00e9riode de service.<\/p>\n<h3 style=\"text-align: center;\"><strong>Responsabilit\u00e9<\/strong><\/h3>\n<p>Les membres du CCC ne sont pas responsables des actes qu&#8217;ils accomplissent en leur qualit\u00e9 de membres.<\/p>\n","protected":false},"excerpt":{"rendered":"<p>La mission de Simon Searchlight Simons Searchlight est un partenariat entre des scientifiques de premier plan, des m\u00e9decins et des familles, d\u00e9termin\u00e9 \u00e0 acc\u00e9l\u00e9rer la recherche sur les changements g\u00e9n\u00e9tiques li\u00e9s \u00e0 l&#8217;autisme et \u00e0 d&#8217;autres troubles du d\u00e9veloppement neurologique. Objet du comit\u00e9 consultatif communautaire Le comit\u00e9 consultatif communautaire (CCC) a pour mission de conseiller [&hellip;]<\/p>\n","protected":false},"author":14,"featured_media":0,"parent":0,"menu_order":0,"comment_status":"closed","ping_status":"closed","template":"","meta":{"_acf_changed":false,"_relevanssi_hide_post":"","_relevanssi_hide_content":"","_relevanssi_pin_for_all":"","_relevanssi_pin_keywords":"","_relevanssi_unpin_keywords":"","_relevanssi_related_keywords":"","_relevanssi_related_include_ids":"","_relevanssi_related_exclude_ids":"","_relevanssi_related_no_append":"","_relevanssi_related_not_related":"","_relevanssi_related_posts":"","_relevanssi_noindex_reason":"","footnotes":""},"acf":[],"_links":{"self":[{"href":"https:\/\/www.simonssearchlight.org\/fr\/wp-json\/wp\/v2\/pages\/39412"}],"collection":[{"href":"https:\/\/www.simonssearchlight.org\/fr\/wp-json\/wp\/v2\/pages"}],"about":[{"href":"https:\/\/www.simonssearchlight.org\/fr\/wp-json\/wp\/v2\/types\/page"}],"author":[{"embeddable":true,"href":"https:\/\/www.simonssearchlight.org\/fr\/wp-json\/wp\/v2\/users\/14"}],"replies":[{"embeddable":true,"href":"https:\/\/www.simonssearchlight.org\/fr\/wp-json\/wp\/v2\/comments?post=39412"}],"version-history":[{"count":1,"href":"https:\/\/www.simonssearchlight.org\/fr\/wp-json\/wp\/v2\/pages\/39412\/revisions"}],"predecessor-version":[{"id":39418,"href":"https:\/\/www.simonssearchlight.org\/fr\/wp-json\/wp\/v2\/pages\/39412\/revisions\/39418"}],"wp:attachment":[{"href":"https:\/\/www.simonssearchlight.org\/fr\/wp-json\/wp\/v2\/media?parent=39412"}],"curies":[{"name":"wp","href":"https:\/\/api.w.org\/{rel}","templated":true}]}}