{"id":39348,"date":"2020-08-07T17:32:36","date_gmt":"2020-08-07T21:32:36","guid":{"rendered":"https:\/\/www.simonssearchlight.org\/processus-de-recherche\/les-maladies-genetiques-que-nous-etudions\/17q12-duplication\/"},"modified":"2026-04-06T16:47:09","modified_gmt":"2026-04-06T20:47:09","slug":"17q12-duplication","status":"publish","type":"page","link":"https:\/\/www.simonssearchlight.org\/fr\/processus-de-recherche\/les-maladies-genetiques-que-nous-etudions\/17q12-duplication\/","title":{"rendered":"17q12 Duplication"},"content":{"rendered":"<p><span style=\"font-weight: 400;\">Les informations contenues dans ce r\u00e9sum\u00e9 du <\/span><strong>Syndrome de duplication 17q12<\/strong><span style=\"font-weight: 400;\">  proviennent de publications de recherche. Il ne s&#8217;agit pas d&#8217;un avis m\u00e9dical. <\/span><\/p>\n<p><a href=\"https:\/\/www.simonssearchlight.org\/fr\/processus-de-recherche\/les-maladies-genetiques-que-nous-etudions\/17q12-duplication\/\" target=\"_blank\" rel=\"noopener\"><strong>Cliquez ici pour consulter notre guide complet sur la duplication du g\u00e8ne 17q12<\/strong><\/a><\/p>\n<p>Le Guide des g\u00e8nes en ligne contient de plus amples informations sur la duplication du g\u00e8ne 17q12, telles que le risque d&#8217;avoir un autre enfant atteint de cette maladie, les probl\u00e8mes de comportement et de d\u00e9veloppement li\u00e9s \u00e0 la duplication du g\u00e8ne 17q12 ou les sp\u00e9cialistes \u00e0 prendre en compte pour les personnes atteintes de cette maladie. Partagez cette ressource avec les membres de votre famille ou vos prestataires de soins.<\/p>\n<p><strong>Le syndrome de duplication du g\u00e8ne 17q12<\/strong><span style=\"font-weight: 400;\"> est \u00e9galement appel\u00e9 <\/span><strong>microduplication 17q12<\/strong><span style=\"font-weight: 400;\">.<\/span> <span style=\"font-weight: 400;\">Pour cette page web, nous utiliserons le nom de <\/span><strong>syndrome de duplication 17q12<\/strong><span style=\"font-weight: 400;\"> pour englober le large \u00e9ventail de variantes observ\u00e9es chez les personnes identifi\u00e9es.<\/span><\/p>\n","protected":false},"excerpt":{"rendered":"<p>Les informations contenues dans ce r\u00e9sum\u00e9 du Syndrome de duplication 17q12 proviennent de publications de recherche. Il ne s&#8217;agit pas d&#8217;un avis m\u00e9dical. Cliquez ici pour consulter notre guide complet sur la duplication du g\u00e8ne 17q12 Le Guide des g\u00e8nes en ligne contient de plus amples informations sur la duplication du g\u00e8ne 17q12, telles que [&hellip;]<\/p>\n","protected":false},"author":18,"featured_media":0,"parent":38035,"menu_order":0,"comment_status":"closed","ping_status":"closed","template":"page-gene-card.php","meta":{"_acf_changed":false,"_relevanssi_hide_post":"","_relevanssi_hide_content":"","_relevanssi_pin_for_all":"","_relevanssi_pin_keywords":"","_relevanssi_unpin_keywords":"","_relevanssi_related_keywords":"","_relevanssi_related_include_ids":"","_relevanssi_related_exclude_ids":"","_relevanssi_related_no_append":"","_relevanssi_related_not_related":"","_relevanssi_related_posts":"","_relevanssi_noindex_reason":"","footnotes":""},"acf":[],"_links":{"self":[{"href":"https:\/\/www.simonssearchlight.org\/fr\/wp-json\/wp\/v2\/pages\/39348"}],"collection":[{"href":"https:\/\/www.simonssearchlight.org\/fr\/wp-json\/wp\/v2\/pages"}],"about":[{"href":"https:\/\/www.simonssearchlight.org\/fr\/wp-json\/wp\/v2\/types\/page"}],"author":[{"embeddable":true,"href":"https:\/\/www.simonssearchlight.org\/fr\/wp-json\/wp\/v2\/users\/18"}],"replies":[{"embeddable":true,"href":"https:\/\/www.simonssearchlight.org\/fr\/wp-json\/wp\/v2\/comments?post=39348"}],"version-history":[{"count":3,"href":"https:\/\/www.simonssearchlight.org\/fr\/wp-json\/wp\/v2\/pages\/39348\/revisions"}],"predecessor-version":[{"id":74549,"href":"https:\/\/www.simonssearchlight.org\/fr\/wp-json\/wp\/v2\/pages\/39348\/revisions\/74549"}],"up":[{"embeddable":true,"href":"https:\/\/www.simonssearchlight.org\/fr\/wp-json\/wp\/v2\/pages\/38035"}],"wp:attachment":[{"href":"https:\/\/www.simonssearchlight.org\/fr\/wp-json\/wp\/v2\/media?parent=39348"}],"curies":[{"name":"wp","href":"https:\/\/api.w.org\/{rel}","templated":true}]}}