{"id":39292,"date":"2019-11-13T13:56:59","date_gmt":"2019-11-13T18:56:59","guid":{"rendered":"https:\/\/www.simonssearchlight.org\/processus-de-recherche\/les-maladies-genetiques-que-nous-etudions\/nlgn2\/"},"modified":"2025-09-08T06:53:47","modified_gmt":"2025-09-08T10:53:47","slug":"nlgn2","status":"publish","type":"page","link":"https:\/\/www.simonssearchlight.org\/fr\/processus-de-recherche\/les-maladies-genetiques-que-nous-etudions\/nlgn2\/","title":{"rendered":"NLGN2"},"content":{"rendered":"<p><span style=\"font-weight: 400;\">Les informations pour ce r\u00e9sum\u00e9 du <\/span><strong>Syndrome li\u00e9 au NLGN2<\/strong><span style=\"font-weight: 400;\">  proviennent de publications de recherche. Il ne s&#8217;agit pas d&#8217;un avis m\u00e9dical. <\/span><\/p>\n<p><a href=\"https:\/\/www.simonssearchlight.org\/fr\/gene-guide\/syndrome-lie-au-nlgn2\/\" target=\"_blank\" rel=\"noopener\"><strong>Cliquez ici pour consulter notre guide complet sur le g\u00e8ne NLGN2<\/strong><\/a><\/p>\n<p>Le guide des g\u00e8nes en ligne contient de plus amples informations sur le <span class=\"notranslate\">NLGN2<\/span>, telles que la probabilit\u00e9 d&#8217;avoir un autre enfant atteint de cette maladie, les probl\u00e8mes de comportement et de d\u00e9veloppement li\u00e9s au syndrome <span class=\"notranslate\">li\u00e9 au NLGN2<\/span> ou les sp\u00e9cialistes \u00e0 prendre en compte pour les personnes atteintes de cette maladie. Partagez cette ressource avec les membres de votre famille ou vos prestataires de soins.<\/p>\n<p><strong>Le syndrome li\u00e9 au NLGN2<\/strong><span style=\"font-weight: 400;\"> est \u00e9galement appel\u00e9<\/span> <strong>Trouble neurod\u00e9veloppemental li\u00e9 au NLGN2<\/strong><span style=\"font-weight: 400;\">. Pour cette page web, nous utiliserons le nom  <\/span><strong>syndrome li\u00e9 au NLGN2<\/strong><span style=\"font-weight: 400;\"> pour englober le large \u00e9ventail de variantes observ\u00e9es chez les personnes identifi\u00e9es.<\/span><\/p>\n","protected":false},"excerpt":{"rendered":"<p>Les informations pour ce r\u00e9sum\u00e9 du Syndrome li\u00e9 au NLGN2 proviennent de publications de recherche. Il ne s&#8217;agit pas d&#8217;un avis m\u00e9dical. Cliquez ici pour consulter notre guide complet sur le g\u00e8ne NLGN2 Le guide des g\u00e8nes en ligne contient de plus amples informations sur le NLGN2, telles que la probabilit\u00e9 d&#8217;avoir un autre enfant [&hellip;]<\/p>\n","protected":false},"author":13,"featured_media":0,"parent":38035,"menu_order":0,"comment_status":"closed","ping_status":"closed","template":"page-gene-card.php","meta":{"_acf_changed":false,"_relevanssi_hide_post":"","_relevanssi_hide_content":"","_relevanssi_pin_for_all":"","_relevanssi_pin_keywords":"","_relevanssi_unpin_keywords":"","_relevanssi_related_keywords":"","_relevanssi_related_include_ids":"","_relevanssi_related_exclude_ids":"","_relevanssi_related_no_append":"","_relevanssi_related_not_related":"","_relevanssi_related_posts":"","_relevanssi_noindex_reason":"","footnotes":""},"acf":[],"_links":{"self":[{"href":"https:\/\/www.simonssearchlight.org\/fr\/wp-json\/wp\/v2\/pages\/39292"}],"collection":[{"href":"https:\/\/www.simonssearchlight.org\/fr\/wp-json\/wp\/v2\/pages"}],"about":[{"href":"https:\/\/www.simonssearchlight.org\/fr\/wp-json\/wp\/v2\/types\/page"}],"author":[{"embeddable":true,"href":"https:\/\/www.simonssearchlight.org\/fr\/wp-json\/wp\/v2\/users\/13"}],"replies":[{"embeddable":true,"href":"https:\/\/www.simonssearchlight.org\/fr\/wp-json\/wp\/v2\/comments?post=39292"}],"version-history":[{"count":3,"href":"https:\/\/www.simonssearchlight.org\/fr\/wp-json\/wp\/v2\/pages\/39292\/revisions"}],"predecessor-version":[{"id":64264,"href":"https:\/\/www.simonssearchlight.org\/fr\/wp-json\/wp\/v2\/pages\/39292\/revisions\/64264"}],"up":[{"embeddable":true,"href":"https:\/\/www.simonssearchlight.org\/fr\/wp-json\/wp\/v2\/pages\/38035"}],"wp:attachment":[{"href":"https:\/\/www.simonssearchlight.org\/fr\/wp-json\/wp\/v2\/media?parent=39292"}],"curies":[{"name":"wp","href":"https:\/\/api.w.org\/{rel}","templated":true}]}}