{"id":39229,"date":"2019-09-24T14:37:37","date_gmt":"2019-09-24T18:37:37","guid":{"rendered":"https:\/\/www.simonssearchlight.org\/39229-2\/"},"modified":"2024-01-29T10:00:34","modified_gmt":"2024-01-29T15:00:34","slug":"39229-2","status":"publish","type":"page","link":"https:\/\/www.simonssearchlight.org\/fr\/processus-de-recherche\/les-maladies-genetiques-que-nous-etudions\/dst\/39229-2\/","title":{"rendered":""},"content":{"rendered":"<h1 style=\"text-align: left;\"><strong>Exc\u00e8s de nouveaux variants rares de perte de fonction dans les g\u00e8nes synaptiques dans la schizophr\u00e9nie et les troubles du spectre autistique<\/strong><\/h1>\n<p>Article de recherche original par E.M. Kenny <em>et al.<\/em> (2014).<\/p>\n<p>Lire l&#8217;article <a href=\"https:\/\/www.nature.com\/articles\/mp2013127\">ici<\/a>.<\/p>\n<p>Plus de 400 personnes atteintes de schizophr\u00e9nie et de troubles du spectre autistique ont \u00e9t\u00e9 test\u00e9es pour d\u00e9tecter des changements dans 215 g\u00e8nes \u00e0 risque possibles. Des modifications g\u00e9n\u00e9tiques de la DST ont \u00e9t\u00e9 identifi\u00e9es chez quatre personnes autistes et cinq personnes schizophr\u00e8nes, mais aussi chez trois personnes ne pr\u00e9sentant pas de diff\u00e9rences sociales ou de sant\u00e9 mentale. Les auteurs de cette \u00e9tude observent qu&#8217;aucune preuve dans la litt\u00e9rature ne soutient les changements rares \u00e0 l&#8217;heure du coucher du soleil chez les personnes atteintes de schizophr\u00e9nie ou d&#8217;autisme.<\/p>\n","protected":false},"excerpt":{"rendered":"<p>Exc\u00e8s de nouveaux variants rares de perte de fonction dans les g\u00e8nes synaptiques dans la schizophr\u00e9nie et les troubles du spectre autistique Article de recherche original par E.M. Kenny et al. (2014). Lire l&#8217;article ici. Plus de 400 personnes atteintes de schizophr\u00e9nie et de troubles du spectre autistique ont \u00e9t\u00e9 test\u00e9es pour d\u00e9tecter des changements [&hellip;]<\/p>\n","protected":false},"author":13,"featured_media":0,"parent":76919,"menu_order":0,"comment_status":"closed","ping_status":"closed","template":"","meta":{"_acf_changed":false,"_relevanssi_hide_post":"","_relevanssi_hide_content":"","_relevanssi_pin_for_all":"","_relevanssi_pin_keywords":"","_relevanssi_unpin_keywords":"","_relevanssi_related_keywords":"","_relevanssi_related_include_ids":"","_relevanssi_related_exclude_ids":"","_relevanssi_related_no_append":"","_relevanssi_related_not_related":"","_relevanssi_related_posts":"","_relevanssi_noindex_reason":"","footnotes":""},"acf":[],"_links":{"self":[{"href":"https:\/\/www.simonssearchlight.org\/fr\/wp-json\/wp\/v2\/pages\/39229"}],"collection":[{"href":"https:\/\/www.simonssearchlight.org\/fr\/wp-json\/wp\/v2\/pages"}],"about":[{"href":"https:\/\/www.simonssearchlight.org\/fr\/wp-json\/wp\/v2\/types\/page"}],"author":[{"embeddable":true,"href":"https:\/\/www.simonssearchlight.org\/fr\/wp-json\/wp\/v2\/users\/13"}],"replies":[{"embeddable":true,"href":"https:\/\/www.simonssearchlight.org\/fr\/wp-json\/wp\/v2\/comments?post=39229"}],"version-history":[{"count":1,"href":"https:\/\/www.simonssearchlight.org\/fr\/wp-json\/wp\/v2\/pages\/39229\/revisions"}],"predecessor-version":[{"id":39235,"href":"https:\/\/www.simonssearchlight.org\/fr\/wp-json\/wp\/v2\/pages\/39229\/revisions\/39235"}],"up":[{"embeddable":true,"href":"https:\/\/www.simonssearchlight.org\/fr\/wp-json\/wp\/v2\/pages\/76919"}],"wp:attachment":[{"href":"https:\/\/www.simonssearchlight.org\/fr\/wp-json\/wp\/v2\/media?parent=39229"}],"curies":[{"name":"wp","href":"https:\/\/api.w.org\/{rel}","templated":true}]}}