{"id":39092,"date":"2022-12-20T15:50:18","date_gmt":"2022-12-20T20:50:18","guid":{"rendered":"https:\/\/www.simonssearchlight.org\/shine-your-searchlight-%e2%9c%a8-campagne-de-sensibilisation\/"},"modified":"2025-11-05T15:07:24","modified_gmt":"2025-11-05T20:07:24","slug":"shine-your-searchlight-%e2%9c%a8-campagne-de-sensibilisation","status":"publish","type":"page","link":"https:\/\/www.simonssearchlight.org\/fr\/shine-your-searchlight-%e2%9c%a8-campagne-de-sensibilisation\/","title":{"rendered":"Shine Your Searchlight \u2728 Campagne de sensibilisation"},"content":{"rendered":"<p>&nbsp;<\/p>\n<p>L<span style=\"font-weight: 400;\">&#8216;\u00e9quipe de <span class=\"notranslate\">Simons Searchlight<\/span> a lanc\u00e9 un nouveau projet de collaboration passionnant appel\u00e9 <\/span><b>Shine Your Searchlight\u2728.<\/b> <span style=\"font-weight: 400;\">Avec l&#8217;aide de notre comit\u00e9 consultatif communautaire, nous avons \u00e9labor\u00e9 une s\u00e9rie d&#8217;infographies destin\u00e9es \u00e0 soutenir nos communaut\u00e9s de d\u00e9fense des patients dans leurs efforts de recrutement et d&#8217;engagement dans <span class=\"notranslate\">Simons Searchlight<\/span>. <\/span> <\/p>\n<style>\n.iframe-container {overflow: hidden;padding-top: 129%;position: relative;} .iframe-container iframe {position: absolute;top: 0;left: 0;border: 0;width: 100%;height: 100%;}<\/style>\n<div class=\"iframe-container\"><iframe src=\"https:\/\/cdn.simonssearchlight.org\/wp-content\/uploads\/2024\/02\/08041634\/Internal-Use-Only_ShineYourSearchlight-Campaign-PAG-Infographics-English-Spanish-Dutch-and-French.pdf#toolbar=0&amp;navpanes=0&amp;scrollbar=0\"><\/iframe><\/div>\n","protected":false},"excerpt":{"rendered":"<p>&nbsp; L&#8216;\u00e9quipe de Simons Searchlight a lanc\u00e9 un nouveau projet de collaboration passionnant appel\u00e9 Shine Your Searchlight\u2728. Avec l&#8217;aide de notre comit\u00e9 consultatif communautaire, nous avons \u00e9labor\u00e9 une s\u00e9rie d&#8217;infographies destin\u00e9es \u00e0 soutenir nos communaut\u00e9s de d\u00e9fense des patients dans leurs efforts de recrutement et d&#8217;engagement dans Simons Searchlight.<\/p>\n","protected":false},"author":18,"featured_media":0,"parent":0,"menu_order":0,"comment_status":"closed","ping_status":"closed","template":"","meta":{"_acf_changed":false,"_relevanssi_hide_post":"","_relevanssi_hide_content":"","_relevanssi_pin_for_all":"","_relevanssi_pin_keywords":"","_relevanssi_unpin_keywords":"","_relevanssi_related_keywords":"","_relevanssi_related_include_ids":"","_relevanssi_related_exclude_ids":"","_relevanssi_related_no_append":"","_relevanssi_related_not_related":"","_relevanssi_related_posts":"","_relevanssi_noindex_reason":"","footnotes":""},"acf":[],"_links":{"self":[{"href":"https:\/\/www.simonssearchlight.org\/fr\/wp-json\/wp\/v2\/pages\/39092"}],"collection":[{"href":"https:\/\/www.simonssearchlight.org\/fr\/wp-json\/wp\/v2\/pages"}],"about":[{"href":"https:\/\/www.simonssearchlight.org\/fr\/wp-json\/wp\/v2\/types\/page"}],"author":[{"embeddable":true,"href":"https:\/\/www.simonssearchlight.org\/fr\/wp-json\/wp\/v2\/users\/18"}],"replies":[{"embeddable":true,"href":"https:\/\/www.simonssearchlight.org\/fr\/wp-json\/wp\/v2\/comments?post=39092"}],"version-history":[{"count":3,"href":"https:\/\/www.simonssearchlight.org\/fr\/wp-json\/wp\/v2\/pages\/39092\/revisions"}],"predecessor-version":[{"id":40688,"href":"https:\/\/www.simonssearchlight.org\/fr\/wp-json\/wp\/v2\/pages\/39092\/revisions\/40688"}],"wp:attachment":[{"href":"https:\/\/www.simonssearchlight.org\/fr\/wp-json\/wp\/v2\/media?parent=39092"}],"curies":[{"name":"wp","href":"https:\/\/api.w.org\/{rel}","templated":true}]}}