{"id":39066,"date":"2021-08-26T11:02:48","date_gmt":"2021-08-26T15:02:48","guid":{"rendered":"https:\/\/www.simonssearchlight.org\/recapitulation-de-la-conference-virtuelle-2021\/"},"modified":"2024-01-29T09:59:32","modified_gmt":"2024-01-29T14:59:32","slug":"recapitulation-de-la-conference-virtuelle-2021","status":"publish","type":"page","link":"https:\/\/www.simonssearchlight.org\/fr\/recapitulation-de-la-conference-virtuelle-2021\/","title":{"rendered":"R\u00e9capitulation de la conf\u00e9rence virtuelle 2021"},"content":{"rendered":"<p><span style=\"font-weight: 400;\">Nous vous remercions de votre participation \u00e0 la <\/span><b>2021 Conf\u00e9rence virtuelle <span class=\"notranslate\">Simons Searchlight<\/span> Family &amp; Research<\/b><span style=\"font-weight: 400;\">. Nous esp\u00e9rons que les informations fournies tout au long de ces journ\u00e9es ont \u00e9t\u00e9 utiles et int\u00e9ressantes pour vous et votre famille. Vous trouverez ci-dessous des informations utiles sur l&#8217;apr\u00e8s-conf\u00e9rence.<\/span><\/p>\n<h4><strong>Pr\u00e9sentations et vid\u00e9os de la conf\u00e9rence<\/strong><\/h4>\n<p><span style=\"font-weight: 400;\">Si vous avez manqu\u00e9 la conf\u00e9rence ou une session, ou si vous souhaitez revoir les pr\u00e9sentations, nous avons t\u00e9l\u00e9charg\u00e9 toutes les vid\u00e9os de la conf\u00e9rence sur notre<\/span><a href=\"https:\/\/youtube.com\/playlist?list=PLCCQtjvUGWRJLspd5K67K4ZqldXPmVHoD\"> <span style=\"font-weight: 400;\">page YouTube<\/span><\/a><span style=\"font-weight: 400;\">. La liste de lecture compl\u00e8te se trouve ci-dessous.<\/span><\/p>\n<iframe loading=\"lazy\" title=\"Lecteur vid\u00e9o YouTube\" src=\"https:\/\/www.youtube.com\/embed\/videoseries?list=PLCCQtjvUGWRJLspd5K67K4ZqldXPmVHoD\" width=\"560\" height=\"315\" frameborder=\"0\" allowfullscreen=\"allowfullscreen\"><\/iframe><\/p>\n<h4><strong>Enqu\u00eate sur la conf\u00e9rence<\/strong><\/h4>\n<p><span style=\"font-weight: 400;\">Nous vous invitons \u00e0<\/span> <a href=\"https:\/\/bit.ly\/ConferenceFeedbackSurvey\"><br \/>\n  <span style=\"font-weight: 400;\">\u00e0 r\u00e9pondre \u00e0 cette courte enqu\u00eate<\/span><br \/>\n<\/a><span style=\"font-weight: 400;\"> pour nous faire part de vos commentaires sur votre exp\u00e9rience de la conf\u00e9rence.<\/span><\/p>\n<h4><strong>Document : Remue-m\u00e9ninges interactif dirig\u00e9 par les parents sur ce qui fonctionne pour le d\u00e9veloppement de votre enfant<\/strong><\/h4>\n<p>Ce <a href=\"https:\/\/docs.google.com\/document\/d\/e\/2PACX-1vT0kraHnghYGZmZJGAa7At78bXRoWvWgbTVpEguw0QW43y4ZWk6cNNsXRcTgSnb-E3fAyfuNHWQm2HU\/pub\">document est un recueil de ressources, d&#8217;id\u00e9es et d&#8217;outils partag\u00e9s par les familles<\/a>. Ce document n&#8217;a pas vocation \u00e0 se substituer \u00e0 un avis m\u00e9dical. <span class=\"notranslate\">Simons Searchlight<\/span> n&#8217;approuve pas les suggestions faites au cours de cette s\u00e9ance de r\u00e9flexion interactive. Consultez toujours votre m\u00e9decin au sujet de votre condition g\u00e9n\u00e9tique et de vos choix en mati\u00e8re de soins de sant\u00e9. Les suggestions pr\u00e9sent\u00e9es ici proviennent de parents et de soignants et portent sur ce qui a fonctionn\u00e9 pour eux sur diff\u00e9rents sujets.<\/p>\n<h4><strong>Questions restantes de l&#8217;entretien Q&amp;R<\/strong><\/h4>\n<p><span style=\"font-weight: 400;\">Nous comprenons que toutes les questions n&#8217;ont pas trouv\u00e9 de r\u00e9ponse lors des s\u00e9ances de questions-r\u00e9ponses. Nous avons cr\u00e9\u00e9 ce <a href=\"https:\/\/docs.google.com\/document\/d\/e\/2PACX-1vTbA4ouVkPw7VvHi-hrgc1ngaMBYx2OYTtTqR88h8mH1ncLDEGPRmq1QC7-y4bZiJOwrHUPMhL3DTKY\/pub\"> document intitul\u00e9 &#8220;Questions sans r\u00e9ponse des s\u00e9ances de questions-r\u00e9ponses&#8221;<\/a> qui reprend le nom de la s\u00e9ance, les questions et les r\u00e9ponses. Nous esp\u00e9rons qu&#8217;il s&#8217;agit d&#8217;une ressource utile.<\/span><\/p>\n<h4><strong>Photomaton virtuel de la conf\u00e9rence<\/strong><\/h4>\n<p><a href=\"https:\/\/www.simonssearchlight.org\/fr\/recapitulation-de-la-conference-virtuelle-2021\/thank-you-3-2\/\" rel=\"attachment wp-att-11056\"><img loading=\"lazy\" decoding=\"async\" class=\"alignnone wp-image-11056 size-large\" src=\"https:\/\/cdn.simonssearchlight.org\/wp-content\/uploads\/2021\/08\/26070459\/Thank-you-3-1024x819.png\" alt=\"\" width=\"1024\" height=\"819\" srcset=\"https:\/\/cdn.simonssearchlight.org\/wp-content\/uploads\/2021\/08\/26070459\/Thank-you-3-1024x819.png 1024w, https:\/\/cdn.simonssearchlight.org\/wp-content\/uploads\/2021\/08\/26070459\/Thank-you-3-300x240.png 300w, https:\/\/cdn.simonssearchlight.org\/wp-content\/uploads\/2021\/08\/26070459\/Thank-you-3-768x614.png 768w, https:\/\/cdn.simonssearchlight.org\/wp-content\/uploads\/2021\/08\/26070459\/Thank-you-3.png 2000w\" sizes=\"(max-width: 1024px) 100vw, 1024px\" \/><\/a><\/p>\n<p><a href=\"https:\/\/www.simonssearchlight.org\/fr\/recapitulation-de-la-conference-virtuelle-2021\/thank-you-4-2\/\" rel=\"attachment wp-att-11058\"><img loading=\"lazy\" decoding=\"async\" class=\"alignnone size-large wp-image-11058\" src=\"https:\/\/cdn.simonssearchlight.org\/wp-content\/uploads\/2021\/08\/26070656\/Thank-you-4-1024x819.png\" alt=\"\" width=\"1024\" height=\"819\" srcset=\"https:\/\/cdn.simonssearchlight.org\/wp-content\/uploads\/2021\/08\/26070656\/Thank-you-4-1024x819.png 1024w, https:\/\/cdn.simonssearchlight.org\/wp-content\/uploads\/2021\/08\/26070656\/Thank-you-4-300x240.png 300w, https:\/\/cdn.simonssearchlight.org\/wp-content\/uploads\/2021\/08\/26070656\/Thank-you-4-768x614.png 768w, https:\/\/cdn.simonssearchlight.org\/wp-content\/uploads\/2021\/08\/26070656\/Thank-you-4.png 2000w\" sizes=\"(max-width: 1024px) 100vw, 1024px\" \/><\/a><\/p>\n","protected":false},"excerpt":{"rendered":"<p>Nous vous remercions de votre participation \u00e0 la 2021 Conf\u00e9rence virtuelle Simons Searchlight Family &amp; Research. Nous esp\u00e9rons que les informations fournies tout au long de ces journ\u00e9es ont \u00e9t\u00e9 utiles et int\u00e9ressantes pour vous et votre famille. Vous trouverez ci-dessous des informations utiles sur l&#8217;apr\u00e8s-conf\u00e9rence. Pr\u00e9sentations et vid\u00e9os de la conf\u00e9rence Si vous avez [&hellip;]<\/p>\n","protected":false},"author":18,"featured_media":0,"parent":0,"menu_order":0,"comment_status":"closed","ping_status":"closed","template":"","meta":{"_acf_changed":false,"_relevanssi_hide_post":"","_relevanssi_hide_content":"","_relevanssi_pin_for_all":"","_relevanssi_pin_keywords":"","_relevanssi_unpin_keywords":"","_relevanssi_related_keywords":"","_relevanssi_related_include_ids":"","_relevanssi_related_exclude_ids":"","_relevanssi_related_no_append":"","_relevanssi_related_not_related":"","_relevanssi_related_posts":"","_relevanssi_noindex_reason":"","footnotes":""},"acf":[],"_links":{"self":[{"href":"https:\/\/www.simonssearchlight.org\/fr\/wp-json\/wp\/v2\/pages\/39066"}],"collection":[{"href":"https:\/\/www.simonssearchlight.org\/fr\/wp-json\/wp\/v2\/pages"}],"about":[{"href":"https:\/\/www.simonssearchlight.org\/fr\/wp-json\/wp\/v2\/types\/page"}],"author":[{"embeddable":true,"href":"https:\/\/www.simonssearchlight.org\/fr\/wp-json\/wp\/v2\/users\/18"}],"replies":[{"embeddable":true,"href":"https:\/\/www.simonssearchlight.org\/fr\/wp-json\/wp\/v2\/comments?post=39066"}],"version-history":[{"count":1,"href":"https:\/\/www.simonssearchlight.org\/fr\/wp-json\/wp\/v2\/pages\/39066\/revisions"}],"predecessor-version":[{"id":39075,"href":"https:\/\/www.simonssearchlight.org\/fr\/wp-json\/wp\/v2\/pages\/39066\/revisions\/39075"}],"wp:attachment":[{"href":"https:\/\/www.simonssearchlight.org\/fr\/wp-json\/wp\/v2\/media?parent=39066"}],"curies":[{"name":"wp","href":"https:\/\/api.w.org\/{rel}","templated":true}]}}