{"id":38986,"date":"2020-09-28T12:06:43","date_gmt":"2020-09-28T16:06:43","guid":{"rendered":"https:\/\/www.simonssearchlight.org\/processus-de-recherche\/les-maladies-genetiques-que-nous-etudions\/ddx3x\/"},"modified":"2025-12-19T09:08:19","modified_gmt":"2025-12-19T14:08:19","slug":"ddx3x","status":"publish","type":"page","link":"https:\/\/www.simonssearchlight.org\/fr\/processus-de-recherche\/les-maladies-genetiques-que-nous-etudions\/ddx3x\/","title":{"rendered":"DDX3X"},"content":{"rendered":"<p>Les informations contenues dans ce r\u00e9sum\u00e9 sur le <strong>syndrome<span class=\"notranslate\">li\u00e9 \u00e0 DDX3X<\/span><\/strong> proviennent de publications de recherche. Il ne s&#8217;agit pas d&#8217;un avis m\u00e9dical.<\/p>\n<p><a href=\"https:\/\/www.simonssearchlight.org\/fr\/gene-guide\/syndrome-lie-a-ddx3x\/\" target=\"_blank\" rel=\"noopener\"><strong>Cliquez ici pour consulter notre guide complet des g\u00e8nes DDX3X<\/strong><\/a><\/p>\n<p>Le guide des g\u00e8nes en ligne comprend des informations suppl\u00e9mentaires sur DDX3X, telles que le risque d&#8217;avoir un autre enfant atteint de cette maladie, les probl\u00e8mes de comportement et de d\u00e9veloppement li\u00e9s au syndrome DDX3X ou les sp\u00e9cialistes \u00e0 prendre en compte pour les personnes atteintes de cette maladie. Partagez cette ressource avec les membres de votre famille ou vos prestataires de soins.<\/p>\n<p><strong>Le syndrome li\u00e9 \u00e0 DDX3X<\/strong><span style=\"font-weight: 400;\"> est \u00e9galement appel\u00e9 <\/span><strong>trouble du d\u00e9veloppement intellectuel, syndrome li\u00e9 \u00e0 l&#8217;X, type Snijders Blok <\/strong>ou <strong>trouble du d\u00e9veloppement neurologique DDX3X<\/strong>.<span style=\"font-weight: 400;\"> Pour<\/span> <span style=\"font-weight: 400;\">cette page web, nous utiliserons le nom de <\/span><strong>syndrome li\u00e9 \u00e0 DDX3X<\/strong><span style=\"font-weight: 400;\"> pour englober le large \u00e9ventail de variantes observ\u00e9es chez les personnes identifi\u00e9es.<\/span><\/p>\n","protected":false},"excerpt":{"rendered":"<p>Les informations contenues dans ce r\u00e9sum\u00e9 sur le syndromeli\u00e9 \u00e0 DDX3X proviennent de publications de recherche. Il ne s&#8217;agit pas d&#8217;un avis m\u00e9dical. Cliquez ici pour consulter notre guide complet des g\u00e8nes DDX3X Le guide des g\u00e8nes en ligne comprend des informations suppl\u00e9mentaires sur DDX3X, telles que le risque d&#8217;avoir un autre enfant atteint de [&hellip;]<\/p>\n","protected":false},"author":6,"featured_media":0,"parent":38035,"menu_order":0,"comment_status":"closed","ping_status":"closed","template":"page-gene-card.php","meta":{"_acf_changed":false,"_relevanssi_hide_post":"","_relevanssi_hide_content":"","_relevanssi_pin_for_all":"","_relevanssi_pin_keywords":"","_relevanssi_unpin_keywords":"","_relevanssi_related_keywords":"","_relevanssi_related_include_ids":"","_relevanssi_related_exclude_ids":"","_relevanssi_related_no_append":"","_relevanssi_related_not_related":"","_relevanssi_related_posts":"","_relevanssi_noindex_reason":"","footnotes":""},"acf":[],"_links":{"self":[{"href":"https:\/\/www.simonssearchlight.org\/fr\/wp-json\/wp\/v2\/pages\/38986"}],"collection":[{"href":"https:\/\/www.simonssearchlight.org\/fr\/wp-json\/wp\/v2\/pages"}],"about":[{"href":"https:\/\/www.simonssearchlight.org\/fr\/wp-json\/wp\/v2\/types\/page"}],"author":[{"embeddable":true,"href":"https:\/\/www.simonssearchlight.org\/fr\/wp-json\/wp\/v2\/users\/6"}],"replies":[{"embeddable":true,"href":"https:\/\/www.simonssearchlight.org\/fr\/wp-json\/wp\/v2\/comments?post=38986"}],"version-history":[{"count":3,"href":"https:\/\/www.simonssearchlight.org\/fr\/wp-json\/wp\/v2\/pages\/38986\/revisions"}],"predecessor-version":[{"id":74578,"href":"https:\/\/www.simonssearchlight.org\/fr\/wp-json\/wp\/v2\/pages\/38986\/revisions\/74578"}],"up":[{"embeddable":true,"href":"https:\/\/www.simonssearchlight.org\/fr\/wp-json\/wp\/v2\/pages\/38035"}],"wp:attachment":[{"href":"https:\/\/www.simonssearchlight.org\/fr\/wp-json\/wp\/v2\/media?parent=38986"}],"curies":[{"name":"wp","href":"https:\/\/api.w.org\/{rel}","templated":true}]}}