{"id":38967,"date":"2020-10-08T18:32:21","date_gmt":"2020-10-08T22:32:21","guid":{"rendered":"https:\/\/www.simonssearchlight.org\/processus-de-recherche\/les-maladies-genetiques-que-nous-etudions\/kmt5b\/"},"modified":"2025-12-05T11:05:56","modified_gmt":"2025-12-05T16:05:56","slug":"kmt5b","status":"publish","type":"page","link":"https:\/\/www.simonssearchlight.org\/fr\/processus-de-recherche\/les-maladies-genetiques-que-nous-etudions\/kmt5b\/","title":{"rendered":"KMT5B"},"content":{"rendered":"<p><span style=\"font-weight: 400;\">Les informations de ce r\u00e9sum\u00e9 du <\/span><strong>Syndrome li\u00e9 \u00e0 la prot\u00e9ine <span class=\"notranslate\">KMT5B<\/span><\/strong><span style=\"font-weight: 400;\">  proviennent de publications de recherche. Il ne s&#8217;agit pas d&#8217;un avis m\u00e9dical. <\/span><\/p>\n<p><a href=\"https:\/\/www.simonssearchlight.org\/es\/gene-guide\/sindrome-relacionado-con-kmt5b\/\" target=\"_blank\" rel=\"noopener\"><strong>Cliquez ici pour consulter notre guide complet du g\u00e8ne KMT5B<\/strong><\/a><\/p>\n<p>Le Guide des g\u00e8nes en ligne comprend des informations suppl\u00e9mentaires sur le g\u00e8ne <span class=\"notranslate\">KMT5B<\/span>, telles que le risque d&#8217;avoir un autre enfant atteint de cette maladie, les probl\u00e8mes de comportement et de d\u00e9veloppement li\u00e9s au syndrome li\u00e9 au g\u00e8ne <span class=\"notranslate\">KMT5B<\/span> ou les sp\u00e9cialistes \u00e0 prendre en compte pour les personnes atteintes de cette maladie. Partagez cette ressource avec les membres de votre famille ou vos prestataires de soins.<\/p>\n<p><strong>Le syndrome li\u00e9 \u00e0 la prot\u00e9ine <span class=\"notranslate\">KMT5B<\/span><\/strong><span style=\"font-weight: 400;\"> est \u00e9galement appel\u00e9 <\/span><strong>trouble du d\u00e9veloppement intellectuel, autosomique dominant 51<\/strong><span style=\"font-weight: 400;\">.<\/span> <span style=\"font-weight: 400;\">Pour cette page web, nous utiliserons le nom de <\/span><strong>syndrome li\u00e9 \u00e0 la prot\u00e9ine <span class=\"notranslate\">KMT5B<\/span><\/strong><span style=\"font-weight: 400;\"> pour englober le large \u00e9ventail de variantes observ\u00e9es chez les personnes identifi\u00e9es.<\/span><\/p>\n","protected":false},"excerpt":{"rendered":"<p>Les informations de ce r\u00e9sum\u00e9 du Syndrome li\u00e9 \u00e0 la prot\u00e9ine KMT5B proviennent de publications de recherche. Il ne s&#8217;agit pas d&#8217;un avis m\u00e9dical. Cliquez ici pour consulter notre guide complet du g\u00e8ne KMT5B Le Guide des g\u00e8nes en ligne comprend des informations suppl\u00e9mentaires sur le g\u00e8ne KMT5B, telles que le risque d&#8217;avoir un autre [&hellip;]<\/p>\n","protected":false},"author":13,"featured_media":0,"parent":38035,"menu_order":0,"comment_status":"closed","ping_status":"closed","template":"page-gene-card.php","meta":{"_acf_changed":false,"_relevanssi_hide_post":"","_relevanssi_hide_content":"","_relevanssi_pin_for_all":"","_relevanssi_pin_keywords":"","_relevanssi_unpin_keywords":"","_relevanssi_related_keywords":"","_relevanssi_related_include_ids":"","_relevanssi_related_exclude_ids":"","_relevanssi_related_no_append":"","_relevanssi_related_not_related":"","_relevanssi_related_posts":"","_relevanssi_noindex_reason":"","footnotes":""},"acf":[],"_links":{"self":[{"href":"https:\/\/www.simonssearchlight.org\/fr\/wp-json\/wp\/v2\/pages\/38967"}],"collection":[{"href":"https:\/\/www.simonssearchlight.org\/fr\/wp-json\/wp\/v2\/pages"}],"about":[{"href":"https:\/\/www.simonssearchlight.org\/fr\/wp-json\/wp\/v2\/types\/page"}],"author":[{"embeddable":true,"href":"https:\/\/www.simonssearchlight.org\/fr\/wp-json\/wp\/v2\/users\/13"}],"replies":[{"embeddable":true,"href":"https:\/\/www.simonssearchlight.org\/fr\/wp-json\/wp\/v2\/comments?post=38967"}],"version-history":[{"count":4,"href":"https:\/\/www.simonssearchlight.org\/fr\/wp-json\/wp\/v2\/pages\/38967\/revisions"}],"predecessor-version":[{"id":63068,"href":"https:\/\/www.simonssearchlight.org\/fr\/wp-json\/wp\/v2\/pages\/38967\/revisions\/63068"}],"up":[{"embeddable":true,"href":"https:\/\/www.simonssearchlight.org\/fr\/wp-json\/wp\/v2\/pages\/38035"}],"wp:attachment":[{"href":"https:\/\/www.simonssearchlight.org\/fr\/wp-json\/wp\/v2\/media?parent=38967"}],"curies":[{"name":"wp","href":"https:\/\/api.w.org\/{rel}","templated":true}]}}