{"id":38934,"date":"2020-09-28T12:04:42","date_gmt":"2020-09-28T16:04:42","guid":{"rendered":"https:\/\/www.simonssearchlight.org\/processus-de-recherche\/les-maladies-genetiques-que-nous-etudions\/ctnnb1\/"},"modified":"2026-04-06T13:29:34","modified_gmt":"2026-04-06T17:29:34","slug":"ctnnb1","status":"publish","type":"page","link":"https:\/\/www.simonssearchlight.org\/fr\/processus-de-recherche\/les-maladies-genetiques-que-nous-etudions\/ctnnb1\/","title":{"rendered":"CTNNB1"},"content":{"rendered":"<p>Vous trouverez ci-dessous un r\u00e9sum\u00e9 du g\u00e8ne <strong><span class=\"notranslate\">CTNNB1<\/span> <\/strong>observ\u00e9 dans les publications de recherche. Il ne s&#8217;agit pas d&#8217;un avis m\u00e9dical. <\/p>\n<p><a href=\"https:\/\/www.simonssearchlight.org\/es\/gene-guide\/sindrome-relacionado-con-ctnnb1\/\" target=\"_blank\" rel=\"noopener\"><strong>Cliquez ici pour consulter notre guide complet du g\u00e8ne CTNNB1<\/strong><\/a><\/p>\n<p>Le guide des g\u00e8nes en ligne comprend des informations suppl\u00e9mentaires sur le <span class=\"notranslate\">CTNNB1<\/span>, telles que le risque d&#8217;avoir un autre enfant atteint de cette maladie, les probl\u00e8mes de comportement et de d\u00e9veloppement li\u00e9s au syndrome li\u00e9 au <span class=\"notranslate\">CTNNB1<\/span> ou les sp\u00e9cialistes \u00e0 prendre en compte pour les personnes atteintes de cette maladie. Partagez cette ressource avec les membres de votre famille ou vos prestataires de soins. <\/p>\n","protected":false},"excerpt":{"rendered":"<p>Vous trouverez ci-dessous un r\u00e9sum\u00e9 du g\u00e8ne CTNNB1 observ\u00e9 dans les publications de recherche. Il ne s&#8217;agit pas d&#8217;un avis m\u00e9dical. Cliquez ici pour consulter notre guide complet du g\u00e8ne CTNNB1 Le guide des g\u00e8nes en ligne comprend des informations suppl\u00e9mentaires sur le CTNNB1, telles que le risque d&#8217;avoir un autre enfant atteint de cette [&hellip;]<\/p>\n","protected":false},"author":6,"featured_media":0,"parent":38035,"menu_order":0,"comment_status":"closed","ping_status":"closed","template":"page-gene-card.php","meta":{"_acf_changed":false,"_relevanssi_hide_post":"","_relevanssi_hide_content":"","_relevanssi_pin_for_all":"","_relevanssi_pin_keywords":"","_relevanssi_unpin_keywords":"","_relevanssi_related_keywords":"","_relevanssi_related_include_ids":"","_relevanssi_related_exclude_ids":"","_relevanssi_related_no_append":"","_relevanssi_related_not_related":"","_relevanssi_related_posts":"","_relevanssi_noindex_reason":"","footnotes":""},"acf":[],"_links":{"self":[{"href":"https:\/\/www.simonssearchlight.org\/fr\/wp-json\/wp\/v2\/pages\/38934"}],"collection":[{"href":"https:\/\/www.simonssearchlight.org\/fr\/wp-json\/wp\/v2\/pages"}],"about":[{"href":"https:\/\/www.simonssearchlight.org\/fr\/wp-json\/wp\/v2\/types\/page"}],"author":[{"embeddable":true,"href":"https:\/\/www.simonssearchlight.org\/fr\/wp-json\/wp\/v2\/users\/6"}],"replies":[{"embeddable":true,"href":"https:\/\/www.simonssearchlight.org\/fr\/wp-json\/wp\/v2\/comments?post=38934"}],"version-history":[{"count":5,"href":"https:\/\/www.simonssearchlight.org\/fr\/wp-json\/wp\/v2\/pages\/38934\/revisions"}],"predecessor-version":[{"id":61825,"href":"https:\/\/www.simonssearchlight.org\/fr\/wp-json\/wp\/v2\/pages\/38934\/revisions\/61825"}],"up":[{"embeddable":true,"href":"https:\/\/www.simonssearchlight.org\/fr\/wp-json\/wp\/v2\/pages\/38035"}],"wp:attachment":[{"href":"https:\/\/www.simonssearchlight.org\/fr\/wp-json\/wp\/v2\/media?parent=38934"}],"curies":[{"name":"wp","href":"https:\/\/api.w.org\/{rel}","templated":true}]}}