{"id":38917,"date":"2020-09-28T12:04:15","date_gmt":"2020-09-28T16:04:15","guid":{"rendered":"https:\/\/www.simonssearchlight.org\/processus-de-recherche\/les-maladies-genetiques-que-nous-etudions\/ctcf\/"},"modified":"2025-11-05T14:48:15","modified_gmt":"2025-11-05T19:48:15","slug":"ctcf","status":"publish","type":"page","link":"https:\/\/www.simonssearchlight.org\/fr\/processus-de-recherche\/les-maladies-genetiques-que-nous-etudions\/ctcf\/","title":{"rendered":"CTCF"},"content":{"rendered":"<p><span style=\"font-weight: 400;\">Les informations contenues dans ce r\u00e9sum\u00e9 des syndromes li\u00e9s \u00e0 la <\/span><strong>syndrome li\u00e9 au CTCF<\/strong><span style=\"font-weight: 400;\">  proviennent de publications de recherche. Il ne s&#8217;agit pas d&#8217;un avis m\u00e9dical. <\/span><\/p>\n<p><strong><a href=\"https:\/\/www.simonssearchlight.org\/it\/gene-guide\/sindrome-correlata-a-ctcf\/\" target=\"_blank\" rel=\"noopener\">Cliquez ici pour consulter notre guide complet des g\u00e8nes CTCF<\/a><\/strong><\/p>\n<p>Le guide des g\u00e8nes en ligne comprend des informations suppl\u00e9mentaires sur la FCCT, telles que le risque d&#8217;avoir un autre enfant atteint de cette maladie, les probl\u00e8mes de comportement et de d\u00e9veloppement li\u00e9s au syndrome de la FCCT ou les sp\u00e9cialistes \u00e0 prendre en compte pour les personnes atteintes de cette maladie. Partagez cette ressource avec les membres de votre famille ou vos prestataires de soins.<\/p>\n<p><strong><span class=\"notranslate\">Le syndrome li\u00e9 au CTCF<\/span><\/strong><span style=\"font-weight: 400;\"> est \u00e9galement appel\u00e9 <\/span><strong>trouble neurod\u00e9veloppemental li\u00e9 au CTCF<\/strong><span style=\"font-weight: 400;\"> et <\/span><strong>trouble du d\u00e9veloppement intellectuel, autosomique dominant 21<\/strong><span style=\"font-weight: 400;\">.<\/span> <span style=\"font-weight: 400;\">Pour cette page web, nous utiliserons le nom de <\/span><strong><span class=\"notranslate\">syndrome li\u00e9 au CTCF<\/span><\/strong><span style=\"font-weight: 400;\"> pour englober le large \u00e9ventail de variantes observ\u00e9es chez les personnes identifi\u00e9es.<\/span><\/p>\n","protected":false},"excerpt":{"rendered":"<p>Les informations contenues dans ce r\u00e9sum\u00e9 des syndromes li\u00e9s \u00e0 la syndrome li\u00e9 au CTCF proviennent de publications de recherche. Il ne s&#8217;agit pas d&#8217;un avis m\u00e9dical. Cliquez ici pour consulter notre guide complet des g\u00e8nes CTCF Le guide des g\u00e8nes en ligne comprend des informations suppl\u00e9mentaires sur la FCCT, telles que le risque d&#8217;avoir [&hellip;]<\/p>\n","protected":false},"author":6,"featured_media":0,"parent":38035,"menu_order":0,"comment_status":"closed","ping_status":"closed","template":"page-gene-card.php","meta":{"_acf_changed":false,"_relevanssi_hide_post":"","_relevanssi_hide_content":"","_relevanssi_pin_for_all":"","_relevanssi_pin_keywords":"","_relevanssi_unpin_keywords":"","_relevanssi_related_keywords":"","_relevanssi_related_include_ids":"","_relevanssi_related_exclude_ids":"","_relevanssi_related_no_append":"","_relevanssi_related_not_related":"","_relevanssi_related_posts":"","_relevanssi_noindex_reason":"","footnotes":""},"acf":[],"_links":{"self":[{"href":"https:\/\/www.simonssearchlight.org\/fr\/wp-json\/wp\/v2\/pages\/38917"}],"collection":[{"href":"https:\/\/www.simonssearchlight.org\/fr\/wp-json\/wp\/v2\/pages"}],"about":[{"href":"https:\/\/www.simonssearchlight.org\/fr\/wp-json\/wp\/v2\/types\/page"}],"author":[{"embeddable":true,"href":"https:\/\/www.simonssearchlight.org\/fr\/wp-json\/wp\/v2\/users\/6"}],"replies":[{"embeddable":true,"href":"https:\/\/www.simonssearchlight.org\/fr\/wp-json\/wp\/v2\/comments?post=38917"}],"version-history":[{"count":4,"href":"https:\/\/www.simonssearchlight.org\/fr\/wp-json\/wp\/v2\/pages\/38917\/revisions"}],"predecessor-version":[{"id":63024,"href":"https:\/\/www.simonssearchlight.org\/fr\/wp-json\/wp\/v2\/pages\/38917\/revisions\/63024"}],"up":[{"embeddable":true,"href":"https:\/\/www.simonssearchlight.org\/fr\/wp-json\/wp\/v2\/pages\/38035"}],"wp:attachment":[{"href":"https:\/\/www.simonssearchlight.org\/fr\/wp-json\/wp\/v2\/media?parent=38917"}],"curies":[{"name":"wp","href":"https:\/\/api.w.org\/{rel}","templated":true}]}}