{"id":38895,"date":"2020-09-30T16:32:21","date_gmt":"2020-09-30T20:32:21","guid":{"rendered":"https:\/\/www.simonssearchlight.org\/processus-de-recherche\/les-maladies-genetiques-que-nous-etudions\/actb\/"},"modified":"2025-11-07T14:26:32","modified_gmt":"2025-11-07T19:26:32","slug":"actb","status":"publish","type":"page","link":"https:\/\/www.simonssearchlight.org\/fr\/processus-de-recherche\/les-maladies-genetiques-que-nous-etudions\/actb\/","title":{"rendered":"ACTB"},"content":{"rendered":"<p><span style=\"font-weight: 400;\">Les informations pour ce r\u00e9sum\u00e9 du <\/span><strong>Syndrome li\u00e9 \u00e0 l&#8217;<span class=\"notranslate\">ACTB<\/span><\/strong><span style=\"font-weight: 400;\">  proviennent de publications de recherche. Il ne s&#8217;agit pas d&#8217;un avis m\u00e9dical. <\/span><\/p>\n<p><a href=\"https:\/\/www.simonssearchlight.org\/fr\/gene-guide\/syndrome-lie-a-lactb\/\" target=\"_blank\" rel=\"noopener\"><strong>Cliquez ici pour consulter notre guide complet des g\u00e8nes ACTB<\/strong><\/a><\/p>\n<p>Le Guide des g\u00e8nes en ligne contient de plus amples informations sur l&#8217;<span class=\"notranslate\">ACTB<\/span>, telles que le risque d&#8217;avoir un autre enfant atteint de cette maladie, les probl\u00e8mes de comportement et de d\u00e9veloppement li\u00e9s au syndrome de l&#8217;<span class=\"notranslate\">ACTB<\/span> ou les sp\u00e9cialistes \u00e0 envisager pour les personnes atteintes de cette maladie. Partagez cette ressource avec les membres de votre famille ou vos prestataires de soins.<\/p>\n<p><strong>Le syndrome li\u00e9 \u00e0 l&#8217;<span class=\"notranslate\">ACTB<\/span><\/strong><span style=\"font-weight: 400;\"> est \u00e9galement appel\u00e9 <\/span><strong>syndrome c\u00e9r\u00e9bro-facial de Baraitser-Winter, syndrome malformations d\u00e9veloppementales-surdit\u00e9-dystonie <\/strong>ou <strong>trouble li\u00e9 \u00e0 l&#8217;<span class=\"notranslate\">ACTB<\/span><\/strong>.<span style=\"font-weight: 400;\">. Pour cette page web, nous utiliserons le nom  <\/span><strong>syndrome li\u00e9 \u00e0 l&#8217;<span class=\"notranslate\">ACTB<\/span><\/strong> <span style=\"font-weight: 400;\">pour englober le large \u00e9ventail de variantes observ\u00e9es chez les personnes identifi\u00e9es.<\/span><\/p>\n","protected":false},"excerpt":{"rendered":"<p>Les informations pour ce r\u00e9sum\u00e9 du Syndrome li\u00e9 \u00e0 l&#8217;ACTB proviennent de publications de recherche. Il ne s&#8217;agit pas d&#8217;un avis m\u00e9dical. Cliquez ici pour consulter notre guide complet des g\u00e8nes ACTB Le Guide des g\u00e8nes en ligne contient de plus amples informations sur l&#8217;ACTB, telles que le risque d&#8217;avoir un autre enfant atteint de [&hellip;]<\/p>\n","protected":false},"author":18,"featured_media":0,"parent":38035,"menu_order":0,"comment_status":"closed","ping_status":"closed","template":"page-gene-card.php","meta":{"_acf_changed":false,"_relevanssi_hide_post":"","_relevanssi_hide_content":"","_relevanssi_pin_for_all":"","_relevanssi_pin_keywords":"","_relevanssi_unpin_keywords":"","_relevanssi_related_keywords":"","_relevanssi_related_include_ids":"","_relevanssi_related_exclude_ids":"","_relevanssi_related_no_append":"","_relevanssi_related_not_related":"","_relevanssi_related_posts":"","_relevanssi_noindex_reason":"","footnotes":""},"acf":[],"_links":{"self":[{"href":"https:\/\/www.simonssearchlight.org\/fr\/wp-json\/wp\/v2\/pages\/38895"}],"collection":[{"href":"https:\/\/www.simonssearchlight.org\/fr\/wp-json\/wp\/v2\/pages"}],"about":[{"href":"https:\/\/www.simonssearchlight.org\/fr\/wp-json\/wp\/v2\/types\/page"}],"author":[{"embeddable":true,"href":"https:\/\/www.simonssearchlight.org\/fr\/wp-json\/wp\/v2\/users\/18"}],"replies":[{"embeddable":true,"href":"https:\/\/www.simonssearchlight.org\/fr\/wp-json\/wp\/v2\/comments?post=38895"}],"version-history":[{"count":2,"href":"https:\/\/www.simonssearchlight.org\/fr\/wp-json\/wp\/v2\/pages\/38895\/revisions"}],"predecessor-version":[{"id":73313,"href":"https:\/\/www.simonssearchlight.org\/fr\/wp-json\/wp\/v2\/pages\/38895\/revisions\/73313"}],"up":[{"embeddable":true,"href":"https:\/\/www.simonssearchlight.org\/fr\/wp-json\/wp\/v2\/pages\/38035"}],"wp:attachment":[{"href":"https:\/\/www.simonssearchlight.org\/fr\/wp-json\/wp\/v2\/media?parent=38895"}],"curies":[{"name":"wp","href":"https:\/\/api.w.org\/{rel}","templated":true}]}}