{"id":38876,"date":"2020-09-24T12:57:12","date_gmt":"2020-09-24T16:57:12","guid":{"rendered":"https:\/\/www.simonssearchlight.org\/processus-de-recherche\/les-maladies-genetiques-que-nous-etudions\/asxl3\/"},"modified":"2026-04-06T13:06:08","modified_gmt":"2026-04-06T17:06:08","slug":"asxl3","status":"publish","type":"page","link":"https:\/\/www.simonssearchlight.org\/fr\/processus-de-recherche\/les-maladies-genetiques-que-nous-etudions\/asxl3\/","title":{"rendered":"ASXL3"},"content":{"rendered":"<p><span style=\"font-weight: 400;\">L&#8217;information pour ce r\u00e9sum\u00e9 du <\/span><b>Syndrome li\u00e9 \u00e0 l&#8217;<span class=\"notranslate\">ASXL3<\/span><\/b><span style=\"font-weight: 400;\">  proviennent de publications de recherche. Il ne s&#8217;agit pas d&#8217;un avis m\u00e9dical. <\/span><\/p>\n<p><a href=\"https:\/\/www.simonssearchlight.org\/es\/gene-guide\/sindrome-relacionado-con-asxl3\/\" target=\"_blank\" rel=\"noopener\"><strong>Cliquez ici pour consulter notre guide complet des g\u00e8nes ASXL3<\/strong><\/a><\/p>\n<p>Le Guide des g\u00e8nes en ligne comprend de plus amples informations sur l&#8217;<span class=\"notranslate\">ASXL3<\/span>, telles que les chances d&#8217;avoir un autre enfant atteint de cette maladie, les probl\u00e8mes de comportement et de d\u00e9veloppement li\u00e9s au syndrome li\u00e9 \u00e0 l&#8217;<span class=\"notranslate\">ASXL3<\/span> ou les sp\u00e9cialistes \u00e0 prendre en compte pour les personnes atteintes de cette maladie. Partagez cette ressource avec les membres de votre famille ou vos prestataires de soins.<\/p>\n<p><strong>Le syndrome li\u00e9 \u00e0 l&#8217;<span class=\"notranslate\">ASXL3<\/span><\/strong><span style=\"font-weight: 400;\"> est \u00e9galement appel\u00e9 <\/span><strong>syndrome de Bainbridge-Ropers<\/strong> <span style=\"font-weight: 400;\">ou <\/span><strong>BRPS<\/strong><span style=\"font-weight: 400;\">. Pour cette page web, nous utiliserons le nom  <\/span><strong>syndrome li\u00e9 \u00e0 l&#8217;<span class=\"notranslate\">ASXL3<\/span><\/strong><span style=\"font-weight: 400;\"> pour englober le large \u00e9ventail de variantes observ\u00e9es chez les personnes identifi\u00e9es.<\/span><\/p>\n","protected":false},"excerpt":{"rendered":"<p>L&#8217;information pour ce r\u00e9sum\u00e9 du Syndrome li\u00e9 \u00e0 l&#8217;ASXL3 proviennent de publications de recherche. Il ne s&#8217;agit pas d&#8217;un avis m\u00e9dical. Cliquez ici pour consulter notre guide complet des g\u00e8nes ASXL3 Le Guide des g\u00e8nes en ligne comprend de plus amples informations sur l&#8217;ASXL3, telles que les chances d&#8217;avoir un autre enfant atteint de cette [&hellip;]<\/p>\n","protected":false},"author":14,"featured_media":0,"parent":38035,"menu_order":0,"comment_status":"closed","ping_status":"closed","template":"page-gene-card.php","meta":{"_acf_changed":false,"_relevanssi_hide_post":"","_relevanssi_hide_content":"","_relevanssi_pin_for_all":"","_relevanssi_pin_keywords":"","_relevanssi_unpin_keywords":"","_relevanssi_related_keywords":"","_relevanssi_related_include_ids":"","_relevanssi_related_exclude_ids":"","_relevanssi_related_no_append":"","_relevanssi_related_not_related":"","_relevanssi_related_posts":"","_relevanssi_noindex_reason":"","footnotes":""},"acf":[],"_links":{"self":[{"href":"https:\/\/www.simonssearchlight.org\/fr\/wp-json\/wp\/v2\/pages\/38876"}],"collection":[{"href":"https:\/\/www.simonssearchlight.org\/fr\/wp-json\/wp\/v2\/pages"}],"about":[{"href":"https:\/\/www.simonssearchlight.org\/fr\/wp-json\/wp\/v2\/types\/page"}],"author":[{"embeddable":true,"href":"https:\/\/www.simonssearchlight.org\/fr\/wp-json\/wp\/v2\/users\/14"}],"replies":[{"embeddable":true,"href":"https:\/\/www.simonssearchlight.org\/fr\/wp-json\/wp\/v2\/comments?post=38876"}],"version-history":[{"count":8,"href":"https:\/\/www.simonssearchlight.org\/fr\/wp-json\/wp\/v2\/pages\/38876\/revisions"}],"predecessor-version":[{"id":61705,"href":"https:\/\/www.simonssearchlight.org\/fr\/wp-json\/wp\/v2\/pages\/38876\/revisions\/61705"}],"up":[{"embeddable":true,"href":"https:\/\/www.simonssearchlight.org\/fr\/wp-json\/wp\/v2\/pages\/38035"}],"wp:attachment":[{"href":"https:\/\/www.simonssearchlight.org\/fr\/wp-json\/wp\/v2\/media?parent=38876"}],"curies":[{"name":"wp","href":"https:\/\/api.w.org\/{rel}","templated":true}]}}