{"id":38871,"date":"2020-09-21T15:56:41","date_gmt":"2020-09-21T19:56:41","guid":{"rendered":"https:\/\/www.simonssearchlight.org\/processus-de-recherche\/les-maladies-genetiques-que-nous-etudions\/csnk2a1\/"},"modified":"2026-04-06T13:27:56","modified_gmt":"2026-04-06T17:27:56","slug":"csnk2a1","status":"publish","type":"page","link":"https:\/\/www.simonssearchlight.org\/fr\/processus-de-recherche\/les-maladies-genetiques-que-nous-etudions\/csnk2a1\/","title":{"rendered":"CSNK2A1"},"content":{"rendered":"<p>Vous trouverez ci-dessous un r\u00e9sum\u00e9 du g\u00e8ne <strong><span class=\"notranslate\">CSNK2A1<\/span><\/strong> observ\u00e9 dans les publications de recherche. n&#8217;a pas vocation \u00e0 se substituer \u00e0 un avis m\u00e9dical. <\/p>\n<p><a href=\"https:\/\/www.simonssearchlight.org\/fr\/processus-de-recherche\/les-maladies-genetiques-que-nous-etudions\/csnk2a1\/\" target=\"_blank\" rel=\"noopener\"><strong>Cliquez ici pour consulter notre guide complet du g\u00e8ne CSNK2A1<\/strong><\/a><\/p>\n<p>Le Guide des g\u00e8nes en ligne comprend des informations suppl\u00e9mentaires sur le <span class=\"notranslate\">CSNK2A1<\/span>, telles que le risque d&#8217;avoir un autre enfant atteint de cette maladie, les probl\u00e8mes de comportement et de d\u00e9veloppement li\u00e9s au syndrome li\u00e9 au <span class=\"notranslate\">CSNK2A1<\/span> ou les sp\u00e9cialistes \u00e0 prendre en compte pour les personnes atteintes de cette maladie. Partagez cette ressource avec les membres de votre famille ou vos prestataires de soins.<\/p>\n<p>Le syndrome li\u00e9 au <span class=\"notranslate\">CSNK2A1<\/span> est \u00e9galement appel\u00e9 <strong>syndrome neurod\u00e9veloppemental d&#8217;Okur-Chung (OCNDS)<\/strong>. Pour cette page web, nous utiliserons le nom de syndrome li\u00e9 au <span class=\"notranslate\">CSNK2A1<\/span> pour englober le large \u00e9ventail de variantes observ\u00e9es chez les personnes identifi\u00e9es.<\/p>\n","protected":false},"excerpt":{"rendered":"<p>Vous trouverez ci-dessous un r\u00e9sum\u00e9 du g\u00e8ne CSNK2A1 observ\u00e9 dans les publications de recherche. n&#8217;a pas vocation \u00e0 se substituer \u00e0 un avis m\u00e9dical. Cliquez ici pour consulter notre guide complet du g\u00e8ne CSNK2A1 Le Guide des g\u00e8nes en ligne comprend des informations suppl\u00e9mentaires sur le CSNK2A1, telles que le risque d&#8217;avoir un autre enfant [&hellip;]<\/p>\n","protected":false},"author":14,"featured_media":0,"parent":38035,"menu_order":0,"comment_status":"closed","ping_status":"closed","template":"page-gene-card.php","meta":{"_acf_changed":false,"_relevanssi_hide_post":"","_relevanssi_hide_content":"","_relevanssi_pin_for_all":"","_relevanssi_pin_keywords":"","_relevanssi_unpin_keywords":"","_relevanssi_related_keywords":"","_relevanssi_related_include_ids":"","_relevanssi_related_exclude_ids":"","_relevanssi_related_no_append":"","_relevanssi_related_not_related":"","_relevanssi_related_posts":"","_relevanssi_noindex_reason":"","footnotes":""},"acf":[],"_links":{"self":[{"href":"https:\/\/www.simonssearchlight.org\/fr\/wp-json\/wp\/v2\/pages\/38871"}],"collection":[{"href":"https:\/\/www.simonssearchlight.org\/fr\/wp-json\/wp\/v2\/pages"}],"about":[{"href":"https:\/\/www.simonssearchlight.org\/fr\/wp-json\/wp\/v2\/types\/page"}],"author":[{"embeddable":true,"href":"https:\/\/www.simonssearchlight.org\/fr\/wp-json\/wp\/v2\/users\/14"}],"replies":[{"embeddable":true,"href":"https:\/\/www.simonssearchlight.org\/fr\/wp-json\/wp\/v2\/comments?post=38871"}],"version-history":[{"count":7,"href":"https:\/\/www.simonssearchlight.org\/fr\/wp-json\/wp\/v2\/pages\/38871\/revisions"}],"predecessor-version":[{"id":61810,"href":"https:\/\/www.simonssearchlight.org\/fr\/wp-json\/wp\/v2\/pages\/38871\/revisions\/61810"}],"up":[{"embeddable":true,"href":"https:\/\/www.simonssearchlight.org\/fr\/wp-json\/wp\/v2\/pages\/38035"}],"wp:attachment":[{"href":"https:\/\/www.simonssearchlight.org\/fr\/wp-json\/wp\/v2\/media?parent=38871"}],"curies":[{"name":"wp","href":"https:\/\/api.w.org\/{rel}","templated":true}]}}