{"id":38867,"date":"2020-08-24T08:22:20","date_gmt":"2020-08-24T12:22:20","guid":{"rendered":"https:\/\/www.simonssearchlight.org\/lhistoire-dolivia\/"},"modified":"2024-01-29T09:59:10","modified_gmt":"2024-01-29T14:59:10","slug":"lhistoire-dolivia","status":"publish","type":"page","link":"https:\/\/www.simonssearchlight.org\/fr\/processus-de-recherche\/les-maladies-genetiques-que-nous-etudions\/scn2a-2\/lhistoire-dolivia\/","title":{"rendered":"L&#8217;histoire d&#8217;Olivia"},"content":{"rendered":"<h3 style=\"text-align: center;\">Par : Sergio, parent d&#8217;Olivia, 8 ans, atteinte d&#8217;une mutation g\u00e9n\u00e9tique SCN2A<\/h3>\n<p style=\"padding-left: 0px; text-align: center;\"><em>&#8220;Soyez forts et d\u00e9fendez toujours vos enfants.<\/em><\/p>\n<h3>Quelle est la relation de votre enfant avec ses fr\u00e8res et s\u0153urs ?<\/h3>\n<p>Comme tous les fr\u00e8res et s\u0153urs, ils se battent et se disputent, mais ne peuvent pas vivre l&#8217;un sans l&#8217;autre lorsqu&#8217;ils sont s\u00e9par\u00e9s.<\/p>\n<h3>Que fait votre famille pour s&#8217;amuser ?<\/h3>\n<p>Nous aimons aller \u00e0 l&#8217;oc\u00e9an, nous d\u00e9tendre et nous promener. Nous aimons aussi faire de la p\u00e2tisserie le week-end ou aller camper.<\/p>\n<h3>Parlez-nous de la plus grande difficult\u00e9 \u00e0 laquelle votre famille est confront\u00e9e.<\/h3>\n<p>Les crises d&#8217;\u00e9pilepsie de ma fille ont \u00e9t\u00e9 la plus grande difficult\u00e9. La frustration a \u00e9t\u00e9 la plus grande \u00e9tant donn\u00e9 que ses crises ont \u00e9t\u00e9 contr\u00f4l\u00e9es jusqu&#8217;\u00e0 l&#8217;absence de crises pendant une longue p\u00e9riode et que, lorsqu&#8217;elles ont \u00e9clat\u00e9, il a fallu essayer de trouver la bonne dose ou le bon m\u00e9dicament pour les contr\u00f4ler \u00e0 nouveau.<\/p>\n<h3>Qu&#8217;est-ce qui vous fait sourire chez votre enfant ?<\/h3>\n<p>Ses histoires. Elle a des histoires qui \u00e9gayent votre journ\u00e9e lorsqu&#8217;elle est morose. Ils sont mignons et vous ram\u00e8nent \u00e0 votre enfance.<\/p>\n<h3>Qu&#8217;est-ce qui vous motive \u00e0 participer \u00e0 la recherche ?<\/h3>\n<p>Un rem\u00e8de sera bient\u00f4t disponible et en attendant, des traitements efficaces pour contr\u00f4ler les crises jusqu&#8217;\u00e0 ce que nous trouvions un rem\u00e8de, ce qui, je pense, ne saurait tarder.<\/p>\n<h3>Comment pensez-vous influencer notre compr\u00e9hension des changements g\u00e9n\u00e9tiques \u00e9tudi\u00e9s dans <span class=\"notranslate\">Simons Searchlight<\/span> (16p11.2, 1q21.1, ou changements g\u00e9n\u00e9tiques uniques) ?<\/h3>\n<p>Je pense que nous avons un impact sur la mani\u00e8re dont nous fournissons des connaissances \u00e0 la communaut\u00e9 scientifique afin qu&#8217;elle puisse disposer des informations dont elle a besoin pour trouver un rem\u00e8de.<\/p>\n<h3>Qu&#8217;avez-vous appris d&#8217;autres familles sur la maladie de votre enfant ?<\/h3>\n<p>BEAUCOUP. J&#8217;ai appris que d&#8217;autres enfants souffraient d&#8217;une multitude de maladies, de l&#8217;autisme \u00e0 l&#8217;\u00e9pilepsie, en passant par la d\u00e9ficience intellectuelle, certaines n&#8217;ayant pratiquement aucun effet, d&#8217;autres en ayant de graves.<\/p>\n<h3>Si vous pouviez donner un conseil \u00e0 une personne r\u00e9cemment diagnostiqu\u00e9e comme ayant un changement g\u00e9n\u00e9tique dans votre famille, quel serait-il ?<\/h3>\n<p>Apprenez, faites des recherches, posez des questions, rejoignez le groupe pour poser des questions et obtenir des conseils, et faites pression pour trouver un rem\u00e8de.<\/p>\n<h3>Quelle est la question \u00e0 laquelle vous souhaiteriez que les chercheurs puissent r\u00e9pondre concernant le changement g\u00e9n\u00e9tique de votre enfant ?<\/h3>\n<p>Quand pourrons-nous obtenir un rem\u00e8de ? Quand pourrons-nous b\u00e9n\u00e9ficier d&#8217;un traitement cibl\u00e9 sp\u00e9cifique bas\u00e9 sur la mutation de mon enfant ?<\/p>\n<h3>Y a-t-il autre chose que vous aimeriez partager avec d&#8217;autres familles ?<\/h3>\n<p>Soyez forts et d\u00e9fendez toujours vos enfants.<\/p>\n","protected":false},"excerpt":{"rendered":"<p>Par : Sergio, parent d&#8217;Olivia, 8 ans, atteinte d&#8217;une mutation g\u00e9n\u00e9tique SCN2A &#8220;Soyez forts et d\u00e9fendez toujours vos enfants. Quelle est la relation de votre enfant avec ses fr\u00e8res et s\u0153urs ? Comme tous les fr\u00e8res et s\u0153urs, ils se battent et se disputent, mais ne peuvent pas vivre l&#8217;un sans l&#8217;autre lorsqu&#8217;ils sont s\u00e9par\u00e9s. [&hellip;]<\/p>\n","protected":false},"author":13,"featured_media":0,"parent":77096,"menu_order":0,"comment_status":"closed","ping_status":"closed","template":"","meta":{"_acf_changed":false,"_relevanssi_hide_post":"","_relevanssi_hide_content":"","_relevanssi_pin_for_all":"","_relevanssi_pin_keywords":"","_relevanssi_unpin_keywords":"","_relevanssi_related_keywords":"","_relevanssi_related_include_ids":"","_relevanssi_related_exclude_ids":"","_relevanssi_related_no_append":"","_relevanssi_related_not_related":"","_relevanssi_related_posts":"","_relevanssi_noindex_reason":"","footnotes":""},"acf":[],"_links":{"self":[{"href":"https:\/\/www.simonssearchlight.org\/fr\/wp-json\/wp\/v2\/pages\/38867"}],"collection":[{"href":"https:\/\/www.simonssearchlight.org\/fr\/wp-json\/wp\/v2\/pages"}],"about":[{"href":"https:\/\/www.simonssearchlight.org\/fr\/wp-json\/wp\/v2\/types\/page"}],"author":[{"embeddable":true,"href":"https:\/\/www.simonssearchlight.org\/fr\/wp-json\/wp\/v2\/users\/13"}],"replies":[{"embeddable":true,"href":"https:\/\/www.simonssearchlight.org\/fr\/wp-json\/wp\/v2\/comments?post=38867"}],"version-history":[{"count":1,"href":"https:\/\/www.simonssearchlight.org\/fr\/wp-json\/wp\/v2\/pages\/38867\/revisions"}],"predecessor-version":[{"id":38872,"href":"https:\/\/www.simonssearchlight.org\/fr\/wp-json\/wp\/v2\/pages\/38867\/revisions\/38872"}],"up":[{"embeddable":true,"href":"https:\/\/www.simonssearchlight.org\/fr\/wp-json\/wp\/v2\/pages\/77096"}],"wp:attachment":[{"href":"https:\/\/www.simonssearchlight.org\/fr\/wp-json\/wp\/v2\/media?parent=38867"}],"curies":[{"name":"wp","href":"https:\/\/api.w.org\/{rel}","templated":true}]}}