{"id":38824,"date":"2020-04-24T13:39:04","date_gmt":"2020-04-24T17:39:04","guid":{"rendered":"https:\/\/www.simonssearchlight.org\/ressources\/articles\/"},"modified":"2024-01-29T09:59:09","modified_gmt":"2024-01-29T14:59:09","slug":"articles","status":"publish","type":"page","link":"https:\/\/www.simonssearchlight.org\/fr\/ressources\/articles\/","title":{"rendered":"Articles"},"content":{"rendered":"<p>Obtenez les derni\u00e8res mises \u00e0 jour de Simons Searchlight, y compris des articles sur nos participants, nos scientifiques et d&#8217;autres membres de notre communaut\u00e9.<\/p>\n<table style=\"width: 100%;\">\n<tbody>\n<tr>\n<td style=\"padding: 10px;\"><a href=\"https:\/\/www.simonssearchlight.org\/fr\/ressources\/articles\/spark_braxton-2\/\"><img loading=\"lazy\" decoding=\"async\" class=\"alignright wp-image-11616 size-full\" src=\"https:\/\/cdn.simonssearchlight.org\/wp-content\/uploads\/2022\/01\/20030422\/SPARK_Braxton.jpeg\" alt=\"\" width=\"888\" height=\"466\"><\/a><\/td>\n<td style=\"padding: 10px; vertical-align: top;\"><strong>Un diagnostic d&#8217;autisme \u00e0 l&#8217;\u00e2ge adulte conduit \u00e0 un nouvel objectif professionnel<\/strong><\/p>\n<p>SPARK for Autism a r\u00e9cemment partag\u00e9 l&#8217;exp\u00e9rience de Braxton Webb qui a re\u00e7u un diagnostic g\u00e9n\u00e9tique, DYRK1A.<\/p>\n<p><span style=\"color: #0000ff;\"><a style=\"color: #0000ff;\" href=\"https:\/\/bit.ly\/SPARK_Braxton\" target=\"_blank\" rel=\"noopener noreferrer\">En savoir plus<\/a><\/span><\/td>\n<\/tr>\n<tr>\n<td style=\"padding: 10px;\"><a href=\"https:\/\/www.simonssearchlight.org\/fr\/ressources\/profils-des-chercheurs\/roni-yamane-msc-et-tzofia-drori-msc\/researcher-article-with-genetic-counselors-2\/\"><img loading=\"lazy\" decoding=\"async\" class=\"alignright wp-image-11294 size-large\" src=\"https:\/\/cdn.simonssearchlight.org\/wp-content\/uploads\/2021\/10\/19120328\/Researcher-article-with-genetic-counselors-1024x635.png\" alt=\"\" width=\"1024\" height=\"635\" srcset=\"https:\/\/cdn.simonssearchlight.org\/wp-content\/uploads\/2021\/10\/19120328\/Researcher-article-with-genetic-counselors-1024x635.png 1024w, https:\/\/cdn.simonssearchlight.org\/wp-content\/uploads\/2021\/10\/19120328\/Researcher-article-with-genetic-counselors-300x186.png 300w, https:\/\/cdn.simonssearchlight.org\/wp-content\/uploads\/2021\/10\/19120328\/Researcher-article-with-genetic-counselors-768x476.png 768w, https:\/\/cdn.simonssearchlight.org\/wp-content\/uploads\/2021\/10\/19120328\/Researcher-article-with-genetic-counselors.png 1058w\" sizes=\"(max-width: 1024px) 100vw, 1024px\" \/><\/a><\/td>\n<td style=\"padding: 10px; vertical-align: top;\"><strong><span style=\"color: #333333;\">Profil du chercheur : Roni Yamane, MSc. et Tzofia Drori, MSc.<\/span><\/strong><\/p>\n<p>Drori et Yamane ont utilis\u00e9 le programme Research Match de Simons Searchlight pour lancer une enqu\u00eate aupr\u00e8s des participants \u00e0 Searchlight.<\/p>\n<p><span style=\"color: #0000ff;\"><a style=\"color: #0000ff;\" href=\"https:\/\/www.simonssearchlight.org\/fr\/ressources\/profils-des-chercheurs\/roni-yamane-msc-et-tzofia-drori-msc\/\" target=\"_blank\" rel=\"noopener noreferrer\">En savoir plus<\/a><\/span><\/td>\n<\/tr>\n<tr>\n<td style=\"padding: 10px;\"><a href=\"https:\/\/www.simonssearchlight.org\/fr\/ressources\/articles\/screen-shot-2021-09-24-at-9-42-09-am-2\/\"><img loading=\"lazy\" decoding=\"async\" class=\"alignnone wp-image-11187 size-medium\" src=\"https:\/\/cdn.simonssearchlight.org\/wp-content\/uploads\/2021\/09\/24054226\/Screen-Shot-2021-09-24-at-9.42.09-AM-300x176.png\" alt=\"\" width=\"300\" height=\"176\" srcset=\"https:\/\/cdn.simonssearchlight.org\/wp-content\/uploads\/2021\/09\/24054226\/Screen-Shot-2021-09-24-at-9.42.09-AM-300x176.png 300w, https:\/\/cdn.simonssearchlight.org\/wp-content\/uploads\/2021\/09\/24054226\/Screen-Shot-2021-09-24-at-9.42.09-AM-768x449.png 768w, https:\/\/cdn.simonssearchlight.org\/wp-content\/uploads\/2021\/09\/24054226\/Screen-Shot-2021-09-24-at-9.42.09-AM-1024x599.png 1024w, https:\/\/cdn.simonssearchlight.org\/wp-content\/uploads\/2021\/09\/24054226\/Screen-Shot-2021-09-24-at-9.42.09-AM.png 1200w\" sizes=\"(max-width: 300px) 100vw, 300px\" \/><\/a><\/td>\n<td style=\"padding: 10px; vertical-align: top;\"><strong>Enqu\u00eate 5 : Mises \u00e0 jour, un an apr\u00e8s le d\u00e9but de la pand\u00e9mie de COVID-19<\/strong><\/p>\n<p>Nos conclusions sur l&#8217;opinion des soignants de <span class=\"notranslate\">Simons Searchlight<\/span> sur le vaccin COVID-19 sont r\u00e9sum\u00e9es ci-dessous.<\/p>\n<p><span style=\"color: #0000ff;\"><a style=\"color: #0000ff;\" href=\"https:\/\/www.simonssearchlight.org\/fr\/enquete-5-mises-a-jour-un-an-apres-le-debut-de-la-pandemie-de-covid-19\/\" target=\"_blank\" rel=\"noopener noreferrer\">En savoir plus<\/a><\/span><\/td>\n<\/tr>\n<tr>\n<td style=\"padding: 10px;\"><a href=\"https:\/\/www.simonssearchlight.org\/fr\/ressources\/articles\/gleeson_horizontal-2\/\"><span style=\"color: #333333;\"><img loading=\"lazy\" decoding=\"async\" class=\"alignnone wp-image-11013 size-medium\" src=\"https:\/\/cdn.simonssearchlight.org\/wp-content\/uploads\/2021\/08\/17115948\/Gleeson_horizontal-300x200.jpg\" alt=\"\" width=\"300\" height=\"200\"><\/span><\/a><\/td>\n<td style=\"padding: 10px; vertical-align: top;\"><span style=\"color: #333333;\"><strong>Profil du chercheur : Joseph Gleeson, M.D.<\/strong><\/span><\/p>\n<p>Nous avons interview\u00e9 Joseph Gleeson, M.D., \u00e0 propos de son projet Research Match qui est ouvert \u00e0 la communaut\u00e9 Simons Searchlight.<\/p>\n<p><span style=\"color: #0000ff;\"><a style=\"color: #0000ff;\" href=\"https:\/\/www.simonssearchlight.org\/fr\/ressources\/profils-des-chercheurs\/joseph-gleeson-m-d\/\" target=\"_blank\" rel=\"noopener noreferrer\">En savoir plus<\/a><\/span><\/td>\n<\/tr>\n<tr>\n<td style=\"padding: 10px;\"><img loading=\"lazy\" decoding=\"async\" class=\"alignnone size-medium wp-image-11007\" src=\"https:\/\/cdn.simonssearchlight.org\/wp-content\/uploads\/2021\/08\/16101542\/covid_survey_4-300x169.png\" alt=\"\" width=\"300\" height=\"169\" srcset=\"https:\/\/cdn.simonssearchlight.org\/wp-content\/uploads\/2021\/08\/16101542\/covid_survey_4-300x169.png 300w, https:\/\/cdn.simonssearchlight.org\/wp-content\/uploads\/2021\/08\/16101542\/covid_survey_4-768x432.png 768w, https:\/\/cdn.simonssearchlight.org\/wp-content\/uploads\/2021\/08\/16101542\/covid_survey_4-1024x576.png 1024w, https:\/\/cdn.simonssearchlight.org\/wp-content\/uploads\/2021\/08\/16101542\/covid_survey_4.png 1280w\" sizes=\"(max-width: 300px) 100vw, 300px\" \/><\/td>\n<td style=\"padding: 10px; vertical-align: top;\"><strong><span style=\"color: #333333;\">Enqu\u00eate 4 : Acc\u00e8s \u00e0 l&#8217;\u00e9ducation, aux th\u00e9rapies et aux services pendant la p\u00e9riode COVID-19<\/span><\/strong><\/p>\n<p>Les r\u00e9sultats de la quatri\u00e8me enqu\u00eate de Simons Searchlight sur COVID-19 sont r\u00e9sum\u00e9s dans cet article.<\/p>\n<p><span style=\"color: #0000ff;\"><a style=\"color: #0000ff;\" href=\"https:\/\/www.simonssearchlight.org\/fr\/enquete-4-acces-a-leducation-aux-therapies-et-aux-services-pendant-lenquete-covid-19\/\" target=\"_blank\" rel=\"noopener noreferrer\">En savoir plus<\/a><\/span><\/td>\n<\/tr>\n<tr>\n<td style=\"padding: 10px;\"><a href=\"https:\/\/www.simonssearchlight.org\/fr\/ressources\/articles\/screen-shot-2021-08-17-at-4-36-39-pm-2\/\"><span style=\"color: #333333;\"><img loading=\"lazy\" decoding=\"async\" class=\"wp-image-11015 size-medium alignnone\" src=\"https:\/\/cdn.simonssearchlight.org\/wp-content\/uploads\/2021\/08\/17123745\/Screen-Shot-2021-08-17-at-4.36.39-PM-300x169.jpg\" alt=\"\" width=\"300\" height=\"169\" srcset=\"https:\/\/cdn.simonssearchlight.org\/wp-content\/uploads\/2021\/08\/17123745\/Screen-Shot-2021-08-17-at-4.36.39-PM-300x169.jpg 300w, https:\/\/cdn.simonssearchlight.org\/wp-content\/uploads\/2021\/08\/17123745\/Screen-Shot-2021-08-17-at-4.36.39-PM-768x432.jpg 768w, https:\/\/cdn.simonssearchlight.org\/wp-content\/uploads\/2021\/08\/17123745\/Screen-Shot-2021-08-17-at-4.36.39-PM-1024x576.jpg 1024w\" sizes=\"(max-width: 300px) 100vw, 300px\" \/><\/span><\/a><\/td>\n<td style=\"padding: 10px; vertical-align: top;\"><strong><span style=\"color: #333333;\">Profil du chercheur : Siddharth Srivastava, M.D.<\/span><\/strong><\/p>\n<p><span style=\"color: #333333;\">Nous avons interrog\u00e9 le docteur Siddharth Srivastava, neurologue p\u00e9diatrique \u00e0 l&#8217;h\u00f4pital pour enfants de Boston et sp\u00e9cialiste de la neurog\u00e9n\u00e9tique.<\/span><\/p>\n<p><span style=\"color: #0000ff;\"><a style=\"color: #0000ff;\" href=\"https:\/\/www.simonssearchlight.org\/fr\/ressources\/profils-des-chercheurs\/siddharth-srivastava-m-d\/\" target=\"_blank\" rel=\"noopener noreferrer\">En savoir plus<\/a><\/span><\/td>\n<\/tr>\n<tr>\n<td style=\"padding: 10px;\"><img loading=\"lazy\" decoding=\"async\" class=\"alignnone wp-image-9792 size-full\" src=\"https:\/\/cdn.simonssearchlight.org\/wp-content\/uploads\/2021\/02\/02084901\/FB-10yrsC.png\" alt=\"\" width=\"600\" height=\"925\"><\/td>\n<td style=\"padding: 10px; vertical-align: top;\"><span style=\"color: #333333;\"><strong>10 r\u00e9alisations marquantes pour Simons Searchlight au cours des 10 derni\u00e8res ann\u00e9es<\/strong><\/span><\/p>\n<p>Depuis son lancement en d\u00e9cembre 2010, Simons Searchlight a fait des progr\u00e8s dans le domaine des maladies g\u00e9n\u00e9tiques du d\u00e9veloppement neurologique.<\/p>\n<p><span style=\"color: #0000ff;\"><a style=\"color: #0000ff;\" href=\"https:\/\/www.simonssearchlight.org\/fr\/10-realisations-marquantes-pour-simons-searchlight-au-cours-des-10-dernieres-annees\/\">En savoir plus<\/a><\/span><\/td>\n<\/tr>\n<tr>\n<td style=\"padding: 10px;\"><img loading=\"lazy\" decoding=\"async\" class=\"alignnone wp-image-7536 size-full\" src=\"https:\/\/cdn.simonssearchlight.org\/wp-content\/uploads\/2020\/03\/20053300\/searchlight-covid19-update-01.png\" alt=\"\" width=\"600\" height=\"333\" srcset=\"https:\/\/cdn.simonssearchlight.org\/wp-content\/uploads\/2020\/03\/20053300\/searchlight-covid19-update-01.png 600w, https:\/\/cdn.simonssearchlight.org\/wp-content\/uploads\/2020\/03\/20053300\/searchlight-covid19-update-01-300x167.png 300w\" sizes=\"(max-width: 600px) 100vw, 600px\" \/><\/td>\n<td style=\"padding: 10px; vertical-align: top;\"><span style=\"color: #333333;\"><strong>L&#8217;infection par COVID-19 et la population atteinte de troubles neurod\u00e9veloppementaux<\/strong><\/span><\/p>\n<p>Le Dr Wendy Chung a fait le point sur le COVID-19 pour la communaut\u00e9 Simons Searchlight.<\/p>\n<p><span style=\"color: #0000ff;\"><a style=\"color: #0000ff;\" href=\"https:\/\/www.simonssearchlight.org\/fr\/linfection-par-covid-19-et-la-population-atteinte-de-troubles-neurodeveloppementaux\/\">En savoir plus<\/a><\/span><\/td>\n<\/tr>\n<tr>\n<td style=\"padding: 10px;\"><img loading=\"lazy\" decoding=\"async\" class=\"alignnone wp-image-9432 size-full\" src=\"https:\/\/cdn.simonssearchlight.org\/wp-content\/uploads\/2020\/11\/23074053\/Covid-3-Thumbnail.png\" alt=\"\" width=\"450\" height=\"248\"><\/td>\n<td style=\"padding: 10px; vertical-align: top;\"><strong><span style=\"color: #333333;\">Enqu\u00eate 3 : D\u00e9veloppement et sant\u00e9 mentale au cours du COVID-19<\/span><\/strong><\/p>\n<p>Les r\u00e9sultats de la troisi\u00e8me enqu\u00eate de Simons Searchlight sur COVID-19 sont r\u00e9sum\u00e9s dans cet article.<\/p>\n<p><span style=\"color: #0000ff;\"><a style=\"color: #0000ff;\" href=\"https:\/\/www.simonssearchlight.org\/fr\/enquete-3-developpement-et-sante-mentale-au-cours-du-covid-19\/\">En savoir plus<\/a><\/span><\/td>\n<\/tr>\n<tr>\n<td style=\"padding: 10px;\"><img loading=\"lazy\" decoding=\"async\" class=\"alignnone wp-image-8601 \" src=\"https:\/\/cdn.simonssearchlight.org\/wp-content\/uploads\/2020\/08\/24053413\/covid-2-survey.png.png\" alt=\"\" width=\"449\" height=\"248\" srcset=\"https:\/\/cdn.simonssearchlight.org\/wp-content\/uploads\/2020\/08\/24053413\/covid-2-survey.png.png 1164w, https:\/\/cdn.simonssearchlight.org\/wp-content\/uploads\/2020\/08\/24053413\/covid-2-survey.png-300x166.png 300w, https:\/\/cdn.simonssearchlight.org\/wp-content\/uploads\/2020\/08\/24053413\/covid-2-survey.png-768x425.png 768w, https:\/\/cdn.simonssearchlight.org\/wp-content\/uploads\/2020\/08\/24053413\/covid-2-survey.png-1024x567.png 1024w\" sizes=\"(max-width: 449px) 100vw, 449px\" \/><\/td>\n<td style=\"padding: 10px; vertical-align: top;\"><strong><span style=\"color: #333333;\">Enqu\u00eate 2 : Impact du COVID-19 sur le soutien m\u00e9dical et la sant\u00e9 mentale de l&#8217;aidant<\/span><\/strong><\/p>\n<p>Les r\u00e9sultats de la deuxi\u00e8me enqu\u00eate de Simons Searchlight sur COVID-19 sont r\u00e9sum\u00e9s dans cet article.<\/p>\n<p><span style=\"color: #0000ff;\"><a style=\"color: #0000ff;\" href=\"https:\/\/www.simonssearchlight.org\/fr\/enquete-2-impact-du-covid-19-sur-le-soutien-medical-et-la-sante-mentale-de-laidant\/\">En savoir plus<\/a><\/span><\/td>\n<\/tr>\n<tr>\n<td style=\"padding: 10px;\"><img loading=\"lazy\" decoding=\"async\" class=\"alignleft wp-image-7771\" src=\"https:\/\/cdn.simonssearchlight.org\/wp-content\/uploads\/2020\/04\/27105437\/IMG_0357_Thumbnail.jpg\" alt=\"\" width=\"450\" height=\"264\" srcset=\"https:\/\/cdn.simonssearchlight.org\/wp-content\/uploads\/2020\/04\/27105437\/IMG_0357_Thumbnail.jpg 844w, https:\/\/cdn.simonssearchlight.org\/wp-content\/uploads\/2020\/04\/27105437\/IMG_0357_Thumbnail-300x176.jpg 300w, https:\/\/cdn.simonssearchlight.org\/wp-content\/uploads\/2020\/04\/27105437\/IMG_0357_Thumbnail-768x450.jpg 768w\" sizes=\"(max-width: 450px) 100vw, 450px\" \/><\/td>\n<td style=\"padding: 10px; vertical-align: top;\"><strong><span style=\"color: #333333;\">Amber Freed, membre de Simons Searchlight, cherche un &#8220;miracle&#8221; dans la th\u00e9rapie g\u00e9nique<\/span><\/strong><\/p>\n<p>Amber Freed explique comment elle contribue \u00e0 faire avancer la recherche pour son fils atteint du syndrome SLC6A1.<\/p>\n<p><span style=\"color: #0000ff;\"><a style=\"color: #0000ff;\" href=\"https:\/\/www.simonssearchlight.org\/fr\/amber-freed-membre-de-simons-searchlight-cherche-un-miracle-dans-la-therapie-genique\/\">En savoir plus<\/a><\/span><\/td>\n<\/tr>\n<tr>\n<td style=\"padding: 10px;\"><img loading=\"lazy\" decoding=\"async\" class=\"alignnone wp-image-7789\" src=\"https:\/\/cdn.simonssearchlight.org\/wp-content\/uploads\/2020\/04\/28093121\/FB_Survey-Image.png.png\" alt=\"\" width=\"450\" height=\"239\" srcset=\"https:\/\/cdn.simonssearchlight.org\/wp-content\/uploads\/2020\/04\/28093121\/FB_Survey-Image.png.png 1605w, https:\/\/cdn.simonssearchlight.org\/wp-content\/uploads\/2020\/04\/28093121\/FB_Survey-Image.png-300x160.png 300w, https:\/\/cdn.simonssearchlight.org\/wp-content\/uploads\/2020\/04\/28093121\/FB_Survey-Image.png-768x409.png 768w, https:\/\/cdn.simonssearchlight.org\/wp-content\/uploads\/2020\/04\/28093121\/FB_Survey-Image.png-1024x545.png 1024w\" sizes=\"(max-width: 450px) 100vw, 450px\" \/><\/td>\n<td style=\"padding: 10px; vertical-align: top;\"><strong><span style=\"color: #333333;\">Impact de la directive COVID-19 sur les th\u00e9rapies, les services et les soutiens m\u00e9dicaux<\/span><\/strong><\/p>\n<p>Simons Searchlight a voulu savoir comment nos participants sont affect\u00e9s par le COVID-19. Les r\u00e9sultats de l&#8217;enqu\u00eate sont disponibles.<\/p>\n<p><span style=\"color: #0000ff;\"><a style=\"color: #0000ff;\" href=\"https:\/\/www.simonssearchlight.org\/fr\/impact-de-la-directive-covid-19-sur-les-therapies-les-services-et-les-soutiens-medicaux\/\">En savoir plus<\/a><\/span><\/td>\n<\/tr>\n<tr>\n<td style=\"padding: 10px;\"><img loading=\"lazy\" decoding=\"async\" class=\"alignnone wp-image-7536\" src=\"https:\/\/cdn.simonssearchlight.org\/wp-content\/uploads\/2020\/03\/20053300\/searchlight-covid19-update-01.png\" alt=\"\" width=\"450\" height=\"250\" srcset=\"https:\/\/cdn.simonssearchlight.org\/wp-content\/uploads\/2020\/03\/20053300\/searchlight-covid19-update-01.png 600w, https:\/\/cdn.simonssearchlight.org\/wp-content\/uploads\/2020\/03\/20053300\/searchlight-covid19-update-01-300x167.png 300w\" sizes=\"(max-width: 450px) 100vw, 450px\" \/><\/td>\n<td style=\"padding: 10px; vertical-align: top;\"><strong><span style=\"color: #333333;\">Simons Searchlight r\u00e9pond \u00e0 COVID-19<\/span><\/strong><\/p>\n<p>Le Dr Wendy Chung s&#8217;adresse \u00e0 la communaut\u00e9 de Simons Searchlight.<\/p>\n<p><span style=\"color: #0000ff;\"><a style=\"color: #0000ff;\" href=\"https:\/\/www.simonssearchlight.org\/fr\/simons-searchlight-repond-a-covid-19\/\">En savoir plus<\/a><\/span><\/td>\n<\/tr>\n<\/tbody>\n<\/table>\n","protected":false},"excerpt":{"rendered":"<p>Obtenez les derni\u00e8res mises \u00e0 jour de Simons Searchlight, y compris des articles sur nos participants, nos scientifiques et d&#8217;autres membres de notre communaut\u00e9. Un diagnostic d&#8217;autisme \u00e0 l&#8217;\u00e2ge adulte conduit \u00e0 un nouvel objectif professionnel SPARK for Autism a r\u00e9cemment partag\u00e9 l&#8217;exp\u00e9rience de Braxton Webb qui a re\u00e7u un diagnostic g\u00e9n\u00e9tique, DYRK1A. En savoir [&hellip;]<\/p>\n","protected":false},"author":6,"featured_media":0,"parent":37987,"menu_order":0,"comment_status":"closed","ping_status":"closed","template":"","meta":{"_acf_changed":false,"_relevanssi_hide_post":"","_relevanssi_hide_content":"","_relevanssi_pin_for_all":"","_relevanssi_pin_keywords":"","_relevanssi_unpin_keywords":"","_relevanssi_related_keywords":"","_relevanssi_related_include_ids":"","_relevanssi_related_exclude_ids":"","_relevanssi_related_no_append":"","_relevanssi_related_not_related":"","_relevanssi_related_posts":"","_relevanssi_noindex_reason":"","footnotes":""},"acf":[],"_links":{"self":[{"href":"https:\/\/www.simonssearchlight.org\/fr\/wp-json\/wp\/v2\/pages\/38824"}],"collection":[{"href":"https:\/\/www.simonssearchlight.org\/fr\/wp-json\/wp\/v2\/pages"}],"about":[{"href":"https:\/\/www.simonssearchlight.org\/fr\/wp-json\/wp\/v2\/types\/page"}],"author":[{"embeddable":true,"href":"https:\/\/www.simonssearchlight.org\/fr\/wp-json\/wp\/v2\/users\/6"}],"replies":[{"embeddable":true,"href":"https:\/\/www.simonssearchlight.org\/fr\/wp-json\/wp\/v2\/comments?post=38824"}],"version-history":[{"count":1,"href":"https:\/\/www.simonssearchlight.org\/fr\/wp-json\/wp\/v2\/pages\/38824\/revisions"}],"predecessor-version":[{"id":38859,"href":"https:\/\/www.simonssearchlight.org\/fr\/wp-json\/wp\/v2\/pages\/38824\/revisions\/38859"}],"up":[{"embeddable":true,"href":"https:\/\/www.simonssearchlight.org\/fr\/wp-json\/wp\/v2\/pages\/37987"}],"wp:attachment":[{"href":"https:\/\/www.simonssearchlight.org\/fr\/wp-json\/wp\/v2\/media?parent=38824"}],"curies":[{"name":"wp","href":"https:\/\/api.w.org\/{rel}","templated":true}]}}