{"id":38811,"date":"2020-02-27T08:34:24","date_gmt":"2020-02-27T13:34:24","guid":{"rendered":"https:\/\/www.simonssearchlight.org\/processus-de-recherche\/les-maladies-genetiques-que-nous-etudions\/duplication-du-gene-9q34\/"},"modified":"2025-11-24T13:02:13","modified_gmt":"2025-11-24T18:02:13","slug":"duplication-du-gene-9q34","status":"publish","type":"page","link":"https:\/\/www.simonssearchlight.org\/fr\/processus-de-recherche\/les-maladies-genetiques-que-nous-etudions\/duplication-du-gene-9q34\/","title":{"rendered":"Duplication du g\u00e8ne 9q34"},"content":{"rendered":"<p><span style=\"font-weight: 400;\">Les informations contenues dans ce r\u00e9sum\u00e9 du <\/span><strong>syndrome de duplication du 9q34<\/strong><span style=\"font-weight: 400;\">  proviennent de publications de recherche. Il ne s&#8217;agit pas d&#8217;un avis m\u00e9dical. <\/span><\/p>\n<div class=\"gene-card-main\">\n<div class=\"timeline\">\n<div class=\"key-point odd\">\n<div class=\"key-point-header\">\n<p><a href=\"https:\/\/www.simonssearchlight.org\/es\/gene-guide\/sindrome-de-duplicacion-9q34\/\" target=\"_blank\" rel=\"noopener\"><strong>Cliquez ici pour consulter notre guide complet des g\u00e8nes de la duplication du g\u00e8ne 9q34<\/strong><\/a><\/p>\n<p>Le Guide des g\u00e8nes en ligne contient des informations suppl\u00e9mentaires sur le syndrome de<span class=\"notranslate\"> duplication du<\/span> g\u00e8ne 9q34, telles que le risque d&#8217;avoir un autre enfant atteint de cette maladie, les probl\u00e8mes de comportement et de d\u00e9veloppement li\u00e9s au syndrome de<span class=\"notranslate\"> duplication du<\/span> g\u00e8ne 9q34 ou les sp\u00e9cialistes \u00e0 prendre en compte pour les personnes atteintes de cette maladie. Partagez cette ressource avec les membres de votre famille ou vos prestataires de soins.<\/p>\n<p><strong>Le syndrome de duplication du g\u00e8ne 9q34<\/strong><span style=\"font-weight: 400;\"> est \u00e9galement appel\u00e9<\/span> <strong>syndrome de microduplication en 9q34<\/strong><span style=\"font-weight: 400;\">. Pour cette page web, nous utiliserons le nom  <\/span><strong>syndrome de duplication du g\u00e8ne 9q34<\/strong><span style=\"font-weight: 400;\"> pour englober le large \u00e9ventail de variantes observ\u00e9es chez les personnes identifi\u00e9es. <\/span> <\/p>\n<\/div>\n<\/div>\n<\/div>\n<\/div>\n","protected":false},"excerpt":{"rendered":"<p>Les informations contenues dans ce r\u00e9sum\u00e9 du syndrome de duplication du 9q34 proviennent de publications de recherche. Il ne s&#8217;agit pas d&#8217;un avis m\u00e9dical. Cliquez ici pour consulter notre guide complet des g\u00e8nes de la duplication du g\u00e8ne 9q34 Le Guide des g\u00e8nes en ligne contient des informations suppl\u00e9mentaires sur le syndrome de duplication du [&hellip;]<\/p>\n","protected":false},"author":13,"featured_media":0,"parent":38035,"menu_order":0,"comment_status":"closed","ping_status":"closed","template":"page-gene-card.php","meta":{"_acf_changed":false,"_relevanssi_hide_post":"","_relevanssi_hide_content":"","_relevanssi_pin_for_all":"","_relevanssi_pin_keywords":"","_relevanssi_unpin_keywords":"","_relevanssi_related_keywords":"","_relevanssi_related_include_ids":"","_relevanssi_related_exclude_ids":"","_relevanssi_related_no_append":"","_relevanssi_related_not_related":"","_relevanssi_related_posts":"","_relevanssi_noindex_reason":"","footnotes":""},"acf":[],"_links":{"self":[{"href":"https:\/\/www.simonssearchlight.org\/fr\/wp-json\/wp\/v2\/pages\/38811"}],"collection":[{"href":"https:\/\/www.simonssearchlight.org\/fr\/wp-json\/wp\/v2\/pages"}],"about":[{"href":"https:\/\/www.simonssearchlight.org\/fr\/wp-json\/wp\/v2\/types\/page"}],"author":[{"embeddable":true,"href":"https:\/\/www.simonssearchlight.org\/fr\/wp-json\/wp\/v2\/users\/13"}],"replies":[{"embeddable":true,"href":"https:\/\/www.simonssearchlight.org\/fr\/wp-json\/wp\/v2\/comments?post=38811"}],"version-history":[{"count":3,"href":"https:\/\/www.simonssearchlight.org\/fr\/wp-json\/wp\/v2\/pages\/38811\/revisions"}],"predecessor-version":[{"id":74066,"href":"https:\/\/www.simonssearchlight.org\/fr\/wp-json\/wp\/v2\/pages\/38811\/revisions\/74066"}],"up":[{"embeddable":true,"href":"https:\/\/www.simonssearchlight.org\/fr\/wp-json\/wp\/v2\/pages\/38035"}],"wp:attachment":[{"href":"https:\/\/www.simonssearchlight.org\/fr\/wp-json\/wp\/v2\/media?parent=38811"}],"curies":[{"name":"wp","href":"https:\/\/api.w.org\/{rel}","templated":true}]}}