{"id":38748,"date":"2020-02-17T14:42:17","date_gmt":"2020-02-17T19:42:17","guid":{"rendered":"https:\/\/www.simonssearchlight.org\/ressources\/tutelle\/"},"modified":"2026-03-31T14:38:22","modified_gmt":"2026-03-31T18:38:22","slug":"tutelle","status":"publish","type":"page","link":"https:\/\/www.simonssearchlight.org\/fr\/ressources\/tutelle\/","title":{"rendered":"Tutelle"},"content":{"rendered":"<h2>Poursuivre la participation \u00e0 la recherche \u00e0 l&#8217;\u00e2ge adulte<\/h2>\n<p><span class=\"notranslate\">Simons Searchlight<\/span> vous contactera autour de l&#8217;anniversaire de votre enfant pour savoir s&#8217;il sera l\u00e9galement ind\u00e9pendant ou s&#8217;il aura un tuteur d\u00e9sign\u00e9 par le tribunal. Tous les adultes ind\u00e9pendants doivent fournir leur propre consentement et disposer de leur propre adresse \u00e9lectronique pour continuer \u00e0 participer \u00e0 <span class=\"notranslate\">Simons Searchlight<\/span>.<\/p>\n<p>Que vous deveniez le tuteur l\u00e9gal de votre enfant ou qu&#8217;il participe en tant qu&#8217;adulte ind\u00e9pendant, un nouveau formulaire de consentement est n\u00e9cessaire pour continuer \u00e0 participer \u00e0 <span class=\"notranslate\">Simons Searchlight<\/span>.<\/p>\n<h3><strong>\u00c0 propos de la <span class=\"notranslate\">tutelle<\/span><\/strong><\/h3>\n<p>Pour les familles qui ont demand\u00e9 des informations sur la <span class=\"notranslate\">tutelle<\/span>, voici quelques ressources qui vous aideront \u00e0 entamer le processus de demande de <span class=\"notranslate\">tutelle<\/span> de votre enfant lorsqu&#8217;il atteindra l&#8217;\u00e2ge adulte. Chaque pays dispose d&#8217;une proc\u00e9dure diff\u00e9rente pour \u00e9tablir la <span class=\"notranslate\">tutelle<\/span> des adultes l\u00e9gaux et, aux \u00c9tats-Unis, cette proc\u00e9dure peut varier d&#8217;un \u00c9tat \u00e0 l&#8217;autre. Plusieurs types de repr\u00e9sentants l\u00e9galement autoris\u00e9s, \u00e9galement appel\u00e9s LAR, peuvent prendre des d\u00e9cisions concernant le consentement d&#8217;un jeune adulte \u00e0 participer \u00e0 une recherche. Voici une liste des diff\u00e9rents types de repr\u00e9sentants l\u00e9galement autoris\u00e9s.<\/p>\n<ul>\n<li>Tuteur l\u00e9gal ou <span class=\"notranslate\">tutelle<\/span><\/li>\n<li>Conservateur ou curatelle<\/li>\n<li>Procuration, qui peut \u00eatre financi\u00e8re, m\u00e9dicale, \u00e0 la fois financi\u00e8re et m\u00e9dicale, ou pour toute autre raison.<\/li>\n<li>pupille de l&#8217;\u00c9tat, par exemple lorsque la <span class=\"notranslate\">tutelle<\/span> est transf\u00e9r\u00e9e \u00e0 un \u00c9tat ou \u00e0 un pays<\/li>\n<\/ul>\n<p><strong>Quand la <span class=\"notranslate\">tutelle<\/span> d&#8217;un adulte est-elle n\u00e9cessaire ?<\/strong><\/p>\n<p>La <span class=\"notranslate\">tutelle<\/span> est une d\u00e9cision personnelle qui est propre \u00e0 votre famille et \u00e0 votre situation. Les ressources ci-dessous fournissent de plus amples informations sur la <span class=\"notranslate\">tutelle<\/span> et peuvent vous aider \u00e0 faire le meilleur choix pour votre famille. Lorsque votre enfant atteint l&#8217;\u00e2ge adulte, vous pouvez demander l&#8217;avis d&#8217;un avocat pour discuter de la proc\u00e9dure de <span class=\"notranslate\">tutelle<\/span> si vous estimez que votre enfant ne sera pas en mesure de prendre des d\u00e9cisions concernant sa sant\u00e9, ses finances ou ses soins quotidiens.<\/p>\n<p><strong>Cliquez sur votre pays ci-dessous pour en savoir plus sur votre l\u00e9gislation en mati\u00e8re de <span class=\"notranslate\">tutelle<\/span>.<\/strong><\/p>\n<div class=\"simons-accordion-wrap\"><div class=\"acc-item\"><div class=\"acc-top\"><span class=\"acc-icon\">+<\/span><p>\u00c9tats-Unis<\/p>\n<\/div><div class=\"acc-bottom\"><div class=\"col-wrap-formatted\"><a href=\"https:\/\/alabamaguardianship.org\/\" target=\"_blank\" rel=\"noopener\">Alabama<\/a><br \/>\n<a href=\"https:\/\/courts.alaska.gov\/shc\/guardian-conservator\/guardianship.htm\" target=\"_blank\" rel=\"noopener\">Alaska<\/a><br \/>\n<a href=\"https:\/\/superiorcourt.maricopa.gov\/departments\/superior-court\/probate\/guardians-and-conservatorships\/\" target=\"_blank\" rel=\"noopener\">Arizona<\/a><br \/>\n<a href=\"https:\/\/www.arlawhelp.org\/\" target=\"_blank\" rel=\"noopener\">Arkansas<\/a><br \/>\n<a href=\"https:\/\/www.courts.ca.gov\/selfhelp-conservatorship.htm\" target=\"_blank\" rel=\"noopener\">Californie<\/a><br \/>\n<a href=\"https:\/\/www.courts.state.co.us\/Self_Help\/adultguardianship\/\" target=\"_blank\" rel=\"noopener\">Colorado<\/a><br \/>\n<a href=\"http:\/\/www.ctprobate.gov\/Pages\/Intellectual-Disabilities.aspx\" target=\"_blank\" rel=\"noopener\">Connecticut<\/a><br \/>\n<a href=\"https:\/\/courts.delaware.gov\/chancery\/guardianship\/index.aspx\" target=\"_blank\" rel=\"noopener\">Delaware<\/a><br \/>\n<a href=\"https:\/\/www.dccourts.gov\/sites\/default\/files\/matters-docs\/Probate-Division-Case-Management-Plan.pdf\" target=\"_blank\" rel=\"noopener\">District de Columbia (page 32)<\/a><br \/>\n<a href=\"https:\/\/www.flcourts.org\/Resources-Services\/Court-Improvement\/Family-Courts\/Guardianship\" target=\"_blank\" rel=\"noopener\">Floride<\/a><br \/>\n<a href=\"https:\/\/cdn.simonssearchlight.org\/wp-content\/uploads\/2020\/02\/07105218\/GA_guardianship-guide.pdf\" target=\"_blank\" rel=\"noopener\">G\u00e9orgie<\/a><br \/>\n<a href=\"https:\/\/www.courts.state.hi.us\/docs\/1FP\/ProSeIncap.pdf\" target=\"_blank\" rel=\"noopener\">Hawa\u00ef<\/a><br \/>\n<a href=\"https:\/\/isc.idaho.gov\/guardianship\/guardianship-conservatorship\" target=\"_blank\" rel=\"noopener\">Idaho<\/a><br \/>\n<a href=\"https:\/\/www2.illinois.gov\/sites\/gac\/OSG\/Pages\/Practitioners-Guide-to-Adult-Guardianship-in-Illinois.aspx\" target=\"_blank\" rel=\"noopener\">Illinois<\/a><br \/>\n<a href=\"https:\/\/www.in.gov\/judiciary\/iocs\/3425.htm\" target=\"_blank\" rel=\"noopener\">Indiana<\/a><br \/>\n<a href=\"https:\/\/www.iowabar.org\/?pg=GuardianshipsConservatorships\" target=\"_blank\" rel=\"noopener\">Iowa<\/a><br \/>\n<a href=\"https:\/\/ksgprog.org\/\" target=\"_blank\" rel=\"noopener\">Kansas<\/a><br \/>\n<a href=\"https:\/\/chfs.ky.gov\/agencies\/dail\/dg\/Pages\/default.aspx\" target=\"_blank\" rel=\"noopener\">Kentucky<\/a><br \/>\n<a href=\"https:\/\/laguardianship.org\/\" target=\"_blank\" rel=\"noopener\">Louisiane<\/a><br \/>\n<a href=\"https:\/\/www.maine.gov\/dhhs\/oads\/get-support\/aps\/guardianship\" target=\"_blank\" rel=\"noopener\">Maine<\/a><br \/>\n<a href=\"https:\/\/mdcourts.gov\/clerks\/howard\/guardianshiptrust\" target=\"_blank\" rel=\"noopener\">Maryland<\/a><br \/>\n<a href=\"https:\/\/www.mass.gov\/topics\/guardianship\" target=\"_blank\" rel=\"noopener\">Massachusetts<\/a><br \/>\n<a href=\"https:\/\/www.michbar.org\/public_resources\/probate_guardianship\" target=\"_blank\" rel=\"noopener\">Michigan<\/a><br \/>\n<a href=\"http:\/\/www.mncourts.gov\/Help-Topics\/Guardianship-and-Conservatorship.aspx\" target=\"_blank\" rel=\"noopener\">Minnesota<\/a><br \/>\n<a href=\"https:\/\/www.mslegalservices.org\/issues\/family-and-juvenile\/guardianship\" target=\"_blank\" rel=\"noopener\">Mississippi<\/a><br \/>\n<a href=\"https:\/\/health.mo.gov\/shcn-secure\/docs\/GuardianshipInfoPack.pdf\" target=\"_blank\" rel=\"noopener\">Missouri<\/a><br \/>\n<a href=\"https:\/\/courts.mt.gov\/forms\/guardianship\" target=\"_blank\" rel=\"noopener\">Montana<\/a><br \/>\n<a href=\"https:\/\/supremecourt.nebraska.gov\/administration\/public\/guardianship-and-conservatorship-information\" target=\"_blank\" rel=\"noopener\">Nebraska<\/a><br \/>\n<a href=\"http:\/\/selfhelp.nvcourts.gov\/self-help\/guardianship\/filing-for-guardianship-over-an-adult?enter=1\" target=\"_blank\" rel=\"noopener\">Nevada<\/a><br \/>\n<a href=\"https:\/\/www.courts.state.nh.us\/probate\/guardianship.htm\" target=\"_blank\" rel=\"noopener\">New Hampshire<\/a><br \/>\n<a href=\"https:\/\/www.njcourts.gov\/self-help\/guardianship\" target=\"_blank\" rel=\"noopener\">New Jersey<\/a><br \/>\n<a href=\"https:\/\/adultguardianship.nmcourts.gov\/\" target=\"_blank\" rel=\"noopener\">Nouveau Mexique<\/a><br \/>\n<a href=\"https:\/\/www.nycourts.gov\/courthelp\/Guardianship\/index.shtml\" target=\"_blank\" rel=\"noopener\">New York (en anglais)<\/a><br \/>\n<a href=\"https:\/\/www.nccourts.gov\/help-topics\/guardianship\/guardianship\" target=\"_blank\" rel=\"noopener\">Caroline du Nord<\/a><br \/>\n<a href=\"https:\/\/www.ndcourts.gov\/legal-self-help\/adult-guardianship\" target=\"_blank\" rel=\"noopener\">Dakota du Nord<\/a><br \/>\n<a href=\"https:\/\/www.ohiochannel.org\/Assets\/Files\/UserContent\/40\/155679.pdf\" target=\"_blank\" rel=\"noopener\">Ohio<\/a><br \/>\n<a href=\"http:\/\/oklahomafamilynetwork.org\/wp-content\/uploads\/2018\/04\/Amber-McConnell-Guardianship-Handbook.pdf\" target=\"_blank\" rel=\"noopener\">Oklahoma<\/a><br \/>\n<a href=\"https:\/\/www.courts.oregon.gov\/programs\/family\/guardianship-conservatorship\/Pages\/default.aspx\" target=\"_blank\" rel=\"noopener\">Oregon<\/a><br \/>\n<a href=\"https:\/\/www.disabilityrightspa.org\/wp-content\/uploads\/2018\/03\/CCSDM-11E.pdf\" target=\"_blank\" rel=\"noopener\">Pennsylvanie<\/a><br \/>\n<a href=\"https:\/\/ripin.org\/ripin\/wp-content\/uploads\/2020\/08\/HANDOUT-RIDLC-Guardianship-and-Alternatives-to.pdf\" target=\"_blank\" rel=\"noopener\">Rhode Island<\/a><br \/>\n<a href=\"https:\/\/www.sccourts.org\/media\/01kmbimc\/faqsfromaward.pdf\" target=\"_blank\" rel=\"noopener\">Caroline du Sud<\/a><br \/>\n<a href=\"https:\/\/ujs.sd.gov\/self-help\/civil-law-help\/guardianship\/\" target=\"_blank\" rel=\"noopener\">Dakota du Sud<\/a><br \/>\n<a href=\"https:\/\/www.thearctn.org\/Assets\/Docs\/Conservatorship_Handbook.pdf\" target=\"_blank\" rel=\"noopener\">Tennessee<\/a><br \/>\n<a href=\"https:\/\/hhs.texas.gov\/sites\/default\/files\/documents\/laws-regulations\/legal-information\/guardianship\/pub395-guardianship.pdf\" target=\"_blank\" rel=\"noopener\">Texas<\/a><br \/>\n<a href=\"https:\/\/www.utcourts.gov\/en\/self-help\/case-categories\/gc.html\" target=\"_blank\" rel=\"noopener\">Utah<\/a><br \/>\n<a href=\"https:\/\/www.vermontjudiciary.org\/probate\/adult-guardianships\" target=\"_blank\" rel=\"noopener\">Vermont<\/a><br \/>\n<a href=\"https:\/\/selfhelp.vacourts.gov\/node\/19\/guardianship-conservatorship\" target=\"_blank\" rel=\"noopener\">Virginie<\/a><br \/>\n<a href=\"http:\/\/www.courts.wa.gov\/guardianportal\/\" target=\"_blank\" rel=\"noopener\">Washington<\/a><br \/>\n<a href=\"http:\/\/www.wvdhhr.org\/bcf\/policy\/social_services\/guardianship\/guardian%20and%20conservator%20handbook.pdf\" target=\"_blank\" rel=\"noopener\">Virginie occidentale<\/a><br \/>\n<a href=\"https:\/\/www.dhs.wisconsin.gov\/publications\/p2\/p20460.pdf\" target=\"_blank\" rel=\"noopener\">Wisconsin<\/a><br \/>\n<a href=\"https:\/\/www.wyocourts.gov\/legal-help-by-topic\/guardianship-adult\/\" target=\"_blank\" rel=\"noopener\">Wyoming<\/a><\/div>\n<\/div><div class=\"clear\"><\/div><\/div><div class=\"acc-item\"><div class=\"acc-top\"><span class=\"acc-icon\">+<\/span><p>Autres pays<\/p>\n<\/div><div class=\"acc-bottom\"><p>Nous sommes en train de compiler des ressources pour cette section. N&#8217;h\u00e9sitez pas \u00e0 revenir bient\u00f4t.<\/p>\n<\/div><div class=\"clear\"><\/div><\/div><div class=\"clear\"><\/div><\/div>\n<h3 data-section-id=\"oivvzu\" data-start=\"1955\" data-end=\"1974\">Partagez votre histoire<\/h3>\n<p data-start=\"1976\" data-end=\"2087\">Si vous avez aid\u00e9 une personne d\u00e9pendante \u00e0 devenir adulte, nous vous invitons \u00e0 prendre quelques minutes pour partager votre exp\u00e9rience.<\/p>\n<p data-start=\"2089\" data-end=\"2138\"><strong>\ud83d\udc49 R\u00e9pondez \u00e0 l&#8217;enqu\u00eate ici <a href=\"https:\/\/bit.ly\/Transition_To_Adulthood\" target=\"_blank\" rel=\"noopener\">: https:\/\/bit.ly\/Transition_To_Adulthood<\/a><\/strong><\/p>\n<p data-start=\"101\" data-end=\"301\">\n","protected":false},"excerpt":{"rendered":"<p>Poursuivre la participation \u00e0 la recherche \u00e0 l&#8217;\u00e2ge adulte Simons Searchlight vous contactera autour de l&#8217;anniversaire de votre enfant pour savoir s&#8217;il sera l\u00e9galement ind\u00e9pendant ou s&#8217;il aura un tuteur d\u00e9sign\u00e9 par le tribunal. Tous les adultes ind\u00e9pendants doivent fournir leur propre consentement et disposer de leur propre adresse \u00e9lectronique pour continuer \u00e0 participer \u00e0 [&hellip;]<\/p>\n","protected":false},"author":6,"featured_media":0,"parent":37987,"menu_order":0,"comment_status":"closed","ping_status":"closed","template":"","meta":{"_acf_changed":false,"_relevanssi_hide_post":"","_relevanssi_hide_content":"","_relevanssi_pin_for_all":"","_relevanssi_pin_keywords":"","_relevanssi_unpin_keywords":"","_relevanssi_related_keywords":"","_relevanssi_related_include_ids":"","_relevanssi_related_exclude_ids":"","_relevanssi_related_no_append":"","_relevanssi_related_not_related":"","_relevanssi_related_posts":"","_relevanssi_noindex_reason":"","footnotes":""},"acf":[],"_links":{"self":[{"href":"https:\/\/www.simonssearchlight.org\/fr\/wp-json\/wp\/v2\/pages\/38748"}],"collection":[{"href":"https:\/\/www.simonssearchlight.org\/fr\/wp-json\/wp\/v2\/pages"}],"about":[{"href":"https:\/\/www.simonssearchlight.org\/fr\/wp-json\/wp\/v2\/types\/page"}],"author":[{"embeddable":true,"href":"https:\/\/www.simonssearchlight.org\/fr\/wp-json\/wp\/v2\/users\/6"}],"replies":[{"embeddable":true,"href":"https:\/\/www.simonssearchlight.org\/fr\/wp-json\/wp\/v2\/comments?post=38748"}],"version-history":[{"count":4,"href":"https:\/\/www.simonssearchlight.org\/fr\/wp-json\/wp\/v2\/pages\/38748\/revisions"}],"predecessor-version":[{"id":78711,"href":"https:\/\/www.simonssearchlight.org\/fr\/wp-json\/wp\/v2\/pages\/38748\/revisions\/78711"}],"up":[{"embeddable":true,"href":"https:\/\/www.simonssearchlight.org\/fr\/wp-json\/wp\/v2\/pages\/37987"}],"wp:attachment":[{"href":"https:\/\/www.simonssearchlight.org\/fr\/wp-json\/wp\/v2\/media?parent=38748"}],"curies":[{"name":"wp","href":"https:\/\/api.w.org\/{rel}","templated":true}]}}