{"id":38650,"date":"2019-10-01T09:42:41","date_gmt":"2019-10-01T13:42:41","guid":{"rendered":"https:\/\/www.simonssearchlight.org\/partagez-votre-histoire-histoires-anonymes\/"},"modified":"2024-01-29T09:58:54","modified_gmt":"2024-01-29T14:58:54","slug":"partagez-votre-histoire-histoires-anonymes","status":"publish","type":"page","link":"https:\/\/www.simonssearchlight.org\/fr\/partagez-votre-histoire-histoires-anonymes\/","title":{"rendered":"Partagez votre histoire &#8211; Histoires anonymes"},"content":{"rendered":"<p>Les histoires suivantes ont \u00e9t\u00e9 soumises sans noms ni informations sur le diagnostic g\u00e9n\u00e9tique. Si vous avez soumis votre histoire en nous autorisant \u00e0 inclure un diagnostic g\u00e9n\u00e9tique, votre histoire est publi\u00e9e sur la page que nous avons cr\u00e9\u00e9e sp\u00e9cifiquement pour ce g\u00e8ne. Les liens vers ces pages se trouvent <a href=\"https:\/\/www.simonssearchlight.org\/fr\/processus-de-recherche\/les-maladies-genetiques-que-nous-etudions\/\">ici<\/a>.<\/p>\n<h3>Histoires anonymes :<\/h3>\n<ul>\n<li><a href=\"https:\/\/www.simonssearchlight.org\/fr\/partagez-votre-histoire-histoires-anonymes\/histoire-anonyme-n-1\/\">Histoire anonyme n\u00b0 1<\/a><\/li>\n<li><a href=\"https:\/\/www.simonssearchlight.org\/fr\/partagez-votre-histoire-histoires-anonymes\/histoire-anonyme-n2\/\">Histoire anonyme n\u00b0 2<\/a><\/li>\n<li><a href=\"https:\/\/www.simonssearchlight.org\/fr\/partagez-votre-histoire-histoires-anonymes\/histoire-anonyme-n3\/\">Histoire anonyme n\u00b0 3  <\/a><\/li>\n<li><a href=\"https:\/\/www.simonssearchlight.org\/fr\/partagez-votre-histoire-histoires-anonymes\/histoire-anonyme-n4\/\">Histoire anonyme n\u00b0 4<\/a><\/li>\n<li><a href=\"https:\/\/www.simonssearchlight.org\/fr\/partagez-votre-histoire-histoires-anonymes\/histoire-anonyme-n-5\/\">Histoire anonyme n\u00b0 5<\/a><\/li>\n<li><a href=\"https:\/\/www.simonssearchlight.org\/fr\/partagez-votre-histoire-histoires-anonymes\/histoire-anonyme-n6\/\">Histoire anonyme n\u00b0 6<\/a><\/li>\n<li><a href=\"https:\/\/www.simonssearchlight.org\/fr\/partagez-votre-histoire-histoires-anonymes\/histoire-anonyme-n7\/\">Histoire anonyme n\u00b0 7<\/a><\/li>\n<li><a href=\"https:\/\/www.simonssearchlight.org\/fr\/partagez-votre-histoire-histoires-anonymes\/histoire-anonyme-n8\/\">Histoire anonyme n\u00b0 8<\/a><\/li>\n<\/ul>\n","protected":false},"excerpt":{"rendered":"<p>Les histoires suivantes ont \u00e9t\u00e9 soumises sans noms ni informations sur le diagnostic g\u00e9n\u00e9tique. Si vous avez soumis votre histoire en nous autorisant \u00e0 inclure un diagnostic g\u00e9n\u00e9tique, votre histoire est publi\u00e9e sur la page que nous avons cr\u00e9\u00e9e sp\u00e9cifiquement pour ce g\u00e8ne. Les liens vers ces pages se trouvent ici. Histoires anonymes : Histoire [&hellip;]<\/p>\n","protected":false},"author":6,"featured_media":0,"parent":0,"menu_order":0,"comment_status":"closed","ping_status":"closed","template":"","meta":{"_acf_changed":false,"_relevanssi_hide_post":"","_relevanssi_hide_content":"","_relevanssi_pin_for_all":"","_relevanssi_pin_keywords":"","_relevanssi_unpin_keywords":"","_relevanssi_related_keywords":"","_relevanssi_related_include_ids":"","_relevanssi_related_exclude_ids":"","_relevanssi_related_no_append":"","_relevanssi_related_not_related":"","_relevanssi_related_posts":"","_relevanssi_noindex_reason":"","footnotes":""},"acf":[],"_links":{"self":[{"href":"https:\/\/www.simonssearchlight.org\/fr\/wp-json\/wp\/v2\/pages\/38650"}],"collection":[{"href":"https:\/\/www.simonssearchlight.org\/fr\/wp-json\/wp\/v2\/pages"}],"about":[{"href":"https:\/\/www.simonssearchlight.org\/fr\/wp-json\/wp\/v2\/types\/page"}],"author":[{"embeddable":true,"href":"https:\/\/www.simonssearchlight.org\/fr\/wp-json\/wp\/v2\/users\/6"}],"replies":[{"embeddable":true,"href":"https:\/\/www.simonssearchlight.org\/fr\/wp-json\/wp\/v2\/comments?post=38650"}],"version-history":[{"count":1,"href":"https:\/\/www.simonssearchlight.org\/fr\/wp-json\/wp\/v2\/pages\/38650\/revisions"}],"predecessor-version":[{"id":38654,"href":"https:\/\/www.simonssearchlight.org\/fr\/wp-json\/wp\/v2\/pages\/38650\/revisions\/38654"}],"wp:attachment":[{"href":"https:\/\/www.simonssearchlight.org\/fr\/wp-json\/wp\/v2\/media?parent=38650"}],"curies":[{"name":"wp","href":"https:\/\/api.w.org\/{rel}","templated":true}]}}