{"id":38535,"date":"2019-06-19T14:03:19","date_gmt":"2019-06-19T18:03:19","guid":{"rendered":"https:\/\/www.simonssearchlight.org\/lhistoire-de-justin\/"},"modified":"2024-01-29T09:58:15","modified_gmt":"2024-01-29T14:58:15","slug":"lhistoire-de-justin","status":"publish","type":"page","link":"https:\/\/www.simonssearchlight.org\/fr\/partagez-votre-histoire-histoires-anonymes\/lhistoire-de-justin\/","title":{"rendered":"L&#8217;histoire de Justin"},"content":{"rendered":"<h3 style=\"text-align: center;\">Par : Tina, parent de Justin, 35 ans, atteint d&#8217;une modification g\u00e9n\u00e9tique<\/h3>\n<p style=\"padding-left: 30px;\"><em>&#8220;La plupart des conditions sont des retards et avec une aide suppl\u00e9mentaire, ils y parviendront.<\/em><\/p>\n<h3>Quelle est la relation de votre enfant avec ses fr\u00e8res et s\u0153urs ?<\/h3>\n<p>Ce sont des enfants tr\u00e8s diff\u00e9rents et pas tr\u00e8s proches. Le KGBer est tr\u00e8s calme et r\u00e9serv\u00e9.<\/p>\n<h3>Que fait votre famille pour s&#8217;amuser ?<\/h3>\n<p>Nos gar\u00e7ons ont tous deux pratiqu\u00e9 diff\u00e9rents sports, mais surtout le base-ball.<\/p>\n<h3>Qu&#8217;est-ce qui vous fait sourire chez votre enfant ?<\/h3>\n<p>Il est devenu un jeune homme charmant qui a fond\u00e9 sa propre famille<\/p>\n<h3>Qu&#8217;est-ce qui vous motive \u00e0 participer \u00e0 la recherche ?<\/h3>\n<p>Pour aider les autres et mon petit-fils qui a \u00e9t\u00e9 diagnostiqu\u00e9 cette ann\u00e9e.<\/p>\n<h3>Comment pensez-vous influencer notre compr\u00e9hension des changements g\u00e9n\u00e9tiques \u00e9tudi\u00e9s dans <span class=\"notranslate\">Simons Searchlight<\/span> (16p11.2, 1q21.1, ou changements g\u00e9n\u00e9tiques uniques) ?<\/h3>\n<p>Tr\u00e8s bien.<\/p>\n<h3>Qu&#8217;avez-vous appris d&#8217;autres familles sur la maladie de votre enfant ?<\/h3>\n<p>Comme je ne l&#8217;ai d\u00e9couvert que cette ann\u00e9e, cela a r\u00e9pondu \u00e0 toutes mes inqui\u00e9tudes pendant qu&#8217;il grandissait.<\/p>\n<h3>Si vous pouviez donner un conseil \u00e0 une personne r\u00e9cemment diagnostiqu\u00e9e comme ayant un changement g\u00e9n\u00e9tique dans votre famille, quel serait-il ?<\/h3>\n<p>La plupart des conditions sont des retards et, avec une aide suppl\u00e9mentaire, ils y parviendront.<\/p>\n<h3>Quelle est la question \u00e0 laquelle vous souhaiteriez que les chercheurs puissent r\u00e9pondre concernant le changement g\u00e9n\u00e9tique de votre enfant ?<\/h3>\n<p>Comment mon fils a-t-il pu l&#8217;obtenir alors que mon mari et moi ne l&#8217;avons pas ?<\/p>\n","protected":false},"excerpt":{"rendered":"<p>Par : Tina, parent de Justin, 35 ans, atteint d&#8217;une modification g\u00e9n\u00e9tique &#8220;La plupart des conditions sont des retards et avec une aide suppl\u00e9mentaire, ils y parviendront. Quelle est la relation de votre enfant avec ses fr\u00e8res et s\u0153urs ? Ce sont des enfants tr\u00e8s diff\u00e9rents et pas tr\u00e8s proches. Le KGBer est tr\u00e8s calme [&hellip;]<\/p>\n","protected":false},"author":13,"featured_media":0,"parent":38650,"menu_order":0,"comment_status":"closed","ping_status":"closed","template":"","meta":{"_acf_changed":false,"_relevanssi_hide_post":"","_relevanssi_hide_content":"","_relevanssi_pin_for_all":"","_relevanssi_pin_keywords":"","_relevanssi_unpin_keywords":"","_relevanssi_related_keywords":"","_relevanssi_related_include_ids":"","_relevanssi_related_exclude_ids":"","_relevanssi_related_no_append":"","_relevanssi_related_not_related":"","_relevanssi_related_posts":"","_relevanssi_noindex_reason":"","footnotes":""},"acf":[],"_links":{"self":[{"href":"https:\/\/www.simonssearchlight.org\/fr\/wp-json\/wp\/v2\/pages\/38535"}],"collection":[{"href":"https:\/\/www.simonssearchlight.org\/fr\/wp-json\/wp\/v2\/pages"}],"about":[{"href":"https:\/\/www.simonssearchlight.org\/fr\/wp-json\/wp\/v2\/types\/page"}],"author":[{"embeddable":true,"href":"https:\/\/www.simonssearchlight.org\/fr\/wp-json\/wp\/v2\/users\/13"}],"replies":[{"embeddable":true,"href":"https:\/\/www.simonssearchlight.org\/fr\/wp-json\/wp\/v2\/comments?post=38535"}],"version-history":[{"count":1,"href":"https:\/\/www.simonssearchlight.org\/fr\/wp-json\/wp\/v2\/pages\/38535\/revisions"}],"predecessor-version":[{"id":38536,"href":"https:\/\/www.simonssearchlight.org\/fr\/wp-json\/wp\/v2\/pages\/38535\/revisions\/38536"}],"up":[{"embeddable":true,"href":"https:\/\/www.simonssearchlight.org\/fr\/wp-json\/wp\/v2\/pages\/38650"}],"wp:attachment":[{"href":"https:\/\/www.simonssearchlight.org\/fr\/wp-json\/wp\/v2\/media?parent=38535"}],"curies":[{"name":"wp","href":"https:\/\/api.w.org\/{rel}","templated":true}]}}