{"id":38492,"date":"2019-06-06T10:38:41","date_gmt":"2019-06-06T14:38:41","guid":{"rendered":"https:\/\/www.simonssearchlight.org\/lhistoire-de-glenn\/"},"modified":"2024-01-29T09:58:12","modified_gmt":"2024-01-29T14:58:12","slug":"lhistoire-de-glenn","status":"publish","type":"page","link":"https:\/\/www.simonssearchlight.org\/fr\/lhistoire-de-glenn\/","title":{"rendered":"L&#8217;histoire de Glenn"},"content":{"rendered":"<h3 style=\"text-align: center;\">Par : Annette, parent de Glenn, un jeune de 15 ans atteint d&#8217;une modification g\u00e9n\u00e9tique ANKRD11<\/h3>\n<p style=\"padding-left: 30px;\"><em>&#8220;N&#8217;abandonnez jamais ! Ne cessez jamais de chercher des r\u00e9ponses ou de d\u00e9fendre votre enfant et vous-m\u00eame. VOUS en valez la peine !&#8221;<\/em><\/p>\n<h3>Quelle est la relation de votre enfant avec ses fr\u00e8res et s\u0153urs ?<\/h3>\n<p>Il les tol\u00e8re bien. En raison de son manque de communication, il ne les sollicite pas, mais ils l&#8217;int\u00e8grent dans la mesure du possible. Les baisers de ses fr\u00e8res et s\u0153urs de 5 et 6 ans me font chaud au c\u0153ur.<\/p>\n<h3>Que fait votre famille pour s&#8217;amuser ?<\/h3>\n<p>Tout ce que nous pouvons ! Hier soir, nous avons pass\u00e9 des heures dans la piscine. Nous allons dans des parcs d&#8217;attractions, au cin\u00e9ma, au bowling et nous partons en voyage.<\/p>\n<h3>Parlez-nous de la plus grande difficult\u00e9 \u00e0 laquelle votre famille est confront\u00e9e.<\/h3>\n<p>Nous vivons bien ensemble. Il est rare que nous soyons confront\u00e9s \u00e0 des choses que nous consid\u00e9rons comme difficiles, m\u00eame celles qui affectent nos plans, ou l&#8217;inclusion de notre fils, que nous ne consid\u00e9rons pas comme difficiles, nous modifions simplement le plan et allons de l&#8217;avant. Ce qui nous fatigue, c&#8217;est de nous demander comment le monde accepte notre gar\u00e7on.<\/p>\n<h3>Qu&#8217;est-ce qui vous fait sourire chez votre enfant ?<\/h3>\n<p>Quand il me tient la main.<\/p>\n<h3>Qu&#8217;est-ce qui vous motive \u00e0 participer \u00e0 la recherche ?<\/h3>\n<p>Glenn, 3 ans. \u00c0 l&#8217;\u00e2ge de 3 ans, il \u00e9tait typique \u00e0 presque tous les \u00e9gards. L&#8217;apparition soudaine des crises d&#8217;\u00e9pilepsie l&#8217;a priv\u00e9 de ce qu&#8217;il \u00e9tait et c&#8217;est ce qui me motive \u00e0 faire en sorte qu&#8217;il redevienne le plus possible lui-m\u00eame.<\/p>\n<h3>Comment pensez-vous influencer notre compr\u00e9hension des changements g\u00e9n\u00e9tiques \u00e9tudi\u00e9s dans <span class=\"notranslate\">Simons Searchlight<\/span> (16p11.2, 1q21.1, ou changements g\u00e9n\u00e9tiques uniques) ?<\/h3>\n<p>16q24.3 pour nous. Ce g\u00e8ne&#8230; j&#8217;ai vu des centaines de personnes lutter contre cette mutation, des personnes qui veulent simplement savoir comment aider leurs enfants \u00e0 vivre une bonne vie, pas une vie parfaite, mais une vie dont ils peuvent profiter. Ce g\u00e8ne, et sa relation avec le g\u00e8ne P53, a le potentiel de rendre des millions de vies meilleures et plus satisfaisantes. Qui n&#8217;en voudrait pas ?<\/p>\n<h3>Qu&#8217;avez-vous appris d&#8217;autres familles sur la maladie de votre enfant ?<\/h3>\n<p>J&#8217;ai appris qu&#8217;il a une famille qui lui ressemble plus que n&#8217;importe quel parent de sang qu&#8217;il a. Ils nous ont appris \u00e0 l&#8217;aider dans ses soins de sant\u00e9 et l&#8217;ont int\u00e9gr\u00e9 dans un monde qui ne savait pas o\u00f9 \u00e9tait sa place. Il leur appartient.<\/p>\n<h3>Si vous pouviez donner un conseil \u00e0 une personne r\u00e9cemment diagnostiqu\u00e9e comme ayant un changement g\u00e9n\u00e9tique dans votre famille, quel serait-il ?<\/h3>\n<p>Vous n&#8217;\u00eates pas seul.<\/p>\n<h3>Quelle est la question \u00e0 laquelle vous souhaiteriez que les chercheurs puissent r\u00e9pondre concernant le changement g\u00e9n\u00e9tique de votre enfant ?<\/h3>\n<p>Comment SA mutation aide-t-elle les autres ?<\/p>\n<h3>Y a-t-il autre chose que vous aimeriez partager avec d&#8217;autres familles ?<\/h3>\n<p>N&#8217;abandonnez jamais ! Ne cessez jamais de chercher des r\u00e9ponses ou de d\u00e9fendre vos int\u00e9r\u00eats et ceux de votre enfant. VOUS en valez la peine !<\/p>\n","protected":false},"excerpt":{"rendered":"<p>Par : Annette, parent de Glenn, un jeune de 15 ans atteint d&#8217;une modification g\u00e9n\u00e9tique ANKRD11 &#8220;N&#8217;abandonnez jamais ! Ne cessez jamais de chercher des r\u00e9ponses ou de d\u00e9fendre votre enfant et vous-m\u00eame. VOUS en valez la peine !&#8221; Quelle est la relation de votre enfant avec ses fr\u00e8res et s\u0153urs ? Il les tol\u00e8re [&hellip;]<\/p>\n","protected":false},"author":25,"featured_media":0,"parent":0,"menu_order":0,"comment_status":"closed","ping_status":"closed","template":"","meta":{"_acf_changed":false,"_relevanssi_hide_post":"","_relevanssi_hide_content":"","_relevanssi_pin_for_all":"","_relevanssi_pin_keywords":"","_relevanssi_unpin_keywords":"","_relevanssi_related_keywords":"","_relevanssi_related_include_ids":"","_relevanssi_related_exclude_ids":"","_relevanssi_related_no_append":"","_relevanssi_related_not_related":"","_relevanssi_related_posts":"","_relevanssi_noindex_reason":"","footnotes":""},"acf":[],"_links":{"self":[{"href":"https:\/\/www.simonssearchlight.org\/fr\/wp-json\/wp\/v2\/pages\/38492"}],"collection":[{"href":"https:\/\/www.simonssearchlight.org\/fr\/wp-json\/wp\/v2\/pages"}],"about":[{"href":"https:\/\/www.simonssearchlight.org\/fr\/wp-json\/wp\/v2\/types\/page"}],"author":[{"embeddable":true,"href":"https:\/\/www.simonssearchlight.org\/fr\/wp-json\/wp\/v2\/users\/25"}],"replies":[{"embeddable":true,"href":"https:\/\/www.simonssearchlight.org\/fr\/wp-json\/wp\/v2\/comments?post=38492"}],"version-history":[{"count":1,"href":"https:\/\/www.simonssearchlight.org\/fr\/wp-json\/wp\/v2\/pages\/38492\/revisions"}],"predecessor-version":[{"id":38497,"href":"https:\/\/www.simonssearchlight.org\/fr\/wp-json\/wp\/v2\/pages\/38492\/revisions\/38497"}],"wp:attachment":[{"href":"https:\/\/www.simonssearchlight.org\/fr\/wp-json\/wp\/v2\/media?parent=38492"}],"curies":[{"name":"wp","href":"https:\/\/api.w.org\/{rel}","templated":true}]}}