{"id":38396,"date":"2019-05-31T11:36:39","date_gmt":"2019-05-31T15:36:39","guid":{"rendered":"https:\/\/www.simonssearchlight.org\/deletion-1q21-1\/lhistoire-de-sydney\/"},"modified":"2024-01-29T09:57:53","modified_gmt":"2024-01-29T14:57:53","slug":"lhistoire-de-sydney","status":"publish","type":"page","link":"https:\/\/www.simonssearchlight.org\/fr\/processus-de-recherche\/les-maladies-genetiques-que-nous-etudions\/deletion-1q21-1\/lhistoire-de-sydney\/","title":{"rendered":"L&#8217;histoire de Sydney"},"content":{"rendered":"<h3 style=\"text-align: center;\">Par : Kelly, parent de Sydney, un enfant de 5 ans atteint d&#8217;une d\u00e9l\u00e9tion 1q21.1<\/h3>\n<p style=\"padding-left: 30px; text-align: center;\"><em>&#8220;Trouvez un groupe de soutien ou une communaut\u00e9 si vous le pouvez. Il peut \u00eatre difficile de trouver le bon, mais n&#8217;abandonnez pas.&#8221;<\/em><\/p>\n<h3>Quelle est la relation de votre enfant avec ses fr\u00e8res et s\u0153urs ?<\/h3>\n<p>La relation entre fr\u00e8res et s\u0153urs me semble semi-normale. Ils se battent, jouent et s&#8217;entendent. Mais mon enfant avec la suppression est agressif envers son fr\u00e8re.<\/p>\n<h3>Que fait votre famille pour s&#8217;amuser ?<\/h3>\n<p>Nous aimons aller au parc et regarder des films \u00e0 la maison.<\/p>\n<h3>Parlez-nous de la plus grande difficult\u00e9 \u00e0 laquelle votre famille est confront\u00e9e.<\/h3>\n<p>La plus grande difficult\u00e9 est de ne pas savoir ce qui va suivre. Nous obtenons de bons r\u00e9sultats pendant un certain temps, puis nous r\u00e9gressons. Nous essayons toujours de faire en sorte que notre enfant ait ce qu&#8217;il y a de mieux et qu&#8217;il re\u00e7oive ce dont il a besoin, et c&#8217;est \u00e9puisant.<\/p>\n<h3>Qu&#8217;est-ce qui vous fait sourire chez votre enfant ?<\/h3>\n<p>Ses blagues, ses questions insolites et son esprit curieux. Elle a un bon caract\u00e8re et est dr\u00f4le et gentille.<\/p>\n<h3>Qu&#8217;est-ce qui vous motive \u00e0 participer \u00e0 la recherche ?<\/h3>\n<p>Je souhaite en savoir plus sur la suppression et sur la mani\u00e8re d&#8217;aider ma fille. J&#8217;esp\u00e8re que notre participation \u00e0 la recherche aidera notre fille ainsi que d&#8217;autres enfants et adultes qui ont cette d\u00e9l\u00e9tion.<\/p>\n<h3>Qu&#8217;avez-vous appris d&#8217;autres familles sur la maladie de votre enfant ?<\/h3>\n<p>Je n&#8217;ai pas encore pris contact avec eux, mais j&#8217;ai l&#8217;intention de le faire.<\/p>\n<h3>Si vous pouviez donner un conseil \u00e0 une personne r\u00e9cemment diagnostiqu\u00e9e comme ayant un changement g\u00e9n\u00e9tique dans votre famille, quel serait-il ?<\/h3>\n<p>Trouvez un groupe de soutien ou une communaut\u00e9 si vous le pouvez. Il peut \u00eatre difficile de trouver le bon, mais n&#8217;abandonnez pas.<\/p>\n<h3>Quelle est la question \u00e0 laquelle vous souhaiteriez que les chercheurs puissent r\u00e9pondre concernant le changement g\u00e9n\u00e9tique de votre enfant ?<\/h3>\n<p>Que pouvons-nous faire maintenant pour la pr\u00e9parer \u00e0 l&#8217;avenir ?<\/p>\n<h3>Y a-t-il autre chose que vous aimeriez partager avec d&#8217;autres familles ?<\/h3>\n<p>Je me sens vraiment isol\u00e9e des autres familles et j&#8217;aimerais tendre la main et partager mes exp\u00e9riences avec d&#8217;autres familles ayant des d\u00e9l\u00e9tions.<\/p>\n","protected":false},"excerpt":{"rendered":"<p>Par : Kelly, parent de Sydney, un enfant de 5 ans atteint d&#8217;une d\u00e9l\u00e9tion 1q21.1 &#8220;Trouvez un groupe de soutien ou une communaut\u00e9 si vous le pouvez. Il peut \u00eatre difficile de trouver le bon, mais n&#8217;abandonnez pas.&#8221; Quelle est la relation de votre enfant avec ses fr\u00e8res et s\u0153urs ? La relation entre fr\u00e8res [&hellip;]<\/p>\n","protected":false},"author":25,"featured_media":0,"parent":37996,"menu_order":0,"comment_status":"closed","ping_status":"closed","template":"","meta":{"_acf_changed":false,"_relevanssi_hide_post":"","_relevanssi_hide_content":"","_relevanssi_pin_for_all":"","_relevanssi_pin_keywords":"","_relevanssi_unpin_keywords":"","_relevanssi_related_keywords":"","_relevanssi_related_include_ids":"","_relevanssi_related_exclude_ids":"","_relevanssi_related_no_append":"","_relevanssi_related_not_related":"","_relevanssi_related_posts":"","_relevanssi_noindex_reason":"","footnotes":""},"acf":[],"_links":{"self":[{"href":"https:\/\/www.simonssearchlight.org\/fr\/wp-json\/wp\/v2\/pages\/38396"}],"collection":[{"href":"https:\/\/www.simonssearchlight.org\/fr\/wp-json\/wp\/v2\/pages"}],"about":[{"href":"https:\/\/www.simonssearchlight.org\/fr\/wp-json\/wp\/v2\/types\/page"}],"author":[{"embeddable":true,"href":"https:\/\/www.simonssearchlight.org\/fr\/wp-json\/wp\/v2\/users\/25"}],"replies":[{"embeddable":true,"href":"https:\/\/www.simonssearchlight.org\/fr\/wp-json\/wp\/v2\/comments?post=38396"}],"version-history":[{"count":1,"href":"https:\/\/www.simonssearchlight.org\/fr\/wp-json\/wp\/v2\/pages\/38396\/revisions"}],"predecessor-version":[{"id":38398,"href":"https:\/\/www.simonssearchlight.org\/fr\/wp-json\/wp\/v2\/pages\/38396\/revisions\/38398"}],"up":[{"embeddable":true,"href":"https:\/\/www.simonssearchlight.org\/fr\/wp-json\/wp\/v2\/pages\/37996"}],"wp:attachment":[{"href":"https:\/\/www.simonssearchlight.org\/fr\/wp-json\/wp\/v2\/media?parent=38396"}],"curies":[{"name":"wp","href":"https:\/\/api.w.org\/{rel}","templated":true}]}}