{"id":38379,"date":"2019-05-29T15:51:22","date_gmt":"2019-05-29T19:51:22","guid":{"rendered":"https:\/\/www.simonssearchlight.org\/histoire-anonyme-n3\/"},"modified":"2024-01-29T09:57:52","modified_gmt":"2024-01-29T14:57:52","slug":"histoire-anonyme-n3","status":"publish","type":"page","link":"https:\/\/www.simonssearchlight.org\/fr\/partagez-votre-histoire-histoires-anonymes\/histoire-anonyme-n3\/","title":{"rendered":"Histoire anonyme n\u00b03"},"content":{"rendered":"<h3 style=\"text-align: center;\">Par : Kristen, Parent d&#8217;un enfant atteint d&#8217;une mutation g\u00e9n\u00e9tique rare<\/h3>\n<h3>Que fait votre famille pour s&#8217;amuser ?<\/h3>\n<p>Randonn\u00e9e, baignade, plage et parcs.<\/p>\n<h3>Parlez-nous de la plus grande difficult\u00e9 \u00e0 laquelle votre famille est confront\u00e9e.<\/h3>\n<p>Essayer de faire marcher notre fils.<\/p>\n<h3>Qu&#8217;est-ce qui vous fait sourire chez votre enfant ?<\/h3>\n<p>Sa personnalit\u00e9 amusante !<\/p>\n<h3>Qu&#8217;avez-vous appris d&#8217;autres familles sur la maladie de votre enfant ?<\/h3>\n<p>Je ne sais rien. Je l&#8217;ai d\u00e9couvert la semaine derni\u00e8re.<\/p>\n<h3>Si vous pouviez donner un conseil \u00e0 une personne r\u00e9cemment diagnostiqu\u00e9e comme ayant un changement g\u00e9n\u00e9tique dans votre famille, quel serait-il ?<\/h3>\n<p>Priez et faites confiance \u00e0 J\u00e9sus.<\/p>\n<h3>Quelle est la question \u00e0 laquelle vous souhaiteriez que les chercheurs puissent r\u00e9pondre concernant le changement g\u00e9n\u00e9tique de votre enfant ?<\/h3>\n<p>Pourquoi ne pouvons-nous pas r\u00e9parer le g\u00e8ne<\/p>\n","protected":false},"excerpt":{"rendered":"<p>Par : Kristen, Parent d&#8217;un enfant atteint d&#8217;une mutation g\u00e9n\u00e9tique rare Que fait votre famille pour s&#8217;amuser ? Randonn\u00e9e, baignade, plage et parcs. Parlez-nous de la plus grande difficult\u00e9 \u00e0 laquelle votre famille est confront\u00e9e. Essayer de faire marcher notre fils. Qu&#8217;est-ce qui vous fait sourire chez votre enfant ? Sa personnalit\u00e9 amusante ! Qu&#8217;avez-vous [&hellip;]<\/p>\n","protected":false},"author":25,"featured_media":0,"parent":38650,"menu_order":0,"comment_status":"closed","ping_status":"closed","template":"","meta":{"_acf_changed":false,"_relevanssi_hide_post":"","_relevanssi_hide_content":"","_relevanssi_pin_for_all":"","_relevanssi_pin_keywords":"","_relevanssi_unpin_keywords":"","_relevanssi_related_keywords":"","_relevanssi_related_include_ids":"","_relevanssi_related_exclude_ids":"","_relevanssi_related_no_append":"","_relevanssi_related_not_related":"","_relevanssi_related_posts":"","_relevanssi_noindex_reason":"","footnotes":""},"acf":[],"_links":{"self":[{"href":"https:\/\/www.simonssearchlight.org\/fr\/wp-json\/wp\/v2\/pages\/38379"}],"collection":[{"href":"https:\/\/www.simonssearchlight.org\/fr\/wp-json\/wp\/v2\/pages"}],"about":[{"href":"https:\/\/www.simonssearchlight.org\/fr\/wp-json\/wp\/v2\/types\/page"}],"author":[{"embeddable":true,"href":"https:\/\/www.simonssearchlight.org\/fr\/wp-json\/wp\/v2\/users\/25"}],"replies":[{"embeddable":true,"href":"https:\/\/www.simonssearchlight.org\/fr\/wp-json\/wp\/v2\/comments?post=38379"}],"version-history":[{"count":1,"href":"https:\/\/www.simonssearchlight.org\/fr\/wp-json\/wp\/v2\/pages\/38379\/revisions"}],"predecessor-version":[{"id":38384,"href":"https:\/\/www.simonssearchlight.org\/fr\/wp-json\/wp\/v2\/pages\/38379\/revisions\/38384"}],"up":[{"embeddable":true,"href":"https:\/\/www.simonssearchlight.org\/fr\/wp-json\/wp\/v2\/pages\/38650"}],"wp:attachment":[{"href":"https:\/\/www.simonssearchlight.org\/fr\/wp-json\/wp\/v2\/media?parent=38379"}],"curies":[{"name":"wp","href":"https:\/\/api.w.org\/{rel}","templated":true}]}}