{"id":38375,"date":"2019-05-29T13:50:24","date_gmt":"2019-05-29T17:50:24","guid":{"rendered":"https:\/\/www.simonssearchlight.org\/histoire-anonyme-n2\/"},"modified":"2024-01-29T09:57:51","modified_gmt":"2024-01-29T14:57:51","slug":"histoire-anonyme-n2","status":"publish","type":"page","link":"https:\/\/www.simonssearchlight.org\/fr\/partagez-votre-histoire-histoires-anonymes\/histoire-anonyme-n2\/","title":{"rendered":"Histoire anonyme n\u00b02"},"content":{"rendered":"<h3 style=\"text-align: center;\">Par : Anonyme<\/h3>\n<h3>Quelle est la relation de votre enfant avec ses fr\u00e8res et s\u0153urs ?<\/h3>\n<p>Bon. Elle aime jouer avec ses fr\u00e8res et s\u0153urs.<\/p>\n<h3>Que fait votre famille pour s&#8217;amuser ?<\/h3>\n<p>Promenades dans la nature, plage, piscine, parc<\/p>\n<h3>Parlez-nous de la plus grande difficult\u00e9 \u00e0 laquelle votre famille est confront\u00e9e.<\/h3>\n<p>Ma fille se met constamment en danger. Elle ne comprend pas les dangers et n&#8217;a pas peur. Elle ne parle pas, il est donc difficile de la comprendre. Nous sommes inquiets pour l&#8217;avenir.<\/p>\n<h3>Qu&#8217;est-ce qui vous fait sourire chez votre enfant ?<\/h3>\n<p>Elle est aimante avec les gens qu&#8217;elle conna\u00eet. Elle est toujours heureuse. Je suis heureuse lorsqu&#8217;elle comprend quelque chose.<\/p>\n<h3>Qu&#8217;est-ce qui vous motive \u00e0 participer \u00e0 la recherche ?<\/h3>\n<p>J&#8217;aimerais trouver tout ce qui pourrait aider ma fille, ne serait-ce qu&#8217;un peu.<\/p>\n<h3>Comment pensez-vous influencer notre compr\u00e9hension des changements g\u00e9n\u00e9tiques \u00e9tudi\u00e9s dans <span class=\"notranslate\">Simons Searchlight<\/span> (16p11.2, 1q21.1, ou changements g\u00e9n\u00e9tiques uniques) ?<\/h3>\n<p>Il s&#8217;agit peut-\u00eatre d&#8217;un cas unique.<\/p>\n<h3>Qu&#8217;avez-vous appris d&#8217;autres familles sur la maladie de votre enfant ?<\/h3>\n<p>J&#8217;ai appris que beaucoup de ses traits de caract\u00e8re sont communs \u00e0 d&#8217;autres enfants, et que d&#8217;autres ne le sont pas. J&#8217;ai re\u00e7u beaucoup de conseils.<\/p>\n<h3>Si vous pouviez donner un conseil \u00e0 une personne r\u00e9cemment diagnostiqu\u00e9e comme ayant un changement g\u00e9n\u00e9tique dans votre famille, quel serait-il ?<\/h3>\n<p>Allez chez l&#8217;orthophoniste et achetez une tablette avec une application de CAA pour aider votre enfant \u00e0 communiquer.<\/p>\n<h3>Quelle est la question \u00e0 laquelle vous souhaiteriez que les chercheurs puissent r\u00e9pondre concernant le changement g\u00e9n\u00e9tique de votre enfant ?<\/h3>\n<p>Comment pouvons-nous contribuer \u00e0 att\u00e9nuer leurs probl\u00e8mes\/difficult\u00e9s ?<\/p>\n","protected":false},"excerpt":{"rendered":"<p>Par : Anonyme Quelle est la relation de votre enfant avec ses fr\u00e8res et s\u0153urs ? Bon. Elle aime jouer avec ses fr\u00e8res et s\u0153urs. Que fait votre famille pour s&#8217;amuser ? Promenades dans la nature, plage, piscine, parc Parlez-nous de la plus grande difficult\u00e9 \u00e0 laquelle votre famille est confront\u00e9e. Ma fille se met [&hellip;]<\/p>\n","protected":false},"author":25,"featured_media":0,"parent":38650,"menu_order":0,"comment_status":"closed","ping_status":"closed","template":"","meta":{"_acf_changed":false,"_relevanssi_hide_post":"","_relevanssi_hide_content":"","_relevanssi_pin_for_all":"","_relevanssi_pin_keywords":"","_relevanssi_unpin_keywords":"","_relevanssi_related_keywords":"","_relevanssi_related_include_ids":"","_relevanssi_related_exclude_ids":"","_relevanssi_related_no_append":"","_relevanssi_related_not_related":"","_relevanssi_related_posts":"","_relevanssi_noindex_reason":"","footnotes":""},"acf":[],"_links":{"self":[{"href":"https:\/\/www.simonssearchlight.org\/fr\/wp-json\/wp\/v2\/pages\/38375"}],"collection":[{"href":"https:\/\/www.simonssearchlight.org\/fr\/wp-json\/wp\/v2\/pages"}],"about":[{"href":"https:\/\/www.simonssearchlight.org\/fr\/wp-json\/wp\/v2\/types\/page"}],"author":[{"embeddable":true,"href":"https:\/\/www.simonssearchlight.org\/fr\/wp-json\/wp\/v2\/users\/25"}],"replies":[{"embeddable":true,"href":"https:\/\/www.simonssearchlight.org\/fr\/wp-json\/wp\/v2\/comments?post=38375"}],"version-history":[{"count":1,"href":"https:\/\/www.simonssearchlight.org\/fr\/wp-json\/wp\/v2\/pages\/38375\/revisions"}],"predecessor-version":[{"id":38382,"href":"https:\/\/www.simonssearchlight.org\/fr\/wp-json\/wp\/v2\/pages\/38375\/revisions\/38382"}],"up":[{"embeddable":true,"href":"https:\/\/www.simonssearchlight.org\/fr\/wp-json\/wp\/v2\/pages\/38650"}],"wp:attachment":[{"href":"https:\/\/www.simonssearchlight.org\/fr\/wp-json\/wp\/v2\/media?parent=38375"}],"curies":[{"name":"wp","href":"https:\/\/api.w.org\/{rel}","templated":true}]}}