{"id":38337,"date":"2019-05-29T13:38:30","date_gmt":"2019-05-29T17:38:30","guid":{"rendered":"https:\/\/www.simonssearchlight.org\/histoire-anonyme-n-1\/"},"modified":"2024-01-29T09:57:49","modified_gmt":"2024-01-29T14:57:49","slug":"histoire-anonyme-n-1","status":"publish","type":"page","link":"https:\/\/www.simonssearchlight.org\/fr\/partagez-votre-histoire-histoires-anonymes\/histoire-anonyme-n-1\/","title":{"rendered":"Histoire anonyme n\u00b0 1"},"content":{"rendered":"<h3 style=\"text-align: center;\">Par : le parent d&#8217;un enfant atteint d&#8217;une mutation g\u00e9n\u00e9tique rare<\/h3>\n<p style=\"padding-left: 30px; text-align: center;\"><em>&#8220;Vous n&#8217;\u00eates pas seul. Et vous faites de votre mieux. Et vous prenez les meilleures d\u00e9cisions pour votre enfant.&#8221;<\/em><\/p>\n<h3>Que fait votre famille pour s&#8217;amuser ?<\/h3>\n<p>Faire du golf, s&#8217;asseoir autour d&#8217;un feu de camp, jouer avec notre golden doodle, essayer de partir en douce \u00e0 Hawa\u00ef.<\/p>\n<h3>Parlez-nous de la plus grande difficult\u00e9 \u00e0 laquelle votre famille est confront\u00e9e.<\/h3>\n<p>L&#8217;avenir inconnu et les d\u00e9fis que le g\u00e8ne nous posera. Savoir si nous faisons assez pour subvenir aux besoins de notre fils.<\/p>\n<h3>Qu&#8217;est-ce qui vous fait sourire chez votre enfant ?<\/h3>\n<p>Notre fils est toujours heureux &#8211; il aime \u00eatre entour\u00e9 de gens !<\/p>\n<h3>Qu&#8217;est-ce qui vous motive \u00e0 participer \u00e0 la recherche ?<\/h3>\n<p>Partager notre histoire pour que les autres sachent qu&#8217;ils ne sont pas seuls. Nous sommes une pi\u00e8ce de ce puzzle complexe. Il y a plus de chances de retrouver l&#8217;espoir si tous les \u00e9l\u00e9ments sont r\u00e9unis.<\/p>\n<h3>Qu&#8217;avez-vous appris d&#8217;autres familles sur la maladie de votre enfant ?<\/h3>\n<p>Il y a certainement un certain nombre de similitudes !<\/p>\n<h3>Si vous pouviez donner un conseil \u00e0 une personne r\u00e9cemment diagnostiqu\u00e9e comme ayant un changement g\u00e9n\u00e9tique dans votre famille, quel serait-il ?<\/h3>\n<p>Vous n&#8217;\u00eates pas seul. Et vous faites de votre mieux. Et vous prenez les meilleures d\u00e9cisions pour votre enfant.<\/p>\n<h3>Quelle est la question \u00e0 laquelle vous souhaiteriez que les chercheurs puissent r\u00e9pondre concernant le changement g\u00e9n\u00e9tique de votre enfant ?<\/h3>\n<p>Quelle est la meilleure forme de traitement de pointe ? Y a-t-il eu des recherches sur l&#8217;impact du neurofeedback ? Les meilleurs suppl\u00e9ments ?<\/p>\n","protected":false},"excerpt":{"rendered":"<p>Par : le parent d&#8217;un enfant atteint d&#8217;une mutation g\u00e9n\u00e9tique rare &#8220;Vous n&#8217;\u00eates pas seul. Et vous faites de votre mieux. Et vous prenez les meilleures d\u00e9cisions pour votre enfant.&#8221; Que fait votre famille pour s&#8217;amuser ? Faire du golf, s&#8217;asseoir autour d&#8217;un feu de camp, jouer avec notre golden doodle, essayer de partir en [&hellip;]<\/p>\n","protected":false},"author":25,"featured_media":0,"parent":38650,"menu_order":0,"comment_status":"closed","ping_status":"closed","template":"","meta":{"_acf_changed":false,"_relevanssi_hide_post":"","_relevanssi_hide_content":"","_relevanssi_pin_for_all":"","_relevanssi_pin_keywords":"","_relevanssi_unpin_keywords":"","_relevanssi_related_keywords":"","_relevanssi_related_include_ids":"","_relevanssi_related_exclude_ids":"","_relevanssi_related_no_append":"","_relevanssi_related_not_related":"","_relevanssi_related_posts":"","_relevanssi_noindex_reason":"","footnotes":""},"acf":[],"_links":{"self":[{"href":"https:\/\/www.simonssearchlight.org\/fr\/wp-json\/wp\/v2\/pages\/38337"}],"collection":[{"href":"https:\/\/www.simonssearchlight.org\/fr\/wp-json\/wp\/v2\/pages"}],"about":[{"href":"https:\/\/www.simonssearchlight.org\/fr\/wp-json\/wp\/v2\/types\/page"}],"author":[{"embeddable":true,"href":"https:\/\/www.simonssearchlight.org\/fr\/wp-json\/wp\/v2\/users\/25"}],"replies":[{"embeddable":true,"href":"https:\/\/www.simonssearchlight.org\/fr\/wp-json\/wp\/v2\/comments?post=38337"}],"version-history":[{"count":1,"href":"https:\/\/www.simonssearchlight.org\/fr\/wp-json\/wp\/v2\/pages\/38337\/revisions"}],"predecessor-version":[{"id":38341,"href":"https:\/\/www.simonssearchlight.org\/fr\/wp-json\/wp\/v2\/pages\/38337\/revisions\/38341"}],"up":[{"embeddable":true,"href":"https:\/\/www.simonssearchlight.org\/fr\/wp-json\/wp\/v2\/pages\/38650"}],"wp:attachment":[{"href":"https:\/\/www.simonssearchlight.org\/fr\/wp-json\/wp\/v2\/media?parent=38337"}],"curies":[{"name":"wp","href":"https:\/\/api.w.org\/{rel}","templated":true}]}}