{"id":38185,"date":"2019-05-09T10:14:36","date_gmt":"2019-05-09T14:14:36","guid":{"rendered":"https:\/\/www.simonssearchlight.org\/transition-du-projecteur\/"},"modified":"2024-01-29T09:54:39","modified_gmt":"2024-01-29T14:54:39","slug":"transition-du-projecteur","status":"publish","type":"page","link":"https:\/\/www.simonssearchlight.org\/fr\/transition-du-projecteur\/","title":{"rendered":"Transition du projecteur"},"content":{"rendered":"<div class=\"flex-centered\">\n<div class=\"grow1\"><img decoding=\"async\" class=\"alignnone size-full wp-image-4446\" src=\"https:\/\/cdn.simonssearchlight.org\/wp-content\/uploads\/2019\/05\/09061457\/SVIP_Logo.svg\" alt=\"\"><\/div>\n<div>est maintenant<\/div>\n<div class=\"grow1\"><img decoding=\"async\" src=\"https:\/\/cdn.simonssearchlight.org\/wp-content\/uploads\/2019\/05\/09082924\/Searchlight_Logo_wSIMONS.svg\" alt=\"\" class=\"alignnone size-full wp-image-4456\"><\/div>\n<\/div>\n<p>Nous apportons des changements ! Nous avons chang\u00e9 notre nom en <span class=\"notranslate\">Simons Searchlight<\/span> pour refl\u00e9ter notre mission qui consiste \u00e0 travailler avec vous pour trouver des r\u00e9ponses. Parall\u00e8lement au nouveau nom, nous avons mis \u00e0 jour notre site web avec un processus d&#8217;inscription plus convivial, ce qui facilite l&#8217;adh\u00e9sion et l&#8217;acc\u00e8s \u00e0 des fonctions utiles. Notre objectif reste de catalyser la recherche pour faire avancer la science des changements g\u00e9n\u00e9tiques li\u00e9s \u00e0 l&#8217;autisme.<\/p>\n<p><strong>Quoi de neuf ?<\/strong><\/p>\n<ul>\n<li>Nouveau nom<\/li>\n<li>Nouveau site web<\/li>\n<li>Plus de ressources<\/li>\n<li>D&#8217;autres langues seront bient\u00f4t disponibles !<\/li>\n<\/ul>\n<p><strong>Si vous \u00eates d\u00e9j\u00e0 inscrit, nous vous enverrons jusqu&#8217;\u00e0 la fin du mois de mai des courriels pour d\u00e9finir votre mot de passe. Surveillez cet e-mail et suivez les \u00e9tapes suivantes :<\/strong><\/p>\n<ul>\n<li>V\u00e9rifiez votre courrier \u00e9lectronique et suivez le lien<\/li>\n<li>D\u00e9finir un nouveau mot de passe<\/li>\n<li>Explorer et continuer \u00e0 participer<\/li>\n<\/ul>\n<p><strong>Vous n&#8217;\u00eates pas encore inscrit ?<\/strong><\/p>\n<ul>\n<li>Cliquez sur &#8220;s&#8217;inscrire&#8221;<\/li>\n<li>S&#8217;inscrire \u00e0 l&#8217;\u00e9tude par le biais de notre nouvelle proc\u00e9dure am\u00e9lior\u00e9e<\/li>\n<\/ul>\n<p>La m\u00eame recherche de qualit\u00e9, un nouveau nom !<\/p>\n","protected":false},"excerpt":{"rendered":"<p>est maintenant Nous apportons des changements ! Nous avons chang\u00e9 notre nom en Simons Searchlight pour refl\u00e9ter notre mission qui consiste \u00e0 travailler avec vous pour trouver des r\u00e9ponses. Parall\u00e8lement au nouveau nom, nous avons mis \u00e0 jour notre site web avec un processus d&#8217;inscription plus convivial, ce qui facilite l&#8217;adh\u00e9sion et l&#8217;acc\u00e8s \u00e0 des [&hellip;]<\/p>\n","protected":false},"author":25,"featured_media":0,"parent":0,"menu_order":0,"comment_status":"closed","ping_status":"closed","template":"","meta":{"_acf_changed":false,"_relevanssi_hide_post":"","_relevanssi_hide_content":"","_relevanssi_pin_for_all":"","_relevanssi_pin_keywords":"","_relevanssi_unpin_keywords":"","_relevanssi_related_keywords":"","_relevanssi_related_include_ids":"","_relevanssi_related_exclude_ids":"","_relevanssi_related_no_append":"","_relevanssi_related_not_related":"","_relevanssi_related_posts":"","_relevanssi_noindex_reason":"","footnotes":""},"acf":[],"_links":{"self":[{"href":"https:\/\/www.simonssearchlight.org\/fr\/wp-json\/wp\/v2\/pages\/38185"}],"collection":[{"href":"https:\/\/www.simonssearchlight.org\/fr\/wp-json\/wp\/v2\/pages"}],"about":[{"href":"https:\/\/www.simonssearchlight.org\/fr\/wp-json\/wp\/v2\/types\/page"}],"author":[{"embeddable":true,"href":"https:\/\/www.simonssearchlight.org\/fr\/wp-json\/wp\/v2\/users\/25"}],"replies":[{"embeddable":true,"href":"https:\/\/www.simonssearchlight.org\/fr\/wp-json\/wp\/v2\/comments?post=38185"}],"version-history":[{"count":1,"href":"https:\/\/www.simonssearchlight.org\/fr\/wp-json\/wp\/v2\/pages\/38185\/revisions"}],"predecessor-version":[{"id":38193,"href":"https:\/\/www.simonssearchlight.org\/fr\/wp-json\/wp\/v2\/pages\/38185\/revisions\/38193"}],"wp:attachment":[{"href":"https:\/\/www.simonssearchlight.org\/fr\/wp-json\/wp\/v2\/media?parent=38185"}],"curies":[{"name":"wp","href":"https:\/\/api.w.org\/{rel}","templated":true}]}}