{"id":38183,"date":"2018-05-04T16:43:14","date_gmt":"2018-05-04T20:43:14","guid":{"rendered":"https:\/\/www.simonssearchlight.org\/processus-de-recherche\/les-maladies-genetiques-que-nous-etudions\/setbp1\/"},"modified":"2026-04-06T16:34:50","modified_gmt":"2026-04-06T20:34:50","slug":"setbp1","status":"publish","type":"page","link":"https:\/\/www.simonssearchlight.org\/fr\/processus-de-recherche\/les-maladies-genetiques-que-nous-etudions\/setbp1\/","title":{"rendered":"SETBP1"},"content":{"rendered":"<p><span style=\"font-weight: 400;\">Les informations de ce r\u00e9sum\u00e9 sur le trouble de l&#8217;haplofficacit\u00e9 de <\/span><strong>Trouble li\u00e9 \u00e0 l&#8217;haploinsuffisance de <span class=\"notranslate\">SETBP1<\/span><\/strong><span style=\"font-weight: 400;\">  proviennent de publications de recherche. Il ne s&#8217;agit pas d&#8217;un avis m\u00e9dical. <\/span><\/p>\n<p><a href=\"https:\/\/www.simonssearchlight.org\/es\/gene-guide\/trastorno-por-haploinsuficiencia-de-setbp1\/\" target=\"_blank\" rel=\"noopener\"><strong>Cliquez ici pour consulter notre guide complet des g\u00e8nes de l&#8217;haploinsuffisance du g\u00e8ne SETBP1<\/strong><\/a><\/p>\n<p>Le guide des g\u00e8nes en ligne comprend des informations suppl\u00e9mentaires sur le trouble de l&#8217;haploinsuffisance en <span class=\"notranslate\">SETBP1<\/span>, telles que le risque d&#8217;avoir un autre enfant atteint de cette maladie, les probl\u00e8mes de comportement et de d\u00e9veloppement li\u00e9s au trouble de l&#8217;haploinsuffisance en <span class=\"notranslate\">SETBP1<\/span> ou les sp\u00e9cialistes \u00e0 prendre en compte pour les personnes atteintes de cette maladie. Partagez cette ressource avec les membres de votre famille ou vos prestataires de soins.<\/p>\n<p>&nbsp;<\/p>\n","protected":false},"excerpt":{"rendered":"<p>Les informations de ce r\u00e9sum\u00e9 sur le trouble de l&#8217;haplofficacit\u00e9 de Trouble li\u00e9 \u00e0 l&#8217;haploinsuffisance de SETBP1 proviennent de publications de recherche. Il ne s&#8217;agit pas d&#8217;un avis m\u00e9dical. Cliquez ici pour consulter notre guide complet des g\u00e8nes de l&#8217;haploinsuffisance du g\u00e8ne SETBP1 Le guide des g\u00e8nes en ligne comprend des informations suppl\u00e9mentaires sur le [&hellip;]<\/p>\n","protected":false},"author":18,"featured_media":0,"parent":38035,"menu_order":0,"comment_status":"closed","ping_status":"closed","template":"page-gene-card.php","meta":{"_acf_changed":false,"_relevanssi_hide_post":"","_relevanssi_hide_content":"","_relevanssi_pin_for_all":"","_relevanssi_pin_keywords":"","_relevanssi_unpin_keywords":"","_relevanssi_related_keywords":"","_relevanssi_related_include_ids":"","_relevanssi_related_exclude_ids":"","_relevanssi_related_no_append":"","_relevanssi_related_not_related":"","_relevanssi_related_posts":"","_relevanssi_noindex_reason":"","footnotes":""},"acf":[],"_links":{"self":[{"href":"https:\/\/www.simonssearchlight.org\/fr\/wp-json\/wp\/v2\/pages\/38183"}],"collection":[{"href":"https:\/\/www.simonssearchlight.org\/fr\/wp-json\/wp\/v2\/pages"}],"about":[{"href":"https:\/\/www.simonssearchlight.org\/fr\/wp-json\/wp\/v2\/types\/page"}],"author":[{"embeddable":true,"href":"https:\/\/www.simonssearchlight.org\/fr\/wp-json\/wp\/v2\/users\/18"}],"replies":[{"embeddable":true,"href":"https:\/\/www.simonssearchlight.org\/fr\/wp-json\/wp\/v2\/comments?post=38183"}],"version-history":[{"count":4,"href":"https:\/\/www.simonssearchlight.org\/fr\/wp-json\/wp\/v2\/pages\/38183\/revisions"}],"predecessor-version":[{"id":64893,"href":"https:\/\/www.simonssearchlight.org\/fr\/wp-json\/wp\/v2\/pages\/38183\/revisions\/64893"}],"up":[{"embeddable":true,"href":"https:\/\/www.simonssearchlight.org\/fr\/wp-json\/wp\/v2\/pages\/38035"}],"wp:attachment":[{"href":"https:\/\/www.simonssearchlight.org\/fr\/wp-json\/wp\/v2\/media?parent=38183"}],"curies":[{"name":"wp","href":"https:\/\/api.w.org\/{rel}","templated":true}]}}