{"id":38137,"date":"2019-03-12T13:00:04","date_gmt":"2019-03-12T17:00:04","guid":{"rendered":"https:\/\/www.simonssearchlight.org\/ressources\/reunions-de-famille\/"},"modified":"2024-01-29T09:54:33","modified_gmt":"2024-01-29T14:54:33","slug":"reunions-de-famille","status":"publish","type":"page","link":"https:\/\/www.simonssearchlight.org\/fr\/ressources\/reunions-de-famille\/","title":{"rendered":"R\u00e9unions de famille"},"content":{"rendered":"<p>L&#8217;organisation d&#8217;une rencontre familiale n\u00e9cessite plusieurs mois de planification et de coordination entre les familles. <span class=\"notranslate\">Simons Searchlight<\/span> a rassembl\u00e9 ces conseils pour faciliter le processus.<\/p>\n<h2 style=\"text-align: center;\">Types de r\u00e9unions<\/h2>\n<p data-pm-slice=\"1 1 []\">Il existe deux types de r\u00e9unions que les familles peuvent organiser en fonction de la taille du groupe familial et du nombre de participants attendus :<\/p>\n\n<h2 style=\"text-align: center;\" data-pm-slice=\"1 1 []\">Vous souhaitez que <span class=\"notranslate\">Simons Searchlight<\/span> soit impliqu\u00e9 dans votre r\u00e9union de famille ?<\/h2>\n<p style=\"text-align: left;\" data-pm-slice=\"1 1 []\"><strong>Avant de contacter <span class=\"notranslate\">Simons Searchlight<\/span>, veuillez tenir compte des informations suivantes :<\/strong><\/p>\n<ol>\n<li style=\"text-align: left;\" data-pm-slice=\"1 1 []\">Le type de r\u00e9union de famille que votre groupe pr\u00e9voit : <span style=\"text-decoration: underline;\">En personne<\/span> ou <span style=\"text-decoration: underline;\">virtuelle<\/span><\/li>\n<li style=\"text-align: left;\" data-pm-slice=\"1 1 []\">Une <u>date ou une fourchette de dates<\/u> pour la r\u00e9union de famille. Cette date sera confirm\u00e9e par l&#8217;\u00e9quipe de <span class=\"notranslate\">Simons Searchlight<\/span>.<\/li>\n<li style=\"text-align: left;\" data-pm-slice=\"1 1 []\">Un <u>lieu<\/u> potentiel pour l&#8217;\u00e9v\u00e9nement (uniquement pour les r\u00e9unions en personne).<\/li>\n<li style=\"text-align: left;\" data-pm-slice=\"1 1 []\">Une liste des <u>participants confirm\u00e9s (r\u00e9unions en personne uniquement)<\/u> ou le nombre de <u>participants attendus<\/u>.<\/li>\n<li data-pm-slice=\"1 1 []\">Le <u>niveau d&#8217;implication dans la recherche<\/u> que votre groupe demandera \u00e0 <span class=\"notranslate\">Simons Searchlight<\/span> (r\u00e9unions en personne uniquement).<\/li>\n<\/ol>\n<p style=\"text-align: center;\" data-pm-slice=\"1 1 []\"><strong>Si votre groupe familial a pr\u00e9par\u00e9 tous ces d\u00e9tails, veuillez suivre le lien ci-dessous pour soumettre une demande d&#8217;aide pour les <span class=\"notranslate\">r\u00e9unions de famille<\/span> \u00e0 <span class=\"notranslate\">Simons Searchlight<\/span> :<\/strong><\/p>\n<h3 style=\"text-align: center;\" data-pm-slice=\"1 1 []\"><a href=\"https:\/\/forms.gle\/cXfZFy7PbRarAqTQ6\" target=\"_blank\" rel=\"noopener\">Compl\u00e9tez votre demande ici !<\/a><\/h3>\n","protected":false},"excerpt":{"rendered":"<p>L&#8217;organisation d&#8217;une rencontre familiale n\u00e9cessite plusieurs mois de planification et de coordination entre les familles. Simons Searchlight a rassembl\u00e9 ces conseils pour faciliter le processus. Types de r\u00e9unions Il existe deux types de r\u00e9unions que les familles peuvent organiser en fonction de la taille du groupe familial et du nombre de participants attendus : Vous [&hellip;]<\/p>\n","protected":false},"author":6,"featured_media":0,"parent":37987,"menu_order":0,"comment_status":"closed","ping_status":"closed","template":"","meta":{"_acf_changed":false,"_relevanssi_hide_post":"","_relevanssi_hide_content":"","_relevanssi_pin_for_all":"","_relevanssi_pin_keywords":"","_relevanssi_unpin_keywords":"","_relevanssi_related_keywords":"","_relevanssi_related_include_ids":"","_relevanssi_related_exclude_ids":"","_relevanssi_related_no_append":"","_relevanssi_related_not_related":"","_relevanssi_related_posts":"","_relevanssi_noindex_reason":"","footnotes":""},"acf":[],"_links":{"self":[{"href":"https:\/\/www.simonssearchlight.org\/fr\/wp-json\/wp\/v2\/pages\/38137"}],"collection":[{"href":"https:\/\/www.simonssearchlight.org\/fr\/wp-json\/wp\/v2\/pages"}],"about":[{"href":"https:\/\/www.simonssearchlight.org\/fr\/wp-json\/wp\/v2\/types\/page"}],"author":[{"embeddable":true,"href":"https:\/\/www.simonssearchlight.org\/fr\/wp-json\/wp\/v2\/users\/6"}],"replies":[{"embeddable":true,"href":"https:\/\/www.simonssearchlight.org\/fr\/wp-json\/wp\/v2\/comments?post=38137"}],"version-history":[{"count":1,"href":"https:\/\/www.simonssearchlight.org\/fr\/wp-json\/wp\/v2\/pages\/38137\/revisions"}],"predecessor-version":[{"id":38144,"href":"https:\/\/www.simonssearchlight.org\/fr\/wp-json\/wp\/v2\/pages\/38137\/revisions\/38144"}],"up":[{"embeddable":true,"href":"https:\/\/www.simonssearchlight.org\/fr\/wp-json\/wp\/v2\/pages\/37987"}],"wp:attachment":[{"href":"https:\/\/www.simonssearchlight.org\/fr\/wp-json\/wp\/v2\/media?parent=38137"}],"curies":[{"name":"wp","href":"https:\/\/api.w.org\/{rel}","templated":true}]}}