{"id":38127,"date":"2018-05-04T13:08:13","date_gmt":"2018-05-04T17:08:13","guid":{"rendered":"https:\/\/www.simonssearchlight.org\/processus-de-recherche\/les-maladies-genetiques-que-nous-etudions\/bcl11a\/"},"modified":"2026-04-03T10:28:15","modified_gmt":"2026-04-03T14:28:15","slug":"bcl11a","status":"publish","type":"page","link":"https:\/\/www.simonssearchlight.org\/fr\/processus-de-recherche\/les-maladies-genetiques-que-nous-etudions\/bcl11a\/","title":{"rendered":"BCL11A"},"content":{"rendered":"<p><span style=\"font-weight: 400;\">Les informations de ce r\u00e9sum\u00e9 du <\/span><strong>Syndrome li\u00e9 \u00e0 <span class=\"notranslate\">BCL11A<\/span><\/strong><span style=\"font-weight: 400;\">  proviennent de publications de recherche. Il ne s&#8217;agit pas d&#8217;un avis m\u00e9dical. <\/span><\/p>\n<p><a href=\"https:\/\/www.simonssearchlight.org\/fr\/gene-guide\/syndrome-lie-a-bcl11a\/\" target=\"_blank\" rel=\"noopener\"><strong>Cliquez ici pour consulter notre guide complet du g\u00e8ne BCL11A<\/strong><\/a><\/p>\n<p>Le Guide des g\u00e8nes en ligne comprend de plus amples informations sur <span class=\"notranslate\">BCL11A<\/span>, telles que le risque d&#8217;avoir un autre enfant atteint de cette maladie, les probl\u00e8mes de comportement et de d\u00e9veloppement li\u00e9s au syndrome li\u00e9 \u00e0 <span class=\"notranslate\">BCL11A<\/span> ou les sp\u00e9cialistes \u00e0 prendre en compte pour les personnes atteintes de cette maladie. Partagez cette ressource avec les membres de votre famille ou vos prestataires de soins.<\/p>\n<p><strong>Le syndrome li\u00e9 \u00e0 <span class=\"notranslate\">BCL11A<\/span><\/strong><span style=\"font-weight: 400;\"> est \u00e9galement appel\u00e9 <\/span><strong>syndrome de Dias-Logan<\/strong> <span style=\"font-weight: 400;\">ou <\/span><strong>trouble du d\u00e9veloppement intellectuel avec persistance de l&#8217;h\u00e9moglobine f\u0153tale.<\/strong> <span style=\"font-weight: 400;\">Pour cette page web, nous utiliserons le nom de <\/span><strong>Syndrome li\u00e9 \u00e0 <span class=\"notranslate\">BCL11A<\/span><\/strong><span style=\"font-weight: 400;\">  pour englober le large \u00e9ventail de variantes observ\u00e9es chez les personnes identifi\u00e9es. Les personnes atteintes d&#8217;un syndrome apparent\u00e9 appel\u00e9 syndrome de d\u00e9l\u00e9tion 2p15p16.1 pr\u00e9sentent une modification g\u00e9n\u00e9tique qui peut affecter plusieurs g\u00e8nes, dont le g\u00e8ne <span class=\"notranslate\">BCL11A<\/span>. <\/span><\/p>\n","protected":false},"excerpt":{"rendered":"<p>Les informations de ce r\u00e9sum\u00e9 du Syndrome li\u00e9 \u00e0 BCL11A proviennent de publications de recherche. Il ne s&#8217;agit pas d&#8217;un avis m\u00e9dical. Cliquez ici pour consulter notre guide complet du g\u00e8ne BCL11A Le Guide des g\u00e8nes en ligne comprend de plus amples informations sur BCL11A, telles que le risque d&#8217;avoir un autre enfant atteint de [&hellip;]<\/p>\n","protected":false},"author":4,"featured_media":0,"parent":38035,"menu_order":0,"comment_status":"closed","ping_status":"closed","template":"page-gene-card.php","meta":{"_acf_changed":false,"_relevanssi_hide_post":"","_relevanssi_hide_content":"","_relevanssi_pin_for_all":"","_relevanssi_pin_keywords":"","_relevanssi_unpin_keywords":"","_relevanssi_related_keywords":"","_relevanssi_related_include_ids":"","_relevanssi_related_exclude_ids":"","_relevanssi_related_no_append":"","_relevanssi_related_not_related":"","_relevanssi_related_posts":"","_relevanssi_noindex_reason":"","footnotes":""},"acf":[],"_links":{"self":[{"href":"https:\/\/www.simonssearchlight.org\/fr\/wp-json\/wp\/v2\/pages\/38127"}],"collection":[{"href":"https:\/\/www.simonssearchlight.org\/fr\/wp-json\/wp\/v2\/pages"}],"about":[{"href":"https:\/\/www.simonssearchlight.org\/fr\/wp-json\/wp\/v2\/types\/page"}],"author":[{"embeddable":true,"href":"https:\/\/www.simonssearchlight.org\/fr\/wp-json\/wp\/v2\/users\/4"}],"replies":[{"embeddable":true,"href":"https:\/\/www.simonssearchlight.org\/fr\/wp-json\/wp\/v2\/comments?post=38127"}],"version-history":[{"count":3,"href":"https:\/\/www.simonssearchlight.org\/fr\/wp-json\/wp\/v2\/pages\/38127\/revisions"}],"predecessor-version":[{"id":78785,"href":"https:\/\/www.simonssearchlight.org\/fr\/wp-json\/wp\/v2\/pages\/38127\/revisions\/78785"}],"up":[{"embeddable":true,"href":"https:\/\/www.simonssearchlight.org\/fr\/wp-json\/wp\/v2\/pages\/38035"}],"wp:attachment":[{"href":"https:\/\/www.simonssearchlight.org\/fr\/wp-json\/wp\/v2\/media?parent=38127"}],"curies":[{"name":"wp","href":"https:\/\/api.w.org\/{rel}","templated":true}]}}