{"id":38116,"date":"2018-05-04T12:34:11","date_gmt":"2018-05-04T16:34:11","guid":{"rendered":"https:\/\/www.simonssearchlight.org\/processus-de-recherche\/les-maladies-genetiques-que-nous-etudions\/ank2\/"},"modified":"2026-04-06T13:03:28","modified_gmt":"2026-04-06T17:03:28","slug":"ank2","status":"publish","type":"page","link":"https:\/\/www.simonssearchlight.org\/fr\/processus-de-recherche\/les-maladies-genetiques-que-nous-etudions\/ank2\/","title":{"rendered":"ANK2"},"content":{"rendered":"<p><span style=\"font-weight: 400;\">Les informations de ce r\u00e9sum\u00e9 du <\/span><strong>Syndrome li\u00e9 \u00e0 l&#8217;<span class=\"notranslate\">ANK2<\/span><\/strong><span style=\"font-weight: 400;\">  proviennent de publications de recherche. Il ne s&#8217;agit pas d&#8217;un avis m\u00e9dical. <\/span><\/p>\n<p><a href=\"https:\/\/www.simonssearchlight.org\/es\/gene-guide\/sindrome-relacionado-con-ank2\/\" target=\"_blank\" rel=\"noopener\"><strong>Cliquez ici pour consulter notre guide complet du g\u00e8ne ANK2  <\/strong><\/a><\/p>\n<p>Le Guide des g\u00e8nes en ligne comprend de plus amples informations sur <span style=\"font-weight: 400;\"><span class=\"notranslate\">ANK2<\/span><\/span>, telles que le risque d&#8217;avoir un autre enfant atteint de cette maladie, les probl\u00e8mes de comportement et de d\u00e9veloppement li\u00e9s au syndrome <span style=\"font-weight: 400;\">li\u00e9 \u00e0 <span class=\"notranslate\">ANK2<\/span><\/span> ou les sp\u00e9cialistes \u00e0 prendre en compte pour les personnes atteintes de cette maladie. Partagez cette ressource avec les membres de votre famille ou vos prestataires de soins.<\/p>\n<p><strong>Le syndrome li\u00e9 \u00e0 l&#8217;<span class=\"notranslate\">ANK2<\/span><\/strong><span style=\"font-weight: 400;\"> est \u00e9galement appel\u00e9 <\/span><strong>syndrome de l&#8217;ankyrine-B<\/strong><span style=\"font-weight: 400;\">.<\/span> <span style=\"font-weight: 400;\">Pour cette page web, nous utiliserons le nom de <\/span><strong>syndrome li\u00e9 \u00e0 l&#8217;<span class=\"notranslate\">ANK2<\/span><\/strong><span style=\"font-weight: 400;\">  pour englober le large \u00e9ventail de variantes observ\u00e9es chez les personnes identifi\u00e9es. Les variantes du g\u00e8ne <span class=\"notranslate\">ANK2<\/span> peuvent \u00e9galement causer   <\/span><strong>arythmie cardiaque, li\u00e9e \u00e0 l&#8217;ankyrine-B ou syndrome du QT long 4<\/strong><span style=\"font-weight: 400;\">qui sont toutes deux des pathologies cardiaques. Cette page web contient des informations sur la maladie neurod\u00e9veloppementale. <\/span><\/p>\n","protected":false},"excerpt":{"rendered":"<p>Les informations de ce r\u00e9sum\u00e9 du Syndrome li\u00e9 \u00e0 l&#8217;ANK2 proviennent de publications de recherche. Il ne s&#8217;agit pas d&#8217;un avis m\u00e9dical. Cliquez ici pour consulter notre guide complet du g\u00e8ne ANK2 Le Guide des g\u00e8nes en ligne comprend de plus amples informations sur ANK2, telles que le risque d&#8217;avoir un autre enfant atteint de [&hellip;]<\/p>\n","protected":false},"author":4,"featured_media":0,"parent":38035,"menu_order":0,"comment_status":"closed","ping_status":"closed","template":"page-gene-card.php","meta":{"_acf_changed":false,"_relevanssi_hide_post":"","_relevanssi_hide_content":"","_relevanssi_pin_for_all":"","_relevanssi_pin_keywords":"","_relevanssi_unpin_keywords":"","_relevanssi_related_keywords":"","_relevanssi_related_include_ids":"","_relevanssi_related_exclude_ids":"","_relevanssi_related_no_append":"","_relevanssi_related_not_related":"","_relevanssi_related_posts":"","_relevanssi_noindex_reason":"","footnotes":""},"acf":[],"_links":{"self":[{"href":"https:\/\/www.simonssearchlight.org\/fr\/wp-json\/wp\/v2\/pages\/38116"}],"collection":[{"href":"https:\/\/www.simonssearchlight.org\/fr\/wp-json\/wp\/v2\/pages"}],"about":[{"href":"https:\/\/www.simonssearchlight.org\/fr\/wp-json\/wp\/v2\/types\/page"}],"author":[{"embeddable":true,"href":"https:\/\/www.simonssearchlight.org\/fr\/wp-json\/wp\/v2\/users\/4"}],"replies":[{"embeddable":true,"href":"https:\/\/www.simonssearchlight.org\/fr\/wp-json\/wp\/v2\/comments?post=38116"}],"version-history":[{"count":3,"href":"https:\/\/www.simonssearchlight.org\/fr\/wp-json\/wp\/v2\/pages\/38116\/revisions"}],"predecessor-version":[{"id":78646,"href":"https:\/\/www.simonssearchlight.org\/fr\/wp-json\/wp\/v2\/pages\/38116\/revisions\/78646"}],"up":[{"embeddable":true,"href":"https:\/\/www.simonssearchlight.org\/fr\/wp-json\/wp\/v2\/pages\/38035"}],"wp:attachment":[{"href":"https:\/\/www.simonssearchlight.org\/fr\/wp-json\/wp\/v2\/media?parent=38116"}],"curies":[{"name":"wp","href":"https:\/\/api.w.org\/{rel}","templated":true}]}}