{"id":37996,"date":"2018-05-03T13:38:19","date_gmt":"2018-05-03T17:38:19","guid":{"rendered":"https:\/\/www.simonssearchlight.org\/deletion-1q21-1\/"},"modified":"2026-04-06T12:55:22","modified_gmt":"2026-04-06T16:55:22","slug":"deletion-1q21-1","status":"publish","type":"page","link":"https:\/\/www.simonssearchlight.org\/fr\/processus-de-recherche\/les-maladies-genetiques-que-nous-etudions\/deletion-1q21-1\/","title":{"rendered":"D\u00e9l\u00e9tion 1q21.1"},"content":{"rendered":"<p><span style=\"font-weight: 400;\">Les informations contenues dans ce r\u00e9sum\u00e9 du <\/span><b>Syndrome de d\u00e9l\u00e9tion 1q21.1<\/b><span style=\"font-weight: 400;\">  proviennent de publications de recherche. Il ne s&#8217;agit pas d&#8217;un avis m\u00e9dical. <\/span><\/p>\n<p><a href=\"https:\/\/www.simonssearchlight.org\/es\/gene-guide\/sindrome-de-delecion-1q21-1\/\" target=\"_blank\" rel=\"noopener\"><strong>Cliquez ici pour consulter notre guide complet des g\u00e8nes de la d\u00e9l\u00e9tion 1q21.1<\/strong><\/a><\/p>\n<p>Le Guide des g\u00e8nes en ligne comprend des informations suppl\u00e9mentaires sur la d\u00e9l\u00e9tion 1q21.1, telles que le risque d&#8217;avoir un autre enfant atteint de cette maladie, les probl\u00e8mes de comportement et de d\u00e9veloppement li\u00e9s \u00e0 la d\u00e9l\u00e9tion 1q21.1 ou les sp\u00e9cialistes \u00e0 prendre en compte pour les personnes atteintes de cette maladie. Partagez cette ressource avec les membres de votre famille ou vos prestataires de soins. <\/p>\n<p><strong><span class=\"notranslate\">Le syndrome de la d\u00e9l\u00e9tion 1q21.1<\/span><\/strong><span style=\"font-weight: 400;\"> est \u00e9galement appel\u00e9 <\/span><strong>syndrome de microd\u00e9l\u00e9tion 1q21.1.<\/strong> <span style=\"font-weight: 400;\">Dans cette page web, nous utiliserons le nom &#8220;syndrome de d\u00e9l\u00e9tion 1q21.1&#8221;. <\/span><strong><span class=\"notranslate\">syndrome de d\u00e9l\u00e9tion 1q21.1<\/span><\/strong><span style=\"font-weight: 400;\"> pour englober le large \u00e9ventail de variantes observ\u00e9es chez les personnes identifi\u00e9es.<\/span><\/p>\n","protected":false},"excerpt":{"rendered":"<p>Les informations contenues dans ce r\u00e9sum\u00e9 du Syndrome de d\u00e9l\u00e9tion 1q21.1 proviennent de publications de recherche. Il ne s&#8217;agit pas d&#8217;un avis m\u00e9dical. Cliquez ici pour consulter notre guide complet des g\u00e8nes de la d\u00e9l\u00e9tion 1q21.1 Le Guide des g\u00e8nes en ligne comprend des informations suppl\u00e9mentaires sur la d\u00e9l\u00e9tion 1q21.1, telles que le risque d&#8217;avoir [&hellip;]<\/p>\n","protected":false},"author":4,"featured_media":0,"parent":38035,"menu_order":1,"comment_status":"closed","ping_status":"closed","template":"page-gene-card.php","meta":{"_acf_changed":false,"_relevanssi_hide_post":"","_relevanssi_hide_content":"","_relevanssi_pin_for_all":"","_relevanssi_pin_keywords":"","_relevanssi_unpin_keywords":"","_relevanssi_related_keywords":"","_relevanssi_related_include_ids":"","_relevanssi_related_exclude_ids":"","_relevanssi_related_no_append":"","_relevanssi_related_not_related":"","_relevanssi_related_posts":"","_relevanssi_noindex_reason":"","footnotes":""},"acf":[],"_links":{"self":[{"href":"https:\/\/www.simonssearchlight.org\/fr\/wp-json\/wp\/v2\/pages\/37996"}],"collection":[{"href":"https:\/\/www.simonssearchlight.org\/fr\/wp-json\/wp\/v2\/pages"}],"about":[{"href":"https:\/\/www.simonssearchlight.org\/fr\/wp-json\/wp\/v2\/types\/page"}],"author":[{"embeddable":true,"href":"https:\/\/www.simonssearchlight.org\/fr\/wp-json\/wp\/v2\/users\/4"}],"replies":[{"embeddable":true,"href":"https:\/\/www.simonssearchlight.org\/fr\/wp-json\/wp\/v2\/comments?post=37996"}],"version-history":[{"count":5,"href":"https:\/\/www.simonssearchlight.org\/fr\/wp-json\/wp\/v2\/pages\/37996\/revisions"}],"predecessor-version":[{"id":78842,"href":"https:\/\/www.simonssearchlight.org\/fr\/wp-json\/wp\/v2\/pages\/37996\/revisions\/78842"}],"up":[{"embeddable":true,"href":"https:\/\/www.simonssearchlight.org\/fr\/wp-json\/wp\/v2\/pages\/38035"}],"wp:attachment":[{"href":"https:\/\/www.simonssearchlight.org\/fr\/wp-json\/wp\/v2\/media?parent=37996"}],"curies":[{"name":"wp","href":"https:\/\/api.w.org\/{rel}","templated":true}]}}