{"id":37986,"date":"2018-10-31T15:43:50","date_gmt":"2018-10-31T19:43:50","guid":{"rendered":"https:\/\/www.simonssearchlight.org\/a-propos-de\/"},"modified":"2024-01-29T09:47:39","modified_gmt":"2024-01-29T14:47:39","slug":"a-propos-de","status":"publish","type":"page","link":"https:\/\/www.simonssearchlight.org\/fr\/a-propos-de\/","title":{"rendered":"A propos de"},"content":{"rendered":"<p><span class=\"notranslate\">Simons Searchlight<\/span> s&#8217;efforce d&#8217;acc\u00e9l\u00e9rer la science g\u00e9n\u00e9tique de l&#8217;autisme et des troubles connexes. Nous voulons plus de r\u00e9ponses. Nous voulons plus de progr\u00e8s.<\/p>\n\n<p>Nous sommes un partenariat de scientifiques, de chercheurs et de familles de premier plan. <span class=\"notranslate\">Simons Searchlight<\/span> estime que la seule fa\u00e7on de r\u00e9aliser des <strong>progr\u00e8s significatifs<\/strong> est de le faire ensemble. Les familles connaissent les \u00e9tapes de leur parcours et savent comment leur vie a \u00e9t\u00e9 affect\u00e9e. Les scientifiques savent comment transformer ces connaissances en recherches de pointe.<\/p>\n<p>Ensemble, nous ferons avancer la science.<\/p>\n<p><img loading=\"lazy\" decoding=\"async\" src=\"http:\/\/searchlight.site:8888\/wp-content\/uploads\/2018\/11\/blog3-300x200.jpg\" alt=\"\" width=\"300\" height=\"200\" class=\"alignright size-medium wp-image-46\" srcset=\"https:\/\/cdn.simonssearchlight.org\/wp-content\/uploads\/2018\/11\/09053836\/blog3-300x200.jpg 300w, https:\/\/cdn.simonssearchlight.org\/wp-content\/uploads\/2018\/11\/09053836\/blog3.jpg 500w\" sizes=\"(max-width: 300px) 100vw, 300px\" \/>Les pathologies que nous \u00e9tudions peuvent \u00eatre <strong>extr\u00eamement rares<\/strong>. Mais lorsque nous nous unissons, des choses incroyables peuvent se produire. Des id\u00e9es et des mod\u00e8les \u00e9mergent. Les communaut\u00e9s se forment. Les conditions, une fois isol\u00e9es, deviennent importantes et pertinentes.<\/p>\n<p>Et lorsque nous trouverons les r\u00e9ponses, lorsque nous recueillerons les donn\u00e9es, nous pensons qu&#8217;il est fondamental d&#8217;\u00eatre ouvert. <strong>Partager les r\u00e9sultats<\/strong> avec vous. Et inviter des chercheurs de renomm\u00e9e mondiale \u00e0 approfondir la question. Plus nous serons nombreux \u00e0 \u00e9tudier ces changements g\u00e9n\u00e9tiques, plus nous pourrons <strong>vous apporter des<\/strong> connaissances.<\/p>\n<p>Ensemble, nous r\u00e9ussirons.<\/p>\n\n<h2>Il s&#8217;agit d&#8217;une rubrique H2<\/h2>\n<p>Lorem ipsum dolor sit amet, consectetur adipiscing elit. <a href=\"#\">Integer et ornare diam.<\/a> Quisque vel maximus dui. Morbi molestie ex diam, <em>tempor egestas mi ullamcorper vitae<\/em>. Nunc eu cursus sem. Pellentesque suscipit et arcu ac ullamcorper.<\/p>\n<ul>\n<li>Aenean elit diam, blandit in fermentum quis, venenatis ac massa.<\/li>\n<li>Vestibulum venenatis quam lorem, eu vehicula lacus dapibus a. Proin a massa facilisis, porta mauris eu, hendrerit ex.<\/li>\n<li>Praesent <strong>a vulputate risus<\/strong>, non elementum ante. Morbi finibus euismod malesuada. Nulla eu ante nec augue imperdiet posuere.<\/li>\n<li>Aenean elit diam, blandit in fermentum quis, <em>venenatis ac massa<\/em>. Vestibulum venenatis quam lorem, eu vehicula lacus dapibus a.<\/li>\n<\/ul>\n<h3>Il s&#8217;agit d&#8217;une rubrique H3<\/h3>\n<p>Vivamus eget libero a sapien fermentum eleifend nec a mi. Maecenas gravida, enim at dictum bibendum, neque enim mattis est, eu semper nibh ex eget erat.<\/p>\n<blockquote><p>Il s&#8217;agit d&#8217;une citation. Aliquam cursus justo non accumsan molestie. Fusce sit amet gravida lectus. Ujusto non accumsan molestie. Fusce sit amet gravida lectus.<\/p><\/blockquote>\n<p>Aliquam cursus justo non accumsan molestie. Fusce sit amet gravida lectus. Suspendisse euismod elit mi, ut sollicitudin mauris laoreet quis.<\/p>\n<ol>\n<li>Fusce sit amet gravida<\/li>\n<li>Vestibulum in sollicitudin lorem<\/li>\n<li>Donec congue nisl vitae lacus <a href=\"#\">aliquam consequat<\/a><\/li>\n<\/ol>\n<h4>Il s&#8217;agit d&#8217;une rubrique H4<\/h4>\n<p>Donec scelerisque a enim quis semper. Donec facilisis fringilla consectetur. Fusce consequat elit sed varius cursus. Vestibulum in sollicitudin lorem. Donec congue nisl vitae lacus aliquam consequat. Cras lobortis massa sed mauris venenatis sollicitudin.<\/p>\n","protected":false},"excerpt":{"rendered":"<p>Simons Searchlight s&#8217;efforce d&#8217;acc\u00e9l\u00e9rer la science g\u00e9n\u00e9tique de l&#8217;autisme et des troubles connexes. Nous voulons plus de r\u00e9ponses. Nous voulons plus de progr\u00e8s. Nous sommes un partenariat de scientifiques, de chercheurs et de familles de premier plan. Simons Searchlight estime que la seule fa\u00e7on de r\u00e9aliser des progr\u00e8s significatifs est de le faire ensemble. Les [&hellip;]<\/p>\n","protected":false},"author":18,"featured_media":0,"parent":0,"menu_order":0,"comment_status":"closed","ping_status":"closed","template":"","meta":{"_acf_changed":false,"_relevanssi_hide_post":"","_relevanssi_hide_content":"","_relevanssi_pin_for_all":"","_relevanssi_pin_keywords":"","_relevanssi_unpin_keywords":"","_relevanssi_related_keywords":"","_relevanssi_related_include_ids":"","_relevanssi_related_exclude_ids":"","_relevanssi_related_no_append":"","_relevanssi_related_not_related":"","_relevanssi_related_posts":"","_relevanssi_noindex_reason":"","footnotes":""},"acf":[],"_links":{"self":[{"href":"https:\/\/www.simonssearchlight.org\/fr\/wp-json\/wp\/v2\/pages\/37986"}],"collection":[{"href":"https:\/\/www.simonssearchlight.org\/fr\/wp-json\/wp\/v2\/pages"}],"about":[{"href":"https:\/\/www.simonssearchlight.org\/fr\/wp-json\/wp\/v2\/types\/page"}],"author":[{"embeddable":true,"href":"https:\/\/www.simonssearchlight.org\/fr\/wp-json\/wp\/v2\/users\/18"}],"replies":[{"embeddable":true,"href":"https:\/\/www.simonssearchlight.org\/fr\/wp-json\/wp\/v2\/comments?post=37986"}],"version-history":[{"count":1,"href":"https:\/\/www.simonssearchlight.org\/fr\/wp-json\/wp\/v2\/pages\/37986\/revisions"}],"predecessor-version":[{"id":37990,"href":"https:\/\/www.simonssearchlight.org\/fr\/wp-json\/wp\/v2\/pages\/37986\/revisions\/37990"}],"wp:attachment":[{"href":"https:\/\/www.simonssearchlight.org\/fr\/wp-json\/wp\/v2\/media?parent=37986"}],"curies":[{"name":"wp","href":"https:\/\/api.w.org\/{rel}","templated":true}]}}