{"id":37974,"date":"2018-05-02T12:24:46","date_gmt":"2018-05-02T16:24:46","guid":{"rendered":"https:\/\/www.simonssearchlight.org\/processus-de-recherche\/"},"modified":"2025-05-31T11:09:12","modified_gmt":"2025-05-31T15:09:12","slug":"processus-de-recherche","status":"publish","type":"page","link":"https:\/\/www.simonssearchlight.org\/fr\/processus-de-recherche\/","title":{"rendered":"Processus de recherche"},"content":{"rendered":"<p>&nbsp;<\/p>\n<p><img loading=\"lazy\" decoding=\"async\" class=\"alignnone wp-image-15211 size-large\" src=\"https:\/\/cdn.simonssearchlight.org\/wp-content\/uploads\/2023\/05\/18092354\/PEOPLE_women-girls-row-e1695215256929-1024x207.png\" alt=\"\" width=\"1024\" height=\"207\" srcset=\"https:\/\/cdn.simonssearchlight.org\/wp-content\/uploads\/2023\/05\/18092354\/PEOPLE_women-girls-row-e1695215256929-1024x207.png 1024w, https:\/\/cdn.simonssearchlight.org\/wp-content\/uploads\/2023\/05\/18092354\/PEOPLE_women-girls-row-e1695215256929-300x61.png 300w, https:\/\/cdn.simonssearchlight.org\/wp-content\/uploads\/2023\/05\/18092354\/PEOPLE_women-girls-row-e1695215256929-768x155.png 768w, https:\/\/cdn.simonssearchlight.org\/wp-content\/uploads\/2023\/05\/18092354\/PEOPLE_women-girls-row-e1695215256929-1536x311.png 1536w, https:\/\/cdn.simonssearchlight.org\/wp-content\/uploads\/2023\/05\/18092354\/PEOPLE_women-girls-row-e1695215256929-2048x414.png 2048w\" sizes=\"(max-width: 1024px) 100vw, 1024px\" \/><\/p>\n<div class=\"summary\">\n<h3 style=\"text-align: left;\"><strong>Rejoignez le programme de recherche Simons Searchlight<\/strong><\/h3>\n<p style=\"text-align: left;\">Pour participer \u00e0 Simons Searchlight, vous devez :<\/p>\n<ul style=\"text-align: left;\">\n<li style=\"font-weight: 400;\" aria-level=\"1\"><span style=\"font-weight: 400;\">Avoir un diagnostic g\u00e9n\u00e9tique confirm\u00e9 \u00e0 partir de notre <\/span><a href=\"https:\/\/www.simonssearchlight.org\/fr\/processus-de-recherche\/les-maladies-genetiques-que-nous-etudions\/\"><span style=\"font-weight: 400;\">liste des maladies g\u00e9n\u00e9tiques \u00e9ligibles<\/span><\/a><span style=\"font-weight: 400;\">.<\/span><\/li>\n<li style=\"font-weight: 400;\" aria-level=\"1\"><span style=\"font-weight: 400;\">Avoir une copie de votre rapport de laboratoire g\u00e9n\u00e9tique ou de celui de votre enfant ou de votre personne \u00e0 charge.<\/span><\/li>\n<li style=\"font-weight: 400;\" aria-level=\"1\"><span style=\"font-weight: 400;\">Pouvoir participer dans l&#8217;une des langues suivantes : anglais, n\u00e9erlandais, fran\u00e7ais, allemand, italien, portugais ou espagnol.<\/span><\/li>\n<\/ul>\n<p style=\"text-align: left;\">Si vous r\u00e9pondez \u00e0 ces trois crit\u00e8res, vous pouvez vous inscrire \u00e0 notre \u00e9tude en tant que participant et vous pouvez partager des informations par le biais d&#8217;enqu\u00eates en ligne et donner un \u00e9chantillon de sang facultatif. Veuillez poursuivre votre lecture pour en savoir plus sur les \u00e9tapes de la participation et sur la mani\u00e8re dont votre engagement peut contribuer \u00e0 faire progresser la compr\u00e9hension scientifique.<\/p>\n<p style=\"text-align: left;\"><span style=\"font-weight: 400;\">En outre, consultez la <\/span><a href=\"https:\/\/cdn.simonssearchlight.org\/wp-content\/uploads\/2021\/12\/14095927\/TO-USE_SL_Brochure-DIGITAL_Dec2021_v7b.pdf\"><span style=\"font-weight: 400;\">brochure d&#8217;\u00e9tude<\/span><\/a> <span style=\"font-weight: 400;\">pour obtenir un aper\u00e7u d\u00e9taill\u00e9 de Simons Searchlight et de la mani\u00e8re dont nous soutenons les familles et les chercheurs.<\/span><\/p>\n<p style=\"text-align: left;\"><em><span class=\"notranslate\">*Simons Searchlight est disponible en plusieurs langues : Si vous parlez une autre langue que l&#8217;anglais, <a href=\"https:\/\/www.simonssearchlight.org\/fr\/participer-dans-dautres-langues\/\" target=\"_blank\" rel=\"noopener\">cliquez ici pour en savoir plus<\/a> sur la mani\u00e8re dont vous pouvez participer dans la langue de votre choix.<\/span><\/em><\/p>\n<\/div>\n","protected":false},"excerpt":{"rendered":"<p>&nbsp; Rejoignez le programme de recherche Simons Searchlight Pour participer \u00e0 Simons Searchlight, vous devez : Avoir un diagnostic g\u00e9n\u00e9tique confirm\u00e9 \u00e0 partir de notre liste des maladies g\u00e9n\u00e9tiques \u00e9ligibles. Avoir une copie de votre rapport de laboratoire g\u00e9n\u00e9tique ou de celui de votre enfant ou de votre personne \u00e0 charge. Pouvoir participer dans l&#8217;une [&hellip;]<\/p>\n","protected":false},"author":18,"featured_media":0,"parent":0,"menu_order":3,"comment_status":"closed","ping_status":"closed","template":"page-process.php","meta":{"_acf_changed":false,"_relevanssi_hide_post":"","_relevanssi_hide_content":"","_relevanssi_pin_for_all":"","_relevanssi_pin_keywords":"","_relevanssi_unpin_keywords":"","_relevanssi_related_keywords":"","_relevanssi_related_include_ids":"","_relevanssi_related_exclude_ids":"","_relevanssi_related_no_append":"","_relevanssi_related_not_related":"","_relevanssi_related_posts":"","_relevanssi_noindex_reason":"","footnotes":""},"acf":[],"_links":{"self":[{"href":"https:\/\/www.simonssearchlight.org\/fr\/wp-json\/wp\/v2\/pages\/37974"}],"collection":[{"href":"https:\/\/www.simonssearchlight.org\/fr\/wp-json\/wp\/v2\/pages"}],"about":[{"href":"https:\/\/www.simonssearchlight.org\/fr\/wp-json\/wp\/v2\/types\/page"}],"author":[{"embeddable":true,"href":"https:\/\/www.simonssearchlight.org\/fr\/wp-json\/wp\/v2\/users\/18"}],"replies":[{"embeddable":true,"href":"https:\/\/www.simonssearchlight.org\/fr\/wp-json\/wp\/v2\/comments?post=37974"}],"version-history":[{"count":4,"href":"https:\/\/www.simonssearchlight.org\/fr\/wp-json\/wp\/v2\/pages\/37974\/revisions"}],"predecessor-version":[{"id":62566,"href":"https:\/\/www.simonssearchlight.org\/fr\/wp-json\/wp\/v2\/pages\/37974\/revisions\/62566"}],"wp:attachment":[{"href":"https:\/\/www.simonssearchlight.org\/fr\/wp-json\/wp\/v2\/media?parent=37974"}],"curies":[{"name":"wp","href":"https:\/\/api.w.org\/{rel}","templated":true}]}}