{"id":73597,"date":"2025-11-13T16:29:40","date_gmt":"2025-11-13T21:29:40","guid":{"rendered":"https:\/\/www.simonssearchlight.org\/15-anos-de-simons-searchlight-celebrando-las-familias-la-investigacion-y-el-progreso\/"},"modified":"2025-12-02T11:45:59","modified_gmt":"2025-12-02T16:45:59","slug":"15-anos-de-simons-searchlight-celebrando-las-familias-la-investigacion-y-el-progreso","status":"publish","type":"page","link":"https:\/\/www.simonssearchlight.org\/es\/15-anos-de-simons-searchlight-celebrando-las-familias-la-investigacion-y-el-progreso\/","title":{"rendered":"15 a\u00f1os de Simons Searchlight: Celebrando las familias, la investigaci\u00f3n y el progreso"},"content":{"rendered":"<h4><\/h4>\n<h4><img loading=\"lazy\" decoding=\"async\" class=\"alignnone wp-image-59301 size-large\" src=\"https:\/\/www.simonssearchlight.org\/wp-content\/uploads\/2025\/01\/Screenshot-2025-01-29-at-11.40.18%E2%80%AFAM-1024x548.png\" alt=\"\" width=\"1024\" height=\"548\" srcset=\"https:\/\/cdn.simonssearchlight.org\/wp-content\/uploads\/2025\/01\/29122637\/Screenshot-2025-01-29-at-11.40.18%E2%80%AFAM-1024x548.png 1024w, https:\/\/cdn.simonssearchlight.org\/wp-content\/uploads\/2025\/01\/29122637\/Screenshot-2025-01-29-at-11.40.18%E2%80%AFAM-300x160.png 300w, https:\/\/cdn.simonssearchlight.org\/wp-content\/uploads\/2025\/01\/29122637\/Screenshot-2025-01-29-at-11.40.18%E2%80%AFAM-768x411.png 768w, https:\/\/cdn.simonssearchlight.org\/wp-content\/uploads\/2025\/01\/29122637\/Screenshot-2025-01-29-at-11.40.18%E2%80%AFAM.png 1316w\" sizes=\"(max-width: 1024px) 100vw, 1024px\" \/><\/h4>\n<h4>En los \u00faltimos 15 a\u00f1os, <span class=\"notranslate\">Simons Searchlight<\/span>, un programa financiado y apoyado por la Fundaci\u00f3n Simons a trav\u00e9s de la Iniciativa de la Fundaci\u00f3n Simons para la Investigaci\u00f3n del Autismo (SFARI), ha pasado de ser un peque\u00f1o esfuerzo comunitario a convertirse en uno de los mayores registros internacionales del mundo de enfermedades gen\u00e9ticas raras del neurodesarrollo.<\/h4>\n<p><strong>Lo que empez\u00f3 en 2010 como un pu\u00f1ado de familias e investigadores se ha convertido en una vibrante comunidad de miles de personas de m\u00e1s de 90 pa\u00edses, que representan m\u00e1s de 184 enfermedades gen\u00e9ticas.<\/strong><\/p>\n<p>Al celebrar este aniversario, reflexionamos sobre 15 hitos clave que muestran lo lejos que hemos llegado juntos: desde nuestras primeras reuniones familiares y el lanzamiento de la participaci\u00f3n online hasta la ampliaci\u00f3n de la recogida de datos y las colaboraciones globales.<\/p>\n<p>Este viaje s\u00f3lo ha sido posible gracias a las familias, los grupos de defensa de los pacientes y los investigadores que siguen compartiendo su tiempo, sus historias y sus datos.<\/p>\n<h3><strong>Sigue leyendo mientras destacamos 15 momentos que han dado forma a <span class=\"notranslate\">Simons Searchlight<\/span>, y \u00fanete a nosotros para mirar hacia el pr\u00f3ximo cap\u00edtulo de descubrimientos<\/strong>.<\/h3>\n","protected":false},"excerpt":{"rendered":"<p>En los \u00faltimos 15 a\u00f1os, Simons Searchlight, un programa financiado y apoyado por la Fundaci\u00f3n Simons a trav\u00e9s de la Iniciativa de la Fundaci\u00f3n Simons para la Investigaci\u00f3n del Autismo (SFARI), ha pasado de ser un peque\u00f1o esfuerzo comunitario a convertirse en uno de los mayores registros internacionales del mundo de enfermedades gen\u00e9ticas raras del [&hellip;]<\/p>\n","protected":false},"author":18,"featured_media":0,"parent":0,"menu_order":0,"comment_status":"closed","ping_status":"closed","template":"","meta":{"_acf_changed":false,"_relevanssi_hide_post":"","_relevanssi_hide_content":"","_relevanssi_pin_for_all":"","_relevanssi_pin_keywords":"","_relevanssi_unpin_keywords":"","_relevanssi_related_keywords":"","_relevanssi_related_include_ids":"","_relevanssi_related_exclude_ids":"","_relevanssi_related_no_append":"","_relevanssi_related_not_related":"","_relevanssi_related_posts":"","_relevanssi_noindex_reason":"","footnotes":""},"acf":[],"_links":{"self":[{"href":"https:\/\/www.simonssearchlight.org\/es\/wp-json\/wp\/v2\/pages\/73597"}],"collection":[{"href":"https:\/\/www.simonssearchlight.org\/es\/wp-json\/wp\/v2\/pages"}],"about":[{"href":"https:\/\/www.simonssearchlight.org\/es\/wp-json\/wp\/v2\/types\/page"}],"author":[{"embeddable":true,"href":"https:\/\/www.simonssearchlight.org\/es\/wp-json\/wp\/v2\/users\/18"}],"replies":[{"embeddable":true,"href":"https:\/\/www.simonssearchlight.org\/es\/wp-json\/wp\/v2\/comments?post=73597"}],"version-history":[{"count":3,"href":"https:\/\/www.simonssearchlight.org\/es\/wp-json\/wp\/v2\/pages\/73597\/revisions"}],"predecessor-version":[{"id":74295,"href":"https:\/\/www.simonssearchlight.org\/es\/wp-json\/wp\/v2\/pages\/73597\/revisions\/74295"}],"wp:attachment":[{"href":"https:\/\/www.simonssearchlight.org\/es\/wp-json\/wp\/v2\/media?parent=73597"}],"curies":[{"name":"wp","href":"https:\/\/api.w.org\/{rel}","templated":true}]}}