{"id":65039,"date":"2025-11-04T09:47:53","date_gmt":"2025-11-04T14:47:53","guid":{"rendered":"https:\/\/www.simonssearchlight.org\/una-guia-para-la-familia-comprender-los-diagnosticos-geneticos-y-clinicos\/"},"modified":"2025-11-24T12:45:35","modified_gmt":"2025-11-24T17:45:35","slug":"una-guia-para-la-familia-comprender-los-diagnosticos-geneticos-y-clinicos","status":"publish","type":"page","link":"https:\/\/www.simonssearchlight.org\/es\/una-guia-para-la-familia-comprender-los-diagnosticos-geneticos-y-clinicos\/","title":{"rendered":"Una gu\u00eda para la familia: Comprender los diagn\u00f3sticos gen\u00e9ticos y cl\u00ednicos"},"content":{"rendered":"<p>&nbsp;<\/p>\n<p><img loading=\"lazy\" decoding=\"async\" class=\"alignnone wp-image-66315 \" src=\"https:\/\/cdn.simonssearchlight.org\/wp-content\/uploads\/2025\/11\/05044441\/FamilyGuide_graphics-09.svg\" alt=\"\" width=\"392\" height=\"392\"><\/p>\n<p>Escrito para las familias por los asesores gen\u00e9ticos de <span class=\"notranslate\">Simons Searchlight<\/span><br \/>\n<em>Misia Kowanda, Emily Palen, Elisheva Dubin y Jamie Lundy<\/em><\/p>\n<h2><\/h2>\n<h2><b>Introducci\u00f3n: Por qu\u00e9 importan los diagn\u00f3sticos<\/b><\/h2>\n<p>Cuando tu hijo recibe un diagn\u00f3stico, ya sea un retraso del desarrollo, autismo, epilepsia o una enfermedad gen\u00e9tica rara, es natural que tengas preguntas. Las familias suelen plantearse preguntas como <\/p>\n<ul>\n<li style=\"font-weight: 400;\" aria-level=\"1\">\u00bfEl problema m\u00e9dico de mi hijo est\u00e1 causado por su variante gen\u00e9tica?<\/li>\n<li style=\"font-weight: 400;\" aria-level=\"1\">Si mi hijo tiene una enfermedad gen\u00e9tica, \u00bfeso lo explica todo sobre su salud?<\/li>\n<li style=\"font-weight: 400;\" aria-level=\"1\">\u00bfPor qu\u00e9 var\u00edan tanto los s\u00edntomas, incluso entre personas con el mismo diagn\u00f3stico gen\u00e9tico?<\/li>\n<li style=\"font-weight: 400;\" aria-level=\"1\">\u00bfMi hijo sigue \u00abteniendo\u00bb autismo si lo ha causado una enfermedad gen\u00e9tica?<\/li>\n<\/ul>\n<h3><img loading=\"lazy\" decoding=\"async\" class=\"wp-image-66231 alignleft\" src=\"https:\/\/cdn.simonssearchlight.org\/wp-content\/uploads\/2025\/11\/05044424\/FamilyGuide_graphics-41.svg\" alt=\"\" width=\"93\" height=\"93\"><\/h3>\n<p><strong>Esta gu\u00eda te ayudar\u00e1 a describir la diferencia entre un diagn\u00f3stico gen\u00e9tico y un diagn\u00f3stico cl\u00ednico, c\u00f3mo se utilizan juntos y lo que eso significa para ti o para tu hijo.<\/strong><\/p>\n<p><strong><a href=\"https:\/\/cdn.simonssearchlight.org\/wp-content\/uploads\/2025\/11\/05045128\/Simons-Searchlight-Family-Guide-Understanding-Genetic-and-Clinical-Diagnoses.pdf\" target=\"_blank\" rel=\"noopener\">Descargar esta gu\u00eda en PDF<\/a><\/strong><\/p>\n","protected":false},"excerpt":{"rendered":"<p>&nbsp; Escrito para las familias por los asesores gen\u00e9ticos de Simons Searchlight Misia Kowanda, Emily Palen, Elisheva Dubin y Jamie Lundy Introducci\u00f3n: Por qu\u00e9 importan los diagn\u00f3sticos Cuando tu hijo recibe un diagn\u00f3stico, ya sea un retraso del desarrollo, autismo, epilepsia o una enfermedad gen\u00e9tica rara, es natural que tengas preguntas. Las familias suelen plantearse [&hellip;]<\/p>\n","protected":false},"author":18,"featured_media":66356,"parent":0,"menu_order":0,"comment_status":"closed","ping_status":"closed","template":"","meta":{"_acf_changed":false,"_relevanssi_hide_post":"","_relevanssi_hide_content":"","_relevanssi_pin_for_all":"","_relevanssi_pin_keywords":"","_relevanssi_unpin_keywords":"","_relevanssi_related_keywords":"","_relevanssi_related_include_ids":"","_relevanssi_related_exclude_ids":"","_relevanssi_related_no_append":"","_relevanssi_related_not_related":"","_relevanssi_related_posts":"","_relevanssi_noindex_reason":"","footnotes":""},"acf":[],"_links":{"self":[{"href":"https:\/\/www.simonssearchlight.org\/es\/wp-json\/wp\/v2\/pages\/65039"}],"collection":[{"href":"https:\/\/www.simonssearchlight.org\/es\/wp-json\/wp\/v2\/pages"}],"about":[{"href":"https:\/\/www.simonssearchlight.org\/es\/wp-json\/wp\/v2\/types\/page"}],"author":[{"embeddable":true,"href":"https:\/\/www.simonssearchlight.org\/es\/wp-json\/wp\/v2\/users\/18"}],"replies":[{"embeddable":true,"href":"https:\/\/www.simonssearchlight.org\/es\/wp-json\/wp\/v2\/comments?post=65039"}],"version-history":[{"count":11,"href":"https:\/\/www.simonssearchlight.org\/es\/wp-json\/wp\/v2\/pages\/65039\/revisions"}],"predecessor-version":[{"id":73711,"href":"https:\/\/www.simonssearchlight.org\/es\/wp-json\/wp\/v2\/pages\/65039\/revisions\/73711"}],"wp:featuredmedia":[{"embeddable":true,"href":"https:\/\/www.simonssearchlight.org\/es\/wp-json\/wp\/v2\/media\/66356"}],"wp:attachment":[{"href":"https:\/\/www.simonssearchlight.org\/es\/wp-json\/wp\/v2\/media?parent=65039"}],"curies":[{"name":"wp","href":"https:\/\/api.w.org\/{rel}","templated":true}]}}