{"id":62475,"date":"2025-05-22T15:34:43","date_gmt":"2025-05-22T19:34:43","guid":{"rendered":"https:\/\/www.simonssearchlight.org\/por-que-afiliarse-v2\/"},"modified":"2025-12-02T11:55:11","modified_gmt":"2025-12-02T16:55:11","slug":"por-que-afiliarse-v2","status":"publish","type":"page","link":"https:\/\/www.simonssearchlight.org\/es\/por-que-afiliarse-v2\/","title":{"rendered":"\u00bfPor qu\u00e9 unirse a Simons Searchlight?"},"content":{"rendered":"<h2><strong>Ayuda a acelerar la investigaci\u00f3n de los trastornos gen\u00e9ticos raros del neurodesarrollo.<\/strong><\/h2>\n<h4><span class=\"notranslate\">Simons Searchlight<\/span> es un programa de investigaci\u00f3n en l\u00ednea de m\u00e1s de 184 enfermedades raras. Los investigadores cualificados pueden utilizar esta base de datos para ayudar a avanzar en el conocimiento y desarrollar mejores terapias. <\/h4>\n<p><img loading=\"lazy\" decoding=\"async\" class=\"aligncenter wp-image-62539 size-large\" src=\"https:\/\/www.simonssearchlight.org\/wp-content\/uploads\/2025\/05\/WhyJoin-fam-round1.2-e1748630949833-1024x936.png\" alt=\"\" width=\"1024\" height=\"936\" srcset=\"https:\/\/www.simonssearchlight.org\/wp-content\/uploads\/2025\/05\/WhyJoin-fam-round1.2-e1748630949833-1024x936.png 1024w, https:\/\/www.simonssearchlight.org\/wp-content\/uploads\/2025\/05\/WhyJoin-fam-round1.2-e1748630949833-300x274.png 300w, https:\/\/www.simonssearchlight.org\/wp-content\/uploads\/2025\/05\/WhyJoin-fam-round1.2-e1748630949833-768x702.png 768w, https:\/\/www.simonssearchlight.org\/wp-content\/uploads\/2025\/05\/WhyJoin-fam-round1.2-e1748630949833-1536x1404.png 1536w\" sizes=\"(max-width: 1024px) 100vw, 1024px\" \/><\/p>\n<h2>He aqu\u00ed c\u00f3mo tu familia puede marcar la diferencia.<\/h2>\n<p><span class=\"notranslate\">Simons Searchlight<\/span> colabora con familias, investigadores y comunidades de defensa del paciente de todo el mundo para comprender mejor las enfermedades gen\u00e9ticas raras.<\/p>\n<p>Nuestra misi\u00f3n es acelerar la investigaci\u00f3n recopilando datos de historia natural normalizados y de alta calidad, y proporcionando recursos \u00fatiles a lo largo del camino.  <strong>La contribuci\u00f3n de cada familia es importante, y nos comprometemos a hacer que tu participaci\u00f3n sea significativa.<\/strong><\/p>\n","protected":false},"excerpt":{"rendered":"<p>Ayuda a acelerar la investigaci\u00f3n de los trastornos gen\u00e9ticos raros del neurodesarrollo. Simons Searchlight es un programa de investigaci\u00f3n en l\u00ednea de m\u00e1s de 184 enfermedades raras. Los investigadores cualificados pueden utilizar esta base de datos para ayudar a avanzar en el conocimiento y desarrollar mejores terapias. He aqu\u00ed c\u00f3mo tu familia puede marcar la [&hellip;]<\/p>\n","protected":false},"author":18,"featured_media":0,"parent":0,"menu_order":0,"comment_status":"closed","ping_status":"closed","template":"","meta":{"_acf_changed":false,"_relevanssi_hide_post":"","_relevanssi_hide_content":"","_relevanssi_pin_for_all":"","_relevanssi_pin_keywords":"","_relevanssi_unpin_keywords":"","_relevanssi_related_keywords":"","_relevanssi_related_include_ids":"","_relevanssi_related_exclude_ids":"","_relevanssi_related_no_append":"","_relevanssi_related_not_related":"","_relevanssi_related_posts":"","_relevanssi_noindex_reason":"","footnotes":""},"acf":[],"_links":{"self":[{"href":"https:\/\/www.simonssearchlight.org\/es\/wp-json\/wp\/v2\/pages\/62475"}],"collection":[{"href":"https:\/\/www.simonssearchlight.org\/es\/wp-json\/wp\/v2\/pages"}],"about":[{"href":"https:\/\/www.simonssearchlight.org\/es\/wp-json\/wp\/v2\/types\/page"}],"author":[{"embeddable":true,"href":"https:\/\/www.simonssearchlight.org\/es\/wp-json\/wp\/v2\/users\/18"}],"replies":[{"embeddable":true,"href":"https:\/\/www.simonssearchlight.org\/es\/wp-json\/wp\/v2\/comments?post=62475"}],"version-history":[{"count":12,"href":"https:\/\/www.simonssearchlight.org\/es\/wp-json\/wp\/v2\/pages\/62475\/revisions"}],"predecessor-version":[{"id":74302,"href":"https:\/\/www.simonssearchlight.org\/es\/wp-json\/wp\/v2\/pages\/62475\/revisions\/74302"}],"wp:attachment":[{"href":"https:\/\/www.simonssearchlight.org\/es\/wp-json\/wp\/v2\/media?parent=62475"}],"curies":[{"name":"wp","href":"https:\/\/api.w.org\/{rel}","templated":true}]}}