{"id":57355,"date":"2024-12-02T13:57:11","date_gmt":"2024-12-02T18:57:11","guid":{"rendered":"https:\/\/www.simonssearchlight.org\/57355-2\/"},"modified":"2025-11-13T09:42:36","modified_gmt":"2025-11-13T14:42:36","slug":"57355-2","status":"publish","type":"page","link":"https:\/\/www.simonssearchlight.org\/es\/57355-2\/","title":{"rendered":""},"content":{"rendered":"<h1 data-renderer-start-pos=\"56\"><img loading=\"lazy\" decoding=\"async\" class=\"alignnone size-full wp-image-57343\" src=\"https:\/\/cdn.simonssearchlight.org\/wp-content\/uploads\/2024\/12\/02085624\/Searchlight-Banner-Image.png\" alt=\"\" width=\"2048\" height=\"353\" srcset=\"https:\/\/cdn.simonssearchlight.org\/wp-content\/uploads\/2024\/12\/02085624\/Searchlight-Banner-Image.png 2048w, https:\/\/cdn.simonssearchlight.org\/wp-content\/uploads\/2024\/12\/02085624\/Searchlight-Banner-Image-300x52.png 300w, https:\/\/cdn.simonssearchlight.org\/wp-content\/uploads\/2024\/12\/02085624\/Searchlight-Banner-Image-1024x177.png 1024w, https:\/\/cdn.simonssearchlight.org\/wp-content\/uploads\/2024\/12\/02085624\/Searchlight-Banner-Image-768x132.png 768w, https:\/\/cdn.simonssearchlight.org\/wp-content\/uploads\/2024\/12\/02085624\/Searchlight-Banner-Image-1536x265.png 1536w\" sizes=\"(max-width: 2048px) 100vw, 2048px\" \/><\/h1>\n<h1 data-renderer-start-pos=\"56\">Gracias por suscribirte a <span class=\"notranslate\">Simons Searchlight<\/span><\/h1>\n<h4 data-renderer-start-pos=\"106\">Tu bandeja de entrada se acaba de volver un poco m\u00e1s interesante. Juntos, estamos aumentando la concienciaci\u00f3n sobre los trastornos gen\u00e9ticos raros del neurodesarrollo, fortaleciendo a las familias y acelerando la investigaci\u00f3n innovadora. <\/h4>\n<h3 data-renderer-start-pos=\"106\"><a href=\"https:\/\/www.simonssearchlight.org\/es\/\" target=\"_blank\" rel=\"noopener\">Volver al inicio<\/a><\/h3>\n","protected":false},"excerpt":{"rendered":"<p>Gracias por suscribirte a Simons Searchlight Tu bandeja de entrada se acaba de volver un poco m\u00e1s interesante. Juntos, estamos aumentando la concienciaci\u00f3n sobre los trastornos gen\u00e9ticos raros del neurodesarrollo, fortaleciendo a las familias y acelerando la investigaci\u00f3n innovadora. Volver al inicio<\/p>\n","protected":false},"author":18,"featured_media":0,"parent":0,"menu_order":0,"comment_status":"closed","ping_status":"closed","template":"","meta":{"_acf_changed":false,"_relevanssi_hide_post":"","_relevanssi_hide_content":"","_relevanssi_pin_for_all":"","_relevanssi_pin_keywords":"","_relevanssi_unpin_keywords":"","_relevanssi_related_keywords":"","_relevanssi_related_include_ids":"","_relevanssi_related_exclude_ids":"","_relevanssi_related_no_append":"","_relevanssi_related_not_related":"","_relevanssi_related_posts":"","_relevanssi_noindex_reason":"","footnotes":""},"acf":[],"_links":{"self":[{"href":"https:\/\/www.simonssearchlight.org\/es\/wp-json\/wp\/v2\/pages\/57355"}],"collection":[{"href":"https:\/\/www.simonssearchlight.org\/es\/wp-json\/wp\/v2\/pages"}],"about":[{"href":"https:\/\/www.simonssearchlight.org\/es\/wp-json\/wp\/v2\/types\/page"}],"author":[{"embeddable":true,"href":"https:\/\/www.simonssearchlight.org\/es\/wp-json\/wp\/v2\/users\/18"}],"replies":[{"embeddable":true,"href":"https:\/\/www.simonssearchlight.org\/es\/wp-json\/wp\/v2\/comments?post=57355"}],"version-history":[{"count":1,"href":"https:\/\/www.simonssearchlight.org\/es\/wp-json\/wp\/v2\/pages\/57355\/revisions"}],"predecessor-version":[{"id":60168,"href":"https:\/\/www.simonssearchlight.org\/es\/wp-json\/wp\/v2\/pages\/57355\/revisions\/60168"}],"wp:attachment":[{"href":"https:\/\/www.simonssearchlight.org\/es\/wp-json\/wp\/v2\/media?parent=57355"}],"curies":[{"name":"wp","href":"https:\/\/api.w.org\/{rel}","templated":true}]}}