{"id":19295,"date":"2019-08-06T09:50:09","date_gmt":"2019-08-06T13:50:09","guid":{"rendered":"https:\/\/www.simonssearchlight.org\/comparta-su-historia-historias-anonimas\/historia-anonima-no-7\/"},"modified":"2023-10-18T11:41:35","modified_gmt":"2023-10-18T15:41:35","slug":"historia-anonima-no-7","status":"publish","type":"page","link":"https:\/\/www.simonssearchlight.org\/es\/comparta-su-historia-historias-anonimas\/historia-anonima-no-7\/","title":{"rendered":"Historia an\u00f3nima n\u00ba 7"},"content":{"rendered":"<h3 style=\"text-align: center;\">Por: El padre o la madre de un ni\u00f1o con una alteraci\u00f3n gen\u00e9tica<\/h3>\n<p style=\"padding-left: 30px; text-align: center;\"><em>\u00abQui\u00e9relos y ay\u00fadales como puedas\u00bb.<\/em><\/p>\n<h3>\u00bfC\u00f3mo es la relaci\u00f3n de su hijo con sus hermanos?<\/h3>\n<p>Indiferente, pero cada vez m\u00e1s cerca. Tienen una diferencia de edad de 5 a\u00f1os.<\/p>\n<h3>\u00bfQu\u00e9 hace su familia para divertirse?<\/h3>\n<p>Nataci\u00f3n, paseos, zoo.<\/p>\n<h3>H\u00e1blenos de la mayor dificultad a la que se enfrenta su familia.<\/h3>\n<p>Compaginar su terapia con el trabajo e intentar sacar tiempo para mi otro hijo.<\/p>\n<h3>\u00bfQu\u00e9 le hace sonre\u00edr su hijo?<\/h3>\n<p>Su sonrisa. Siempre ha sido un beb\u00e9 feliz.<\/p>\n<h3>\u00bfQu\u00e9 le motiva a participar en la investigaci\u00f3n?<\/h3>\n<p>No se sabe mucho sobre su particular cambio gen\u00e9tico, as\u00ed que quiero formar parte de los nuevos conocimientos lo antes posible para ayudarle a alcanzar todo su potencial.<\/p>\n<h3>\u00bfC\u00f3mo cree que est\u00e1 influyendo en nuestra comprensi\u00f3n de los cambios gen\u00e9ticos que se estudian en <span class=\"notranslate\">Simons Searchlight<\/span> (16p11.2, 1q21.1 o cambios en un solo gen)?<\/h3>\n<p>No estoy seguro de hacerlo.<\/p>\n<h3>\u00bfQu\u00e9 ha aprendido de otras familias sobre la enfermedad de su hijo?<\/h3>\n<p>Todav\u00eda nada. Parece dif\u00edcil encontrar otras familias<\/p>\n<h3>Si pudiera dar un consejo a alguien a quien le hayan diagnosticado recientemente el cambio gen\u00e9tico en su familia, \u00bfcu\u00e1l ser\u00eda?<\/h3>\n<p>Qui\u00e9relos y ay\u00fadales en todo lo que puedas.<\/p>\n<h3>\u00bfQu\u00e9 pregunta le gustar\u00eda que los investigadores pudieran responder sobre el cambio gen\u00e9tico de su hijo?<\/h3>\n<p>No estoy seguro.<\/p>\n","protected":false},"excerpt":{"rendered":"<p>Por: El padre o la madre de un ni\u00f1o con una alteraci\u00f3n gen\u00e9tica \u00abQui\u00e9relos y ay\u00fadales como puedas\u00bb. \u00bfC\u00f3mo es la relaci\u00f3n de su hijo con sus hermanos? Indiferente, pero cada vez m\u00e1s cerca. Tienen una diferencia de edad de 5 a\u00f1os. \u00bfQu\u00e9 hace su familia para divertirse? Nataci\u00f3n, paseos, zoo. H\u00e1blenos de la mayor [&hellip;]<\/p>\n","protected":false},"author":13,"featured_media":0,"parent":18587,"menu_order":0,"comment_status":"closed","ping_status":"closed","template":"","meta":{"_acf_changed":false,"_relevanssi_hide_post":"","_relevanssi_hide_content":"","_relevanssi_pin_for_all":"","_relevanssi_pin_keywords":"","_relevanssi_unpin_keywords":"","_relevanssi_related_keywords":"","_relevanssi_related_include_ids":"","_relevanssi_related_exclude_ids":"","_relevanssi_related_no_append":"","_relevanssi_related_not_related":"","_relevanssi_related_posts":"","_relevanssi_noindex_reason":"","footnotes":""},"acf":[],"_links":{"self":[{"href":"https:\/\/www.simonssearchlight.org\/es\/wp-json\/wp\/v2\/pages\/19295"}],"collection":[{"href":"https:\/\/www.simonssearchlight.org\/es\/wp-json\/wp\/v2\/pages"}],"about":[{"href":"https:\/\/www.simonssearchlight.org\/es\/wp-json\/wp\/v2\/types\/page"}],"author":[{"embeddable":true,"href":"https:\/\/www.simonssearchlight.org\/es\/wp-json\/wp\/v2\/users\/13"}],"replies":[{"embeddable":true,"href":"https:\/\/www.simonssearchlight.org\/es\/wp-json\/wp\/v2\/comments?post=19295"}],"version-history":[{"count":1,"href":"https:\/\/www.simonssearchlight.org\/es\/wp-json\/wp\/v2\/pages\/19295\/revisions"}],"predecessor-version":[{"id":19297,"href":"https:\/\/www.simonssearchlight.org\/es\/wp-json\/wp\/v2\/pages\/19295\/revisions\/19297"}],"up":[{"embeddable":true,"href":"https:\/\/www.simonssearchlight.org\/es\/wp-json\/wp\/v2\/pages\/18587"}],"wp:attachment":[{"href":"https:\/\/www.simonssearchlight.org\/es\/wp-json\/wp\/v2\/media?parent=19295"}],"curies":[{"name":"wp","href":"https:\/\/api.w.org\/{rel}","templated":true}]}}